{"id":18412,"date":"2023-01-11T13:17:24","date_gmt":"2023-01-11T12:17:24","guid":{"rendered":"https:\/\/esportsplayerfoundation.org\/partner-aus-politik\/"},"modified":"2025-09-04T11:58:38","modified_gmt":"2025-09-04T09:58:38","slug":"partner-aus-politik","status":"publish","type":"page","link":"https:\/\/esportsplayerfoundation.org\/en\/partner-aus-politik\/","title":{"rendered":"Partners from politics"},"content":{"rendered":"\t\t<div data-elementor-type=\"wp-page\" data-elementor-id=\"18412\" class=\"elementor elementor-18412 elementor-2349\" data-elementor-post-type=\"page\">\n\t\t\t\t\t\t<section class=\"elementor-section elementor-top-section elementor-element elementor-element-4ec8168 elementor-section-boxed elementor-section-height-default elementor-section-height-default\" data-id=\"4ec8168\" data-element_type=\"section\" data-e-type=\"section\">\n\t\t\t\t\t\t<div class=\"elementor-container elementor-column-gap-default\">\n\t\t\t\t\t<div class=\"elementor-column elementor-col-100 elementor-top-column elementor-element elementor-element-e4abbab\" data-id=\"e4abbab\" data-element_type=\"column\" data-e-type=\"column\">\n\t\t\t<div class=\"elementor-widget-wrap elementor-element-populated\">\n\t\t\t\t\t\t<div class=\"elementor-element elementor-element-502f347 elementor-widget elementor-widget-text-editor\" data-id=\"502f347\" data-element_type=\"widget\" data-e-type=\"widget\" data-widget_type=\"text-editor.default\">\n\t\t\t\t<div class=\"elementor-widget-container\">\n\t\t\t\t\t\t\t\t\t<h2 style=\"margin-bottom: var(--the7-h2-spacing); color: #333333; font-style: normal; font-variant-ligatures: normal; font-variant-caps: normal; font-family: RidleyGrotesk, Helvetica, Arial, Verdana, sans-serif; text-transform: none; letter-spacing: normal; word-spacing: 0px; text-decoration-thickness: initial; text-decoration-style: initial; text-decoration-color: initial;\">We would like to thank our political partners<\/h2>\t\t\t\t\t\t\t\t<\/div>\n\t\t\t\t<\/div>\n\t\t\t\t\t<\/div>\n\t\t<\/div>\n\t\t\t\t\t<\/div>\n\t\t<\/section>\n\t\t\t\t<section class=\"elementor-section elementor-top-section elementor-element elementor-element-0b3f56e elementor-section-boxed elementor-section-height-default elementor-section-height-default\" data-id=\"0b3f56e\" data-element_type=\"section\" data-e-type=\"section\">\n\t\t\t\t\t\t<div class=\"elementor-container elementor-column-gap-default\">\n\t\t\t\t\t<div class=\"elementor-column elementor-col-100 elementor-top-column elementor-element elementor-element-0ef5da9\" data-id=\"0ef5da9\" data-element_type=\"column\" data-e-type=\"column\">\n\t\t\t<div class=\"elementor-widget-wrap elementor-element-populated\">\n\t\t\t\t\t\t<div class=\"elementor-element elementor-element-18201b7 elementor-widget elementor-widget-the7_elements\" data-id=\"18201b7\" data-element_type=\"widget\" data-e-type=\"widget\" data-widget_type=\"the7_elements.default\">\n\t\t\t\t<div class=\"elementor-widget-container\">\n\t\t\t\t\t<div class=\"portfolio-shortcode the7-elementor-widget the7_elements-18201b7 mode-masonry classic-layout-list description-under-image meta-info-off content-bg-on resize-by-browser-width loading-effect-none jquery-filter\" data-padding=\"15px\" data-mobile-columns-num=\"1\" data-tablet-columns-num=\"2\" data-desktop-columns-num=\"3\" data-wide-desktop-columns-num=\"3\" data-post-limit=\"-1\" data-pagination-mode=\"none\" data-scroll-offset=\"\" aria-live=\"assertive\"><div class=\"iso-container dt-isotope custom-iso-columns\"><div class=\"visible wf-cell iso-item\" data-post-id=\"18411\" data-date=\"2025-09-04T11:55:01+02:00\" data-name=\"Senate Department for Economics, Energy and Public Enterprises - Esports Team Berlin\"><article class=\"post visible post-18411 partner type-partner status-publish has-post-thumbnail hentry partner_types-partner-aus-politik description-off\" data-name=\"Senate Department for Economics, Energy and Public Enterprises &#8211; Esports Team Berlin\" data-date=\"2025-09-04T11:55:01+02:00\">\n\n\t<div class=\"post-thumbnail-wrap\">\n\t\t<div class=\"post-thumbnail\">\n\n\t\t\t<div class=\"post-thumbnail-rollover layzr-bg img-css-resize-wrapper not-clickable-item\" aria-label=\"Post image\"><img fetchpriority=\"high\" decoding=\"async\" width=\"1772\" height=\"1182\" src=\"data:image\/svg+xml,%3Csvg%20xmlns%3D&#039;http%3A%2F%2Fwww.w3.org%2F2000%2Fsvg&#039;%20viewBox%3D&#039;0%200%201772%201182&#039;%2F%3E\" class=\"attachment-full size-full preload-me aspect lazy lazy-load\" alt=\"B_SEN_WiEnBe_Logo_DE_V_PT_RGB\" sizes=\"(max-width: 1772px) 100vw, 1772px\" style=\"--ratio: 1772 \/ 1182;\" data-src=\"https:\/\/esportsplayerfoundation.org\/wp-content\/uploads\/2025\/09\/B_SEN_WiEnBe_Logo_DE_V_PT_RGB.png\" loading=\"eager\" data-srcset=\"https:\/\/esportsplayerfoundation.org\/wp-content\/uploads\/2025\/09\/B_SEN_WiEnBe_Logo_DE_V_PT_RGB.png 1772w, https:\/\/esportsplayerfoundation.org\/wp-content\/uploads\/2025\/09\/B_SEN_WiEnBe_Logo_DE_V_PT_RGB-300x200.png 300w, https:\/\/esportsplayerfoundation.org\/wp-content\/uploads\/2025\/09\/B_SEN_WiEnBe_Logo_DE_V_PT_RGB-1024x683.png 1024w, https:\/\/esportsplayerfoundation.org\/wp-content\/uploads\/2025\/09\/B_SEN_WiEnBe_Logo_DE_V_PT_RGB-768x512.png 768w, https:\/\/esportsplayerfoundation.org\/wp-content\/uploads\/2025\/09\/B_SEN_WiEnBe_Logo_DE_V_PT_RGB-1536x1025.png 1536w\" \/><\/div>\n\t\t<\/div>\n\t<\/div>\n\n\n<div class=\"post-entry-content\">\n\n\t<div class=\"entry-excerpt\"><p>By supporting the Esports Team Berlin, the Senate Department for Economics, Energy and Public Enterprises is sending out a strong signal for securing talent and developing the location for digital sports. Together with the esports player foundation, the state of Berlin is specifically supporting young gaming talents on their path to professional esports &#8211; holistically, sustainably and as role models. <\/p>\n<p>The project combines the promotion of sporting excellence with educational and career opportunities and makes it clear that Berlin is investing in the next generation of digital excellence.<\/p>\n<\/div>\n<\/div><\/article><\/div><div class=\"visible wf-cell iso-item\" data-post-id=\"18415\" data-date=\"2023-02-02T16:26:57+01:00\" data-name=\"The Federal Ministry for Research, Technology and Space\"><article class=\"post visible post-18415 partner type-partner status-publish has-post-thumbnail hentry partner_types-partner-aus-politik description-off\" data-name=\"The Federal Ministry for Research, Technology and Space\" data-date=\"2023-02-02T16:26:57+01:00\">\n\n\t<div class=\"post-thumbnail-wrap\">\n\t\t<div class=\"post-thumbnail\">\n\n\t\t\t<div class=\"post-thumbnail-rollover layzr-bg img-css-resize-wrapper not-clickable-item\" aria-label=\"Post image\"><img decoding=\"async\" width=\"69\" height=\"38\" src=\"data:image\/svg+xml,%3Csvg%20xmlns%3D&#039;http%3A%2F%2Fwww.w3.org%2F2000%2Fsvg&#039;%20viewBox%3D&#039;0%200%2069%2038&#039;%2F%3E\" class=\"attachment-full size-full preload-me aspect the7-svg-image lazy lazy-load\" alt=\"\" style=\"--ratio: 69 \/ 38;\" data-src=\"https:\/\/esportsplayerfoundation.org\/wp-content\/uploads\/2023\/02\/BMFTR_-_Logo_en.svg\" loading=\"eager\" \/><\/div>\n\t\t<\/div>\n\t<\/div>\n\n\n<div class=\"post-entry-content\">\n\n\t<div class=\"entry-excerpt\"><p>The Federal Ministry for Research, Technology and Space plays an important role in advancing esports in Germany. As a driving force for innovation, technological excellence, and digital future-oriented initiatives, the ministry supports framework conditions that foster the professionalization and sustainable growth of Germany\u2019s esports and gaming ecosystem. While the ministry does not act as a financial partner of the esports player foundation, its support highlights the growing recognition of esports as a key intersection of technology, innovation, and digital high performance. In doing so, it sends a strong signal for Germany\u2019s future competitiveness on the international stage.<\/p>\n<\/div>\n<\/div><\/article><\/div><div class=\"visible wf-cell iso-item\" data-post-id=\"3870\" data-date=\"2023-01-25T00:15:58+01:00\" data-name=\"State of North Rhine-Westphalia\"><article class=\"post visible post-3870 partner type-partner status-publish has-post-thumbnail hentry partner_types-partner-aus-politik description-off\" data-name=\"State of North Rhine-Westphalia\" data-date=\"2023-01-25T00:15:58+01:00\">\n\n\t<div class=\"post-thumbnail-wrap\">\n\t\t<div class=\"post-thumbnail\">\n\n\t\t\t<div class=\"post-thumbnail-rollover layzr-bg img-css-resize-wrapper not-clickable-item\" aria-label=\"Post image\"><img decoding=\"async\" width=\"2000\" height=\"678\" src=\"data:image\/svg+xml,%3Csvg%20xmlns%3D&#039;http%3A%2F%2Fwww.w3.org%2F2000%2Fsvg&#039;%20viewBox%3D&#039;0%200%202000%20678&#039;%2F%3E\" class=\"attachment-full size-full preload-me aspect lazy lazy-load\" alt=\"\" sizes=\"(max-width: 2000px) 100vw, 2000px\" style=\"--ratio: 2000 \/ 678;\" data-src=\"https:\/\/esportsplayerfoundation.org\/wp-content\/uploads\/2023\/01\/Landesregierung_Nordrhein-Westfalen_Logo.svg.png\" loading=\"eager\" data-srcset=\"https:\/\/esportsplayerfoundation.org\/wp-content\/uploads\/2023\/01\/Landesregierung_Nordrhein-Westfalen_Logo.svg.png 2000w, https:\/\/esportsplayerfoundation.org\/wp-content\/uploads\/2023\/01\/Landesregierung_Nordrhein-Westfalen_Logo.svg-300x102.png 300w, https:\/\/esportsplayerfoundation.org\/wp-content\/uploads\/2023\/01\/Landesregierung_Nordrhein-Westfalen_Logo.svg-1024x347.png 1024w, https:\/\/esportsplayerfoundation.org\/wp-content\/uploads\/2023\/01\/Landesregierung_Nordrhein-Westfalen_Logo.svg-768x260.png 768w, https:\/\/esportsplayerfoundation.org\/wp-content\/uploads\/2023\/01\/Landesregierung_Nordrhein-Westfalen_Logo.svg-1536x521.png 1536w\" \/><\/div>\n\t\t<\/div>\n\t<\/div>\n\n\n<div class=\"post-entry-content\">\n\n\t<div class=\"entry-excerpt\"><p>The state of North Rhine-Westphalia is actively involved in promoting esports and works closely with the esports player foundation. An outstanding example of this partnership is the founding of the Esports Academy NRW in 2022. This academy aims to support young esports players from NRW on their way to the national &amp; international top. The state of North Rhine-Westphalia also played a decisive role in the founding of the epf in 2020 by providing start-up funding.   <\/p>\n<\/div>\n<\/div><\/article><\/div><div class=\"visible wf-cell iso-item\" data-post-id=\"809\" data-date=\"2022-09-18T18:39:13+02:00\" data-name=\"game - Association of the German Games Industry\"><article class=\"post visible post-809 partner type-partner status-publish has-post-thumbnail hentry partner_types-partner-aus-politik\" data-name=\"game &#8211; Association of the German Games Industry\" data-date=\"2022-09-18T18:39:13+02:00\">\n\n\t<div class=\"post-thumbnail-wrap\">\n\t\t<div class=\"post-thumbnail\">\n\n\t\t\t<div class=\"post-thumbnail-rollover layzr-bg img-css-resize-wrapper not-clickable-item\" aria-label=\"Post image\"><img decoding=\"async\" width=\"500\" height=\"280\" src=\"data:image\/svg+xml,%3Csvg%20xmlns%3D&#039;http%3A%2F%2Fwww.w3.org%2F2000%2Fsvg&#039;%20viewBox%3D&#039;0%200%20500%20280&#039;%2F%3E\" class=\"attachment-full size-full preload-me aspect lazy lazy-load\" alt=\"\" sizes=\"(max-width: 500px) 100vw, 500px\" style=\"--ratio: 500 \/ 280;\" data-src=\"https:\/\/esportsplayerfoundation.org\/wp-content\/uploads\/2022\/09\/logo-samesize-game.png\" loading=\"eager\" data-srcset=\"https:\/\/esportsplayerfoundation.org\/wp-content\/uploads\/2022\/09\/logo-samesize-game.png 500w, https:\/\/esportsplayerfoundation.org\/wp-content\/uploads\/2022\/09\/logo-samesize-game-300x168.png 300w\" \/><\/div>\n\t\t<\/div>\n\t<\/div>\n\n\n<div class=\"post-entry-content\">\n\n\t<div class=\"entry-excerpt\"><p>game &#8211; Verband der deutschen Games-Branche e.V. is the central representative of the German computer and video games industry. It represents the interests of game developers, publishers and other players such as esports organizers, universities and service providers. game is a 100% shareholder of the esports player foundation and supports the epf with strategic advice and initiatives for the development and support of esports players.  <\/p>\n<\/div>\n<\/div><\/article><\/div><div class=\"visible wf-cell iso-item\" data-post-id=\"807\" data-date=\"2022-10-09T19:40:04+02:00\" data-name=\"Konrad Adenauer Foundation\"><article class=\"post visible post-807 partner type-partner status-publish has-post-thumbnail hentry partner_types-partner-aus-politik partner_tags-life\" data-name=\"Konrad Adenauer Foundation\" data-date=\"2022-10-09T19:40:04+02:00\">\n\n\t<div class=\"post-thumbnail-wrap\">\n\t\t<div class=\"post-thumbnail\">\n\n\t\t\t<div class=\"post-thumbnail-rollover layzr-bg img-css-resize-wrapper not-clickable-item\" aria-label=\"Post image\"><img decoding=\"async\" width=\"500\" height=\"280\" src=\"data:image\/svg+xml,%3Csvg%20xmlns%3D&#039;http%3A%2F%2Fwww.w3.org%2F2000%2Fsvg&#039;%20viewBox%3D&#039;0%200%20500%20280&#039;%2F%3E\" class=\"attachment-full size-full preload-me aspect lazy lazy-load\" alt=\"\" sizes=\"(max-width: 500px) 100vw, 500px\" style=\"--ratio: 500 \/ 280;\" data-src=\"https:\/\/esportsplayerfoundation.org\/wp-content\/uploads\/2022\/10\/logo-samesize-konrad-adenauer-stiftung.png\" loading=\"eager\" data-srcset=\"https:\/\/esportsplayerfoundation.org\/wp-content\/uploads\/2022\/10\/logo-samesize-konrad-adenauer-stiftung.png 500w, https:\/\/esportsplayerfoundation.org\/wp-content\/uploads\/2022\/10\/logo-samesize-konrad-adenauer-stiftung-300x168.png 300w\" \/><\/div>\n\t\t<\/div>\n\t<\/div>\n\n\n<div class=\"post-entry-content\">\n\n\t<div class=\"entry-excerpt\"><p>The Konrad Adenauer Foundation is a political foundation of the Christian Democratic Union of Germany, which is dedicated to promoting democracy, the rule of law and the social market economy. With over 200 projects in around 120 countries, it is committed to political education and international understanding worldwide. The foundation cooperates with the esports player foundation to promote values such as respect, fair play and motivation in the gaming and esports sector. One joint project was the &#8220;Values in Gaming and Esports&#8221; initiative, which positions successful esports players as role models and offers workshops and media training.   <\/p>\n<\/div>\n<\/div><\/article><\/div><\/div><!-- iso-container|iso-grid --><\/div>\t\t\t\t<\/div>\n\t\t\t\t<\/div>\n\t\t\t\t\t<\/div>\n\t\t<\/div>\n\t\t\t\t\t<\/div>\n\t\t<\/section>\n\t\t\t\t<\/div>\n\t\t","protected":false},"excerpt":{"rendered":"<p>We would like to thank our political partners Mit der F\u00f6rderung des Esports Team Berlin setzt die Senatsverwaltung f\u00fcr Wirtschaft, Energie und Betriebe ein starkes Zeichen f\u00fcr die Talentsicherung und Standortentwicklung im digitalen Sport. Gemeinsam mit der esports player foundation unterst\u00fctzt das Land Berlin gezielt junge Gaming-Talente auf ihrem Weg in den professionellen Esports \u2013&hellip;<\/p>\n","protected":false},"author":2,"featured_media":0,"parent":0,"menu_order":81,"comment_status":"closed","ping_status":"closed","template":"","meta":{"_acf_changed":false,"footnotes":""},"class_list":["post-18412","page","type-page","status-publish","hentry"],"acf":[],"_links":{"self":[{"href":"https:\/\/esportsplayerfoundation.org\/en\/wp-json\/wp\/v2\/pages\/18412","targetHints":{"allow":["GET"]}}],"collection":[{"href":"https:\/\/esportsplayerfoundation.org\/en\/wp-json\/wp\/v2\/pages"}],"about":[{"href":"https:\/\/esportsplayerfoundation.org\/en\/wp-json\/wp\/v2\/types\/page"}],"author":[{"embeddable":true,"href":"https:\/\/esportsplayerfoundation.org\/en\/wp-json\/wp\/v2\/users\/2"}],"replies":[{"embeddable":true,"href":"https:\/\/esportsplayerfoundation.org\/en\/wp-json\/wp\/v2\/comments?post=18412"}],"version-history":[{"count":0,"href":"https:\/\/esportsplayerfoundation.org\/en\/wp-json\/wp\/v2\/pages\/18412\/revisions"}],"wp:attachment":[{"href":"https:\/\/esportsplayerfoundation.org\/en\/wp-json\/wp\/v2\/media?parent=18412"}],"curies":[{"name":"wp","href":"https:\/\/api.w.org\/{rel}","templated":true}]}}