{"id":3892,"date":"2023-01-11T13:16:48","date_gmt":"2023-01-11T12:16:48","guid":{"rendered":"https:\/\/test.esportsplayerfoundation.org\/official-supplier\/"},"modified":"2025-02-19T12:04:45","modified_gmt":"2025-02-19T11:04:45","slug":"official-supplier","status":"publish","type":"page","link":"https:\/\/esportsplayerfoundation.org\/en\/official-supplier\/","title":{"rendered":"Official Supplier"},"content":{"rendered":"\t\t<div data-elementor-type=\"wp-page\" data-elementor-id=\"3892\" class=\"elementor elementor-3892 elementor-2347\" data-elementor-post-type=\"page\">\n\t\t\t\t\t\t<section class=\"elementor-section elementor-top-section elementor-element elementor-element-b3305dc elementor-section-boxed elementor-section-height-default elementor-section-height-default\" data-id=\"b3305dc\" data-element_type=\"section\" data-e-type=\"section\">\n\t\t\t\t\t\t<div class=\"elementor-container elementor-column-gap-default\">\n\t\t\t\t\t<div class=\"elementor-column elementor-col-100 elementor-top-column elementor-element elementor-element-0845df2\" data-id=\"0845df2\" data-element_type=\"column\" data-e-type=\"column\">\n\t\t\t<div class=\"elementor-widget-wrap elementor-element-populated\">\n\t\t\t\t\t\t<div class=\"elementor-element elementor-element-6fc00c6 elementor-widget elementor-widget-text-editor\" data-id=\"6fc00c6\" data-element_type=\"widget\" data-e-type=\"widget\" data-widget_type=\"text-editor.default\">\n\t\t\t\t<div class=\"elementor-widget-container\">\n\t\t\t\t\t\t\t\t\t<h2>We thank our Official Suppliers<\/h2>\n<p>Without the Official Suppliers of the esports player foundation, no systematic promotion of talents would be possible. On behalf of all esporters in Germany, we thank:<\/p>\n\t\t\t\t\t\t\t\t<\/div>\n\t\t\t\t<\/div>\n\t\t\t\t\t<\/div>\n\t\t<\/div>\n\t\t\t\t\t<\/div>\n\t\t<\/section>\n\t\t\t\t<section class=\"elementor-section elementor-top-section elementor-element elementor-element-52acba9 elementor-section-boxed elementor-section-height-default elementor-section-height-default\" data-id=\"52acba9\" data-element_type=\"section\" data-e-type=\"section\">\n\t\t\t\t\t\t<div class=\"elementor-container elementor-column-gap-default\">\n\t\t\t\t\t<div class=\"elementor-column elementor-col-100 elementor-top-column elementor-element elementor-element-d907af8\" data-id=\"d907af8\" data-element_type=\"column\" data-e-type=\"column\">\n\t\t\t<div class=\"elementor-widget-wrap elementor-element-populated\">\n\t\t\t\t\t\t<div class=\"elementor-element elementor-element-1c6ef47 elementor-widget elementor-widget-the7_elements\" data-id=\"1c6ef47\" data-element_type=\"widget\" data-e-type=\"widget\" data-widget_type=\"the7_elements.default\">\n\t\t\t\t<div class=\"elementor-widget-container\">\n\t\t\t\t\t<div class=\"portfolio-shortcode the7-elementor-widget the7_elements-1c6ef47 mode-masonry classic-layout-list description-under-image meta-info-off content-bg-on resize-by-browser-width loading-effect-none jquery-filter\" data-padding=\"15px\" data-mobile-columns-num=\"1\" data-tablet-columns-num=\"2\" data-desktop-columns-num=\"3\" data-wide-desktop-columns-num=\"3\" data-post-limit=\"-1\" data-pagination-mode=\"none\" data-scroll-offset=\"\" aria-live=\"assertive\"><div class=\"iso-container dt-isotope custom-iso-columns\"><div class=\"visible wf-cell iso-item\" data-post-id=\"17731\" data-date=\"2025-06-27T11:22:30+02:00\" data-name=\"Logitech G\"><article class=\"post visible post-17731 partner type-partner status-publish has-post-thumbnail hentry partner_types-official-supplier partner_tags-game partner_tags-official-supplier description-off\" data-name=\"Logitech G\" data-date=\"2025-06-27T11:22:30+02:00\">\n\n\t<div class=\"post-thumbnail-wrap\">\n\t\t<div class=\"post-thumbnail\">\n\n\t\t\t<div class=\"post-thumbnail-rollover layzr-bg img-css-resize-wrapper not-clickable-item\" aria-label=\"Post image\"><img fetchpriority=\"high\" decoding=\"async\" width=\"1280\" height=\"498\" src=\"data:image\/svg+xml,%3Csvg%20xmlns%3D&#039;http%3A%2F%2Fwww.w3.org%2F2000%2Fsvg&#039;%20viewBox%3D&#039;0%200%201280%20498&#039;%2F%3E\" class=\"attachment-full size-full preload-me aspect lazy lazy-load\" alt=\"\" sizes=\"(max-width: 1280px) 100vw, 1280px\" style=\"--ratio: 1280 \/ 498;\" data-src=\"https:\/\/esportsplayerfoundation.org\/wp-content\/uploads\/2025\/06\/6859a175e472c67c22f58447_Logitech_G_Horizontal_Logo_Digital_Cyan.png\" loading=\"eager\" data-srcset=\"https:\/\/esportsplayerfoundation.org\/wp-content\/uploads\/2025\/06\/6859a175e472c67c22f58447_Logitech_G_Horizontal_Logo_Digital_Cyan.png 1280w, https:\/\/esportsplayerfoundation.org\/wp-content\/uploads\/2025\/06\/6859a175e472c67c22f58447_Logitech_G_Horizontal_Logo_Digital_Cyan-300x117.png 300w, https:\/\/esportsplayerfoundation.org\/wp-content\/uploads\/2025\/06\/6859a175e472c67c22f58447_Logitech_G_Horizontal_Logo_Digital_Cyan-1024x398.png 1024w, https:\/\/esportsplayerfoundation.org\/wp-content\/uploads\/2025\/06\/6859a175e472c67c22f58447_Logitech_G_Horizontal_Logo_Digital_Cyan-768x299.png 768w\" \/><\/div>\n\t\t<\/div>\n\t<\/div>\n\n\n<div class=\"post-entry-content\">\n\n\t<div class=\"entry-excerpt\"><p>As the official supplier of gaming peripherals to the esports player foundation, Logitech G provides our talents with professional gaming equipment of the highest standard. From precise mice and powerful keyboards to first-class headsets: Logitech G provides the tools that enable our players to reach their full potential &#8211; in daily training and on the big stage. Many years of experience in esports and close cooperation with top athletes worldwide make Logitech G a strong partner at our side.  <\/p>\n<\/div>\n<\/div><\/article><\/div><div class=\"visible wf-cell iso-item\" data-post-id=\"21200\" data-date=\"2026-01-08T09:35:01+01:00\" data-name=\"Dextro Energy\"><article class=\"post visible post-21200 partner type-partner status-publish has-post-thumbnail hentry partner_types-official-supplier partner_tags-body partner_tags-life partner_tags-nutrition partner_tags-official-supplier description-off\" data-name=\"Dextro Energy\" data-date=\"2026-01-08T09:35:01+01:00\">\n\n\t<div class=\"post-thumbnail-wrap\">\n\t\t<div class=\"post-thumbnail\">\n\n\t\t\t<div class=\"post-thumbnail-rollover layzr-bg img-css-resize-wrapper not-clickable-item\" aria-label=\"Post image\"><img decoding=\"async\" width=\"1920\" height=\"1470\" src=\"data:image\/svg+xml,%3Csvg%20xmlns%3D&#039;http%3A%2F%2Fwww.w3.org%2F2000%2Fsvg&#039;%20viewBox%3D&#039;0%200%201920%201470&#039;%2F%3E\" class=\"attachment-full size-full preload-me aspect lazy lazy-load\" alt=\"Dextro Logo\" sizes=\"(max-width: 1920px) 100vw, 1920px\" style=\"--ratio: 1920 \/ 1470;\" data-src=\"https:\/\/esportsplayerfoundation.org\/wp-content\/uploads\/2026\/01\/DE-Logo-2023-Raute_RGB.png\" loading=\"eager\" data-srcset=\"https:\/\/esportsplayerfoundation.org\/wp-content\/uploads\/2026\/01\/DE-Logo-2023-Raute_RGB.png 1920w, https:\/\/esportsplayerfoundation.org\/wp-content\/uploads\/2026\/01\/DE-Logo-2023-Raute_RGB-300x230.png 300w, https:\/\/esportsplayerfoundation.org\/wp-content\/uploads\/2026\/01\/DE-Logo-2023-Raute_RGB-1024x784.png 1024w, https:\/\/esportsplayerfoundation.org\/wp-content\/uploads\/2026\/01\/DE-Logo-2023-Raute_RGB-768x588.png 768w, https:\/\/esportsplayerfoundation.org\/wp-content\/uploads\/2026\/01\/DE-Logo-2023-Raute_RGB-1536x1176.png 1536w\" \/><\/div>\n\t\t<\/div>\n\t<\/div>\n\n\n<div class=\"post-entry-content\">\n\n\t<div class=\"entry-excerpt\"><p>Dextro Energy has specialist expertise and a high-quality product portfolio from the food and dietary supplement industry that specialises in physical and mental stress. They know how important it is to be able to perform at your best in crucial moments and have therefore developed a wide range of highly effective products that support people in their small and large challenges. The strong focus on quality and effectiveness, as well as the German company&#8217;s almost 100 years of experience, make Dextro Energy a strong partner for epf.  <\/p>\n<\/div>\n<\/div><\/article><\/div><div class=\"visible wf-cell iso-item\" data-post-id=\"12473\" data-date=\"2024-09-18T11:41:08+02:00\" data-name=\"noblechairs\"><article class=\"post visible post-12473 partner type-partner status-publish has-post-thumbnail hentry partner_types-official-supplier partner_tags-game partner_tags-official-supplier description-off\" data-name=\"noblechairs\" data-date=\"2024-09-18T11:41:08+02:00\">\n\n\t<div class=\"post-thumbnail-wrap\">\n\t\t<div class=\"post-thumbnail\">\n\n\t\t\t<div class=\"post-thumbnail-rollover layzr-bg img-css-resize-wrapper not-clickable-item\" aria-label=\"Post image\"><img decoding=\"async\" width=\"1920\" height=\"360\" src=\"data:image\/svg+xml,%3Csvg%20xmlns%3D&#039;http%3A%2F%2Fwww.w3.org%2F2000%2Fsvg&#039;%20viewBox%3D&#039;0%200%201920%20360&#039;%2F%3E\" class=\"attachment-full size-full preload-me aspect lazy lazy-load\" alt=\"logo_noblechairs-horizontal_wt\" sizes=\"(max-width: 1920px) 100vw, 1920px\" style=\"--ratio: 1920 \/ 360;\" data-src=\"https:\/\/esportsplayerfoundation.org\/wp-content\/uploads\/2024\/09\/logo_noblechairs-horizontal_wt.png\" loading=\"eager\" data-srcset=\"https:\/\/esportsplayerfoundation.org\/wp-content\/uploads\/2024\/09\/logo_noblechairs-horizontal_wt.png 1920w, https:\/\/esportsplayerfoundation.org\/wp-content\/uploads\/2024\/09\/logo_noblechairs-horizontal_wt-300x56.png 300w, https:\/\/esportsplayerfoundation.org\/wp-content\/uploads\/2024\/09\/logo_noblechairs-horizontal_wt-1024x192.png 1024w, https:\/\/esportsplayerfoundation.org\/wp-content\/uploads\/2024\/09\/logo_noblechairs-horizontal_wt-768x144.png 768w, https:\/\/esportsplayerfoundation.org\/wp-content\/uploads\/2024\/09\/logo_noblechairs-horizontal_wt-1536x288.png 1536w, https:\/\/esportsplayerfoundation.org\/wp-content\/uploads\/2024\/09\/logo_noblechairs-horizontal_wt-2048x384.png 2048w\" \/><\/div>\n\t\t<\/div>\n\t<\/div>\n\n\n<div class=\"post-entry-content\">\n\n\t<div class=\"entry-excerpt\"><p>noblechairs supports the next generation of esports talent by providing premium ergonomic chairs that enhance both comfort and performance. Inspired by the elegance and precision of luxury race cars, noblechairs combines premium materials with cutting-edge design to create chairs that help players stay focused during the most intense moments of play. Since 2016, noblechairs has pursued the goal of offering not just an office chair, but a true tool for success.  <\/p>\n<p>By supporting esports events and professional teams, noblechairs helps players reach their maximum performance &#8211; physically and mentally. noblechairs understands that optimal posture and lasting comfort are crucial to persevere and focus in the world of competitive gaming. With a focus on quality and innovation, noblechairs ensures that talented players can reach their full potential and reach new heights.  <\/p>\n<\/div>\n<\/div><\/article><\/div><div class=\"visible wf-cell iso-item\" data-post-id=\"11885\" data-date=\"2024-03-28T12:29:32+01:00\" data-name=\"Leetdesk\"><article class=\"post visible post-11885 partner type-partner status-publish has-post-thumbnail hentry partner_types-official-supplier partner_tags-game partner_tags-official-supplier description-off\" data-name=\"Leetdesk\" data-date=\"2024-03-28T12:29:32+01:00\">\n\n\t<div class=\"post-thumbnail-wrap\">\n\t\t<div class=\"post-thumbnail\">\n\n\t\t\t<div class=\"post-thumbnail-rollover layzr-bg img-css-resize-wrapper not-clickable-item\" aria-label=\"Post image\"><img decoding=\"async\" width=\"3512\" height=\"1043\" src=\"data:image\/svg+xml,%3Csvg%20xmlns%3D&#039;http%3A%2F%2Fwww.w3.org%2F2000%2Fsvg&#039;%20viewBox%3D&#039;0%200%203512%201043&#039;%2F%3E\" class=\"attachment-full size-full preload-me aspect the7-svg-image lazy lazy-load\" alt=\"LeetDesk_Logo_Web_Web\" style=\"--ratio: 3512 \/ 1043;\" data-src=\"https:\/\/esportsplayerfoundation.org\/wp-content\/uploads\/2024\/03\/LeetDesk_Logo_Web_Web.svg\" loading=\"eager\" \/><\/div>\n\t\t<\/div>\n\t<\/div>\n\n\n<div class=\"post-entry-content\">\n\n\t<div class=\"entry-excerpt\"><p>LeetDesk combines German craftsmanship with the world of gaming by offering high-quality, electrically height-adjustable desks designed specifically for gamers. With a focus on ergonomics, durability and design, these desks enable optimal adaptation to individual needs and promote a healthy posture during long gaming sessions. LeetDesk focuses on innovation and quality &#8220;Made in Germany&#8221; to provide gamers of all levels with professional equipment that is both functional and aesthetically pleasing.<\/p>\n<\/div>\n<\/div><\/article><\/div><div class=\"visible wf-cell iso-item\" data-post-id=\"7216\" data-date=\"2023-05-22T15:49:45+02:00\" data-name=\"TERRA\"><article class=\"post visible post-7216 partner type-partner status-publish has-post-thumbnail hentry partner_types-official-supplier partner_tags-game partner_tags-official-supplier description-off\" data-name=\"TERRA\" data-date=\"2023-05-22T15:49:45+02:00\">\n\n\t<div class=\"post-thumbnail-wrap\">\n\t\t<div class=\"post-thumbnail\">\n\n\t\t\t<div class=\"post-thumbnail-rollover layzr-bg img-css-resize-wrapper not-clickable-item\" aria-label=\"Post image\"><img decoding=\"async\" width=\"976\" height=\"906\" src=\"data:image\/svg+xml,%3Csvg%20xmlns%3D&#039;http%3A%2F%2Fwww.w3.org%2F2000%2Fsvg&#039;%20viewBox%3D&#039;0%200%20976%20906&#039;%2F%3E\" class=\"attachment-full size-full preload-me aspect lazy lazy-load\" alt=\"Terra official supplier\" style=\"--ratio: 976 \/ 906;\" data-src=\"https:\/\/esportsplayerfoundation.org\/wp-content\/uploads\/2023\/05\/Terra-official-supplier-2.png\" loading=\"eager\" \/><\/div>\n\t\t<\/div>\n\t<\/div>\n\n\n<div class=\"post-entry-content\">\n\n\t<div class=\"entry-excerpt\"><p>TERRA is the largest independent European IT company, acting as a manufacturer, distributor and cloud service provider. TERRA is the largest independent European IT company, acting as a manufacturer, distributor and cloud service provider. TERRA thus offers the players the best possible basis for being able to call up their highest in-game performance.<\/p>\n<\/div>\n<\/div><\/article><\/div><div class=\"visible wf-cell iso-item\" data-post-id=\"3874\" data-date=\"2023-01-24T19:41:38+01:00\" data-name=\"Smartsleep\"><article class=\"post visible post-3874 partner type-partner status-publish has-post-thumbnail hentry partner_types-official-supplier partner_tags-body description-off\" data-name=\"Smartsleep\" data-date=\"2023-01-24T19:41:38+01:00\">\n\n\t<div class=\"post-thumbnail-wrap\">\n\t\t<div class=\"post-thumbnail\">\n\n\t\t\t<div class=\"post-thumbnail-rollover layzr-bg img-css-resize-wrapper not-clickable-item\" aria-label=\"Post image\"><img decoding=\"async\" width=\"500\" height=\"280\" src=\"data:image\/svg+xml,%3Csvg%20xmlns%3D&#039;http%3A%2F%2Fwww.w3.org%2F2000%2Fsvg&#039;%20viewBox%3D&#039;0%200%20500%20280&#039;%2F%3E\" class=\"attachment-full size-full preload-me aspect lazy lazy-load\" alt=\"\" sizes=\"(max-width: 500px) 100vw, 500px\" style=\"--ratio: 500 \/ 280;\" data-src=\"https:\/\/esportsplayerfoundation.org\/wp-content\/uploads\/2023\/01\/smartsleep-logo.png\" loading=\"eager\" data-srcset=\"https:\/\/esportsplayerfoundation.org\/wp-content\/uploads\/2023\/01\/smartsleep-logo.png 500w, https:\/\/esportsplayerfoundation.org\/wp-content\/uploads\/2023\/01\/smartsleep-logo-300x168.png 300w\" \/><\/div>\n\t\t<\/div>\n\t<\/div>\n\n\n<div class=\"post-entry-content\">\n\n\t<div class=\"entry-excerpt\"><p>Sleep scientist Dr Markus Dworak received the highest investment ever awarded on &#8220;H\u00f6hle der L\u00f6wen&#8221; with his product Smart Sleep. It is a nutritional supplement produced in Germany that supports particularly regenerative and performance-enhancing sleep &#8211; and is made available to those funded on request. Even more significant, however, is the fact that Dr Markus Dworak offers to educate the sponsors about the importance of sleep for top athletic performance.<\/p>\n<\/div>\n<\/div><\/article><\/div><div class=\"visible wf-cell iso-item\" data-post-id=\"3878\" data-date=\"2023-01-24T19:39:15+01:00\" data-name=\"AGON by AOC\"><article class=\"post visible post-3878 partner type-partner status-publish has-post-thumbnail hentry partner_types-official-supplier partner_tags-game partner_tags-official-supplier description-off\" data-name=\"AGON by AOC\" data-date=\"2023-01-24T19:39:15+01:00\">\n\n\t<div class=\"post-thumbnail-wrap\">\n\t\t<div class=\"post-thumbnail\">\n\n\t\t\t<div class=\"post-thumbnail-rollover layzr-bg img-css-resize-wrapper not-clickable-item\" aria-label=\"Post image\"><img decoding=\"async\" width=\"1329\" height=\"502\" src=\"data:image\/svg+xml,%3Csvg%20xmlns%3D&#039;http%3A%2F%2Fwww.w3.org%2F2000%2Fsvg&#039;%20viewBox%3D&#039;0%200%201329%20502&#039;%2F%3E\" class=\"attachment-full size-full preload-me aspect lazy lazy-load\" alt=\"aoc-logo\" sizes=\"(max-width: 1329px) 100vw, 1329px\" style=\"--ratio: 1329 \/ 502;\" data-src=\"https:\/\/esportsplayerfoundation.org\/wp-content\/uploads\/2023\/01\/aoc-logo.png\" loading=\"eager\" data-srcset=\"https:\/\/esportsplayerfoundation.org\/wp-content\/uploads\/2023\/01\/aoc-logo.png 1329w, https:\/\/esportsplayerfoundation.org\/wp-content\/uploads\/2023\/01\/aoc-logo-300x113.png 300w, https:\/\/esportsplayerfoundation.org\/wp-content\/uploads\/2023\/01\/aoc-logo-1024x387.png 1024w, https:\/\/esportsplayerfoundation.org\/wp-content\/uploads\/2023\/01\/aoc-logo-768x290.png 768w\" \/><\/div>\n\t\t<\/div>\n\t<\/div>\n\n\n<div class=\"post-entry-content\">\n\n\t<div class=\"entry-excerpt\"><p>Um die ingame Skills auch 1:1 auf den Bildschirm \u00fcbertragen zu k\u00f6nnen, Spielz\u00fcge von Gegnern analysieren zu k\u00f6nnen und unter den bestm\u00f6glichen Gegebenheiten performen zu k\u00f6nnen, stattet AGON by AOC unsere Spieler*innen nach Bedarf mit Monitoren aus. AGON by AOC hat speziell f\u00fcr Gamer*innen und ambitionierte Esportler*innen Gaming Monitore entwickelt, die durch kurze Reaktionszeiten und hohe Bildwiederholfrequenzen \u00fcberzeugen.<\/p>\n<\/div>\n<\/div><\/article><\/div><div class=\"visible wf-cell iso-item\" data-post-id=\"1676\" data-date=\"2022-12-17T16:26:00+01:00\" data-name=\"Arcus Kliniken\"><article class=\"post visible post-1676 partner type-partner status-publish has-post-thumbnail hentry partner_types-official-supplier partner_tags-body description-off\" data-name=\"Arcus Kliniken\" data-date=\"2022-12-17T16:26:00+01:00\">\n\n\t<div class=\"post-thumbnail-wrap\">\n\t\t<div class=\"post-thumbnail\">\n\n\t\t\t<div class=\"post-thumbnail-rollover layzr-bg img-css-resize-wrapper not-clickable-item\" aria-label=\"Post image\"><img decoding=\"async\" width=\"500\" height=\"280\" src=\"data:image\/svg+xml,%3Csvg%20xmlns%3D&#039;http%3A%2F%2Fwww.w3.org%2F2000%2Fsvg&#039;%20viewBox%3D&#039;0%200%20500%20280&#039;%2F%3E\" class=\"attachment-full size-full preload-me aspect lazy lazy-load\" alt=\"Arcus Kliniken Logo\" sizes=\"(max-width: 500px) 100vw, 500px\" style=\"--ratio: 500 \/ 280;\" data-src=\"https:\/\/esportsplayerfoundation.org\/wp-content\/uploads\/2022\/12\/logo-samesize-arcus.png\" loading=\"eager\" data-srcset=\"https:\/\/esportsplayerfoundation.org\/wp-content\/uploads\/2022\/12\/logo-samesize-arcus.png 500w, https:\/\/esportsplayerfoundation.org\/wp-content\/uploads\/2022\/12\/logo-samesize-arcus-300x168.png 300w\" \/><\/div>\n\t\t<\/div>\n\t<\/div>\n\n\n<div class=\"post-entry-content\">\n\n\t<div class=\"entry-excerpt\"><p>The Arcus Clinics in Pforzheim are among the leading institutions in Germany for sports medicine, orthopaedics and the treatment of joint diseases. Every esports player foundation sponsor receives a basic sports medical examination here, which on the one hand excludes health risks and on the other hand determines the individual state of health in order to be able to counteract potentially performance-inhibiting or health-endangering stresses, for example in the hand, shoulder and back area, with specific measures if necessary. For talents who are not yet professionally coached in an organisation, the sports medical examination is obligatory.<\/p>\n<\/div>\n<\/div><\/article><\/div><\/div><!-- iso-container|iso-grid --><\/div>\t\t\t\t<\/div>\n\t\t\t\t<\/div>\n\t\t\t\t\t<\/div>\n\t\t<\/div>\n\t\t\t\t\t<\/div>\n\t\t<\/section>\n\t\t\t\t<\/div>\n\t\t","protected":false},"excerpt":{"rendered":"<p>We thank our Official Suppliers Without the Official Suppliers of the esports player foundation, no systematic promotion of talents would be possible. On behalf of all esporters in Germany, we thank: Europas f\u00fchrende Work- und Utilitybrand Engelbert Strauss unterst\u00fctzt die ambitionierten Esports-Talente der epf mit einer eigenen Team-Kollektion, die nicht nur in Qualit\u00e4t \u00fcberzeugt, sondern&hellip;<\/p>\n","protected":false},"author":2,"featured_media":0,"parent":0,"menu_order":79,"comment_status":"closed","ping_status":"closed","template":"","meta":{"_acf_changed":false,"footnotes":""},"class_list":["post-3892","page","type-page","status-publish","hentry","description-off"],"acf":[],"_links":{"self":[{"href":"https:\/\/esportsplayerfoundation.org\/en\/wp-json\/wp\/v2\/pages\/3892","targetHints":{"allow":["GET"]}}],"collection":[{"href":"https:\/\/esportsplayerfoundation.org\/en\/wp-json\/wp\/v2\/pages"}],"about":[{"href":"https:\/\/esportsplayerfoundation.org\/en\/wp-json\/wp\/v2\/types\/page"}],"author":[{"embeddable":true,"href":"https:\/\/esportsplayerfoundation.org\/en\/wp-json\/wp\/v2\/users\/2"}],"replies":[{"embeddable":true,"href":"https:\/\/esportsplayerfoundation.org\/en\/wp-json\/wp\/v2\/comments?post=3892"}],"version-history":[{"count":0,"href":"https:\/\/esportsplayerfoundation.org\/en\/wp-json\/wp\/v2\/pages\/3892\/revisions"}],"wp:attachment":[{"href":"https:\/\/esportsplayerfoundation.org\/en\/wp-json\/wp\/v2\/media?parent=3892"}],"curies":[{"name":"wp","href":"https:\/\/api.w.org\/{rel}","templated":true}]}}