{"id":3933,"date":"2023-01-11T12:56:06","date_gmt":"2023-01-11T11:56:06","guid":{"rendered":"https:\/\/test.esportsplayerfoundation.org\/?page_id=3933"},"modified":"2025-02-20T08:53:23","modified_gmt":"2025-02-20T07:53:23","slug":"foerderbausteine","status":"publish","type":"page","link":"https:\/\/esportsplayerfoundation.org\/en\/talentfoerderung\/foerderbausteine\/","title":{"rendered":"Promotion modules"},"content":{"rendered":"\t\t<div data-elementor-type=\"wp-page\" data-elementor-id=\"3933\" class=\"elementor elementor-3933 elementor-2325\" data-elementor-post-type=\"page\">\n\t\t\t\t\t\t<section class=\"elementor-section elementor-top-section elementor-element elementor-element-6e4be504 elementor-section-boxed elementor-section-height-default elementor-section-height-default\" data-id=\"6e4be504\" data-element_type=\"section\" data-e-type=\"section\">\n\t\t\t\t\t\t<div class=\"elementor-container elementor-column-gap-default\">\n\t\t\t\t\t<div class=\"elementor-column elementor-col-100 elementor-top-column elementor-element elementor-element-251ba03c\" data-id=\"251ba03c\" data-element_type=\"column\" data-e-type=\"column\">\n\t\t\t<div class=\"elementor-widget-wrap elementor-element-populated\">\n\t\t\t\t\t\t<div class=\"elementor-element elementor-element-374d9f82 elementor-widget elementor-widget-text-editor\" data-id=\"374d9f82\" data-element_type=\"widget\" data-e-type=\"widget\" data-widget_type=\"text-editor.default\">\n\t\t\t\t<div class=\"elementor-widget-container\">\n\t\t\t\t\t\t\t\t\t<h1 style=\"text-align: left;\">We support talent in esports<\/h1><p style=\"text-align: left;\"><span style=\"font-weight: 400;\">The esports player foundation is a not-for-profit institution that focuses exclusively on the development and well-being of esports talent and top performers. Our wide range of services supports all components of a professional career as an esports player. Access to our resources is free of charge for the talents. However, the talents commit themselves to work purposefully on their career and to stand up for our <a href=\"https:\/\/esportsplayerfoundation.org\/en\/mission\/values\/\">values<\/a>: <strong>performance, respect and fair play.<\/strong> <\/span><\/p><h2>Access to our support modules<\/h2><p style=\"text-align: left;\"><span style=\"font-weight: 400;\">An individual service package is put together for each of our talents on the basis of several discussions between the talent and the support coordinator. Every talent&#8217;s requirements of the esports player foundation are different. Not only do the different titles pose challenges for our support, but personal needs also require individual solutions. <\/span><\/p><p style=\"text-align: left;\"><span style=\"font-weight: 400;\"> Our service package is dynamic and, in addition to the primary performance factors such as <a href=\"https:\/\/esportsplayerfoundation.org\/en\/talent-support\/foerderbausteine\/game\/\">in-game coaching<\/a>, <a href=\"https:\/\/esportsplayerfoundation.org\/en\/talent-support\/foerderbausteine\/mind\/\">sports psychology support<\/a> and <strong>hardware support<\/strong>, includes further offers to improve <strong>performance<\/strong> in the game. Together with the sponsored talents, we regularly evaluate the current support measures and make adjustments. <\/span><\/p><p style=\"text-align: left;\"><span style=\"font-weight: 400;\">We don&#8217;t just aim to develop sport-related skills. Talents from the esports player foundation impress with their strong personalities and strength of character. We support the players&#8217; <a href=\"https:\/\/esportsplayerfoundation.org\/en\/talent-support\/foerderbausteine\/life\/\">personal and career development<\/a> through workshops, regular mentoring and boot camps. <\/span><\/p>\t\t\t\t\t\t\t\t<\/div>\n\t\t\t\t<\/div>\n\t\t\t\t<section class=\"elementor-section elementor-inner-section elementor-element elementor-element-633e2e4 elementor-section-boxed elementor-section-height-default elementor-section-height-default\" data-id=\"633e2e4\" data-element_type=\"section\" data-e-type=\"section\">\n\t\t\t\t\t\t<div class=\"elementor-container elementor-column-gap-default\">\n\t\t\t\t\t<div class=\"elementor-column elementor-col-50 elementor-inner-column elementor-element elementor-element-f3c2bd4\" data-id=\"f3c2bd4\" data-element_type=\"column\" data-e-type=\"column\">\n\t\t\t<div class=\"elementor-widget-wrap elementor-element-populated\">\n\t\t\t\t\t\t<div class=\"elementor-element elementor-element-3d88711 elementor-widget elementor-widget-heading\" data-id=\"3d88711\" data-element_type=\"widget\" data-e-type=\"widget\" data-widget_type=\"heading.default\">\n\t\t\t\t<div class=\"elementor-widget-container\">\n\t\t\t\t\t<h2 class=\"elementor-heading-title elementor-size-default\">Celebrating successes together<\/h2>\t\t\t\t<\/div>\n\t\t\t\t<\/div>\n\t\t\t\t<div class=\"elementor-element elementor-element-912c9bc elementor-widget elementor-widget-text-editor\" data-id=\"912c9bc\" data-element_type=\"widget\" data-e-type=\"widget\" data-widget_type=\"text-editor.default\">\n\t\t\t\t<div class=\"elementor-widget-container\">\n\t\t\t\t\t\t\t\t\t<p>Through our sustainable promotion, we support talented esports players on their journey to become <strong>the best in the world<\/strong>. Esports players play on the biggest stages in the world and reach millions of people. We are proud and happy to be able to play a small part in this through our work! Comprehensive packages are put together from over 100 support modules.   <\/p>\n<p>Every sponsored talent tells their own story. Esports is a competitive sport that includes episodes of defeat and challenges. These stages are also part of <a href=\"https:\/\/esportsplayerfoundation.org\/en\/talent-support\/\">talent development<\/a> and are accompanied by us.  <\/p>\n\t\t\t\t\t\t\t\t<\/div>\n\t\t\t\t<\/div>\n\t\t\t\t<div class=\"elementor-element elementor-element-1b90d74 elementor-widget elementor-widget-heading\" data-id=\"1b90d74\" data-element_type=\"widget\" data-e-type=\"widget\" data-widget_type=\"heading.default\">\n\t\t\t\t<div class=\"elementor-widget-container\">\n\t\t\t\t\t<h2 class=\"elementor-heading-title elementor-size-default\">Responsibility for your career<\/h2>\t\t\t\t<\/div>\n\t\t\t\t<\/div>\n\t\t\t\t<div class=\"elementor-element elementor-element-0042ce4 elementor-widget elementor-widget-text-editor\" data-id=\"0042ce4\" data-element_type=\"widget\" data-e-type=\"widget\" data-widget_type=\"text-editor.default\">\n\t\t\t\t<div class=\"elementor-widget-container\">\n\t\t\t\t\t\t\t\t\t<p>Together with our partners from <strong>politics and business<\/strong>, we take responsibility for the careers of our talented individuals. We attach great importance to the education of those we sponsor and support them with <strong>tutoring at school, internships, careers advice and more.<\/strong> <\/p>\n<p>In competitive sport, there is no guarantee of success or a secure income. That is why we are working with <a href=\"http:\/\/db.jobs\/esports\" target=\"_blank\" rel=\"noopener\">Deutsche Bahn<\/a>, among others, to implement <strong>dual careers<\/strong> that combine esports with a solid apprenticeship or dual study program. As part of the <a href=\"https:\/\/esportsplayerfoundation.org\/en\/talent-support\/foerderbausteine\/life\/\">Life<\/a> support module, we offer support for the <em>career afterwards<\/em> in particular.  <\/p>\n\t\t\t\t\t\t\t\t<\/div>\n\t\t\t\t<\/div>\n\t\t\t\t\t<\/div>\n\t\t<\/div>\n\t\t\t\t<div class=\"elementor-column elementor-col-50 elementor-inner-column elementor-element elementor-element-726d360\" data-id=\"726d360\" data-element_type=\"column\" data-e-type=\"column\">\n\t\t\t<div class=\"elementor-widget-wrap elementor-element-populated\">\n\t\t\t\t\t\t<div class=\"elementor-element elementor-element-74986a6 elementor-widget elementor-widget-image\" data-id=\"74986a6\" data-element_type=\"widget\" data-e-type=\"widget\" data-widget_type=\"image.default\">\n\t\t\t\t<div class=\"elementor-widget-container\">\n\t\t\t\t\t\t\t\t\t\t\t\t\t\t\t<img fetchpriority=\"high\" decoding=\"async\" width=\"1024\" height=\"576\" src=\"https:\/\/esportsplayerfoundation.org\/wp-content\/uploads\/2024\/05\/News-Website-5-1024x576.png\" class=\"attachment-large size-large wp-image-11795\" alt=\"Die Esports Profi Spielerinnen von SK Gaming des Equal eSports Cup, halten die Troph\u00e4e als Sieg im Equal eSports Cup in die Luft. Der Equal eSports Cup wird organisiert von der esports player foundation, SK Gaming, Riot Games und der Deutsche Telekom.\" srcset=\"https:\/\/esportsplayerfoundation.org\/wp-content\/uploads\/2024\/05\/News-Website-5-1024x576.png 1024w, https:\/\/esportsplayerfoundation.org\/wp-content\/uploads\/2024\/05\/News-Website-5-300x169.png 300w, https:\/\/esportsplayerfoundation.org\/wp-content\/uploads\/2024\/05\/News-Website-5-768x432.png 768w, https:\/\/esportsplayerfoundation.org\/wp-content\/uploads\/2024\/05\/News-Website-5-1536x864.png 1536w, https:\/\/esportsplayerfoundation.org\/wp-content\/uploads\/2024\/05\/News-Website-5.png 1920w\" sizes=\"(max-width: 1024px) 100vw, 1024px\" \/>\t\t\t\t\t\t\t\t\t\t\t\t\t\t\t<\/div>\n\t\t\t\t<\/div>\n\t\t\t\t<div class=\"elementor-element elementor-element-68895fb elementor-widget elementor-widget-image\" data-id=\"68895fb\" data-element_type=\"widget\" data-e-type=\"widget\" data-widget_type=\"image.default\">\n\t\t\t\t<div class=\"elementor-widget-container\">\n\t\t\t\t\t\t\t\t\t\t\t\t\t\t\t<img decoding=\"async\" width=\"1024\" height=\"683\" src=\"https:\/\/esportsplayerfoundation.org\/wp-content\/uploads\/2025\/02\/LUGI-3-1-1024x683.jpg\" class=\"attachment-large size-large wp-image-15939\" alt=\"Nik Luginsland, im Rollstuhl sitzen, und Mehmet Mutlu spielen EA FC in einem Zug der deutschen Bahn\" srcset=\"https:\/\/esportsplayerfoundation.org\/wp-content\/uploads\/2025\/02\/LUGI-3-1-1024x683.jpg 1024w, https:\/\/esportsplayerfoundation.org\/wp-content\/uploads\/2025\/02\/LUGI-3-1-300x200.jpg 300w, https:\/\/esportsplayerfoundation.org\/wp-content\/uploads\/2025\/02\/LUGI-3-1-768x512.jpg 768w, https:\/\/esportsplayerfoundation.org\/wp-content\/uploads\/2025\/02\/LUGI-3-1-1536x1024.jpg 1536w, https:\/\/esportsplayerfoundation.org\/wp-content\/uploads\/2025\/02\/LUGI-3-1.jpg 1920w\" sizes=\"(max-width: 1024px) 100vw, 1024px\" \/>\t\t\t\t\t\t\t\t\t\t\t\t\t\t\t<\/div>\n\t\t\t\t<\/div>\n\t\t\t\t\t<\/div>\n\t\t<\/div>\n\t\t\t\t\t<\/div>\n\t\t<\/section>\n\t\t\t\t\t<\/div>\n\t\t<\/div>\n\t\t\t\t\t<\/div>\n\t\t<\/section>\n\t\t\t\t<section class=\"elementor-section elementor-top-section elementor-element elementor-element-bf0889f elementor-section-boxed elementor-section-height-default elementor-section-height-default\" data-id=\"bf0889f\" data-element_type=\"section\" data-e-type=\"section\">\n\t\t\t\t\t\t<div class=\"elementor-container elementor-column-gap-default\">\n\t\t\t\t\t<div class=\"elementor-column elementor-col-25 elementor-top-column elementor-element elementor-element-8142d21\" data-id=\"8142d21\" data-element_type=\"column\" data-e-type=\"column\">\n\t\t\t<div class=\"elementor-widget-wrap elementor-element-populated\">\n\t\t\t\t\t\t<div class=\"elementor-element elementor-element-2eed369 elementor-cta--skin-classic elementor-animated-content elementor-bg-transform elementor-bg-transform-zoom-in elementor-widget elementor-widget-call-to-action\" data-id=\"2eed369\" data-element_type=\"widget\" data-e-type=\"widget\" data-widget_type=\"call-to-action.default\">\n\t\t\t\t<div class=\"elementor-widget-container\">\n\t\t\t\t\t\t\t<a class=\"elementor-cta\" href=\"https:\/\/esportsplayerfoundation.org\/en\/talent-support\/foerderbausteine\/game\/\">\n\t\t\t\t\t<div class=\"elementor-cta__bg-wrapper\">\n\t\t\t\t<div class=\"elementor-cta__bg elementor-bg\" style=\"background-image: url(https:\/\/esportsplayerfoundation.org\/wp-content\/uploads\/2023\/01\/Foerderbaustein-Game-1-1024x575.jpg);\" role=\"img\" aria-label=\"Fo\u0308rderbaustein Game - Eine Spielerin und ein Coach schauen auf einen Bildschirm und unterhalten sich\"><\/div>\n\t\t\t\t<div class=\"elementor-cta__bg-overlay\"><\/div>\n\t\t\t<\/div>\n\t\t\t\t\t\t\t<div class=\"elementor-cta__content\">\n\t\t\t\t\n\t\t\t\t\t\t\t\t\t<h2 class=\"elementor-cta__title elementor-cta__content-item elementor-content-item\">\n\t\t\t\t\t\tGame\t\t\t\t\t<\/h2>\n\t\t\t\t\n\t\t\t\t\n\t\t\t\t\t\t\t\t\t<div class=\"elementor-cta__button-wrapper elementor-cta__content-item elementor-content-item \">\n\t\t\t\t\t<span class=\"elementor-cta__button elementor-button elementor-size-\">\n\t\t\t\t\t\tLearn more\t\t\t\t\t<\/span>\n\t\t\t\t\t<\/div>\n\t\t\t\t\t\t\t<\/div>\n\t\t\t\t\t\t<\/a>\n\t\t\t\t\t\t<\/div>\n\t\t\t\t<\/div>\n\t\t\t\t\t<\/div>\n\t\t<\/div>\n\t\t\t\t<div class=\"elementor-column elementor-col-25 elementor-top-column elementor-element elementor-element-a239be5\" data-id=\"a239be5\" data-element_type=\"column\" data-e-type=\"column\">\n\t\t\t<div class=\"elementor-widget-wrap elementor-element-populated\">\n\t\t\t\t\t\t<div class=\"elementor-element elementor-element-2be020b elementor-cta--skin-classic elementor-animated-content elementor-bg-transform elementor-bg-transform-zoom-in elementor-widget elementor-widget-call-to-action\" data-id=\"2be020b\" data-element_type=\"widget\" data-e-type=\"widget\" data-widget_type=\"call-to-action.default\">\n\t\t\t\t<div class=\"elementor-widget-container\">\n\t\t\t\t\t\t\t<a class=\"elementor-cta\" href=\"https:\/\/esportsplayerfoundation.org\/en\/talent-support\/foerderbausteine\/body\/\">\n\t\t\t\t\t<div class=\"elementor-cta__bg-wrapper\">\n\t\t\t\t<div class=\"elementor-cta__bg elementor-bg\" style=\"background-image: url(https:\/\/esportsplayerfoundation.org\/wp-content\/uploads\/2023\/01\/epf-fitness-foerderung-esports-1024x575.jpg);\" role=\"img\" aria-label=\"In einem Gym sitzt eine Gruppe von Menschen, die in einem gro\u00dfen Spiegel zu erkennen ist, einer einzelnen Person gegen\u00fcber. Diese Person sitzt, die Beine ausgestreckt und spricht zur Gruppe. F\u00f6rderbaustein Body\"><\/div>\n\t\t\t\t<div class=\"elementor-cta__bg-overlay\"><\/div>\n\t\t\t<\/div>\n\t\t\t\t\t\t\t<div class=\"elementor-cta__content\">\n\t\t\t\t\n\t\t\t\t\t\t\t\t\t<h2 class=\"elementor-cta__title elementor-cta__content-item elementor-content-item\">\n\t\t\t\t\t\tBody\t\t\t\t\t<\/h2>\n\t\t\t\t\n\t\t\t\t\n\t\t\t\t\t\t\t\t\t<div class=\"elementor-cta__button-wrapper elementor-cta__content-item elementor-content-item \">\n\t\t\t\t\t<span class=\"elementor-cta__button elementor-button elementor-size-\">\n\t\t\t\t\t\tLearn more\t\t\t\t\t<\/span>\n\t\t\t\t\t<\/div>\n\t\t\t\t\t\t\t<\/div>\n\t\t\t\t\t\t<\/a>\n\t\t\t\t\t\t<\/div>\n\t\t\t\t<\/div>\n\t\t\t\t\t<\/div>\n\t\t<\/div>\n\t\t\t\t<div class=\"elementor-column elementor-col-25 elementor-top-column elementor-element elementor-element-cbb13e9\" data-id=\"cbb13e9\" data-element_type=\"column\" data-e-type=\"column\">\n\t\t\t<div class=\"elementor-widget-wrap elementor-element-populated\">\n\t\t\t\t\t\t<div class=\"elementor-element elementor-element-5f068eb elementor-cta--skin-classic elementor-animated-content elementor-bg-transform elementor-bg-transform-zoom-in elementor-widget elementor-widget-call-to-action\" data-id=\"5f068eb\" data-element_type=\"widget\" data-e-type=\"widget\" data-widget_type=\"call-to-action.default\">\n\t\t\t\t<div class=\"elementor-widget-container\">\n\t\t\t\t\t\t\t<a class=\"elementor-cta\" href=\"https:\/\/esportsplayerfoundation.org\/en\/talent-support\/foerderbausteine\/mind\/\">\n\t\t\t\t\t<div class=\"elementor-cta__bg-wrapper\">\n\t\t\t\t<div class=\"elementor-cta__bg elementor-bg\" style=\"background-image: url(https:\/\/esportsplayerfoundation.org\/wp-content\/uploads\/2023\/01\/epf-mind-sportpsychologische-betreuung-1024x575.jpeg);\" role=\"img\" aria-label=\"Ein mann sitzt auf einem Sofa und h\u00e4lt eine Karte in den H\u00e4nden - diese beinhaltet zwei Bilder, die zur Beruhigung beitragen\"><\/div>\n\t\t\t\t<div class=\"elementor-cta__bg-overlay\"><\/div>\n\t\t\t<\/div>\n\t\t\t\t\t\t\t<div class=\"elementor-cta__content\">\n\t\t\t\t\n\t\t\t\t\t\t\t\t\t<h2 class=\"elementor-cta__title elementor-cta__content-item elementor-content-item\">\n\t\t\t\t\t\tMind\t\t\t\t\t<\/h2>\n\t\t\t\t\n\t\t\t\t\n\t\t\t\t\t\t\t\t\t<div class=\"elementor-cta__button-wrapper elementor-cta__content-item elementor-content-item \">\n\t\t\t\t\t<span class=\"elementor-cta__button elementor-button elementor-size-\">\n\t\t\t\t\t\tLearn more\t\t\t\t\t<\/span>\n\t\t\t\t\t<\/div>\n\t\t\t\t\t\t\t<\/div>\n\t\t\t\t\t\t<\/a>\n\t\t\t\t\t\t<\/div>\n\t\t\t\t<\/div>\n\t\t\t\t\t<\/div>\n\t\t<\/div>\n\t\t\t\t<div class=\"elementor-column elementor-col-25 elementor-top-column elementor-element elementor-element-90e37a5\" data-id=\"90e37a5\" data-element_type=\"column\" data-e-type=\"column\">\n\t\t\t<div class=\"elementor-widget-wrap elementor-element-populated\">\n\t\t\t\t\t\t<div class=\"elementor-element elementor-element-1e86c1c elementor-cta--skin-classic elementor-animated-content elementor-bg-transform elementor-bg-transform-zoom-in elementor-widget elementor-widget-call-to-action\" data-id=\"1e86c1c\" data-element_type=\"widget\" data-e-type=\"widget\" data-widget_type=\"call-to-action.default\">\n\t\t\t\t<div class=\"elementor-widget-container\">\n\t\t\t\t\t\t\t<a class=\"elementor-cta\" href=\"https:\/\/esportsplayerfoundation.org\/en\/talent-support\/foerderbausteine\/nutrition\/\">\n\t\t\t\t\t<div class=\"elementor-cta__bg-wrapper\">\n\t\t\t\t<div class=\"elementor-cta__bg elementor-bg\" style=\"background-image: url(https:\/\/esportsplayerfoundation.org\/wp-content\/uploads\/2025\/02\/News-Website-2-1024x576.jpg);\" role=\"img\" aria-label=\"Ein Talent steht vor einem Buffet - Es betrachtet ein reichhaltiges und gesundes Angebot. Repr\u00e4sentation des F\u00f6rderbausteins Nutrition\"><\/div>\n\t\t\t\t<div class=\"elementor-cta__bg-overlay\"><\/div>\n\t\t\t<\/div>\n\t\t\t\t\t\t\t<div class=\"elementor-cta__content\">\n\t\t\t\t\n\t\t\t\t\t\t\t\t\t<h2 class=\"elementor-cta__title elementor-cta__content-item elementor-content-item\">\n\t\t\t\t\t\tNutrition\t\t\t\t\t<\/h2>\n\t\t\t\t\n\t\t\t\t\n\t\t\t\t\t\t\t\t\t<div class=\"elementor-cta__button-wrapper elementor-cta__content-item elementor-content-item \">\n\t\t\t\t\t<span class=\"elementor-cta__button elementor-button elementor-size-\">\n\t\t\t\t\t\tLearn more\t\t\t\t\t<\/span>\n\t\t\t\t\t<\/div>\n\t\t\t\t\t\t\t<\/div>\n\t\t\t\t\t\t<\/a>\n\t\t\t\t\t\t<\/div>\n\t\t\t\t<\/div>\n\t\t\t\t\t<\/div>\n\t\t<\/div>\n\t\t\t\t\t<\/div>\n\t\t<\/section>\n\t\t\t\t<section class=\"elementor-section elementor-top-section elementor-element elementor-element-8038635 elementor-section-boxed elementor-section-height-default elementor-section-height-default\" data-id=\"8038635\" data-element_type=\"section\" data-e-type=\"section\">\n\t\t\t\t\t\t<div class=\"elementor-container elementor-column-gap-default\">\n\t\t\t\t\t<div class=\"elementor-column elementor-col-100 elementor-top-column elementor-element elementor-element-e63fb9e\" data-id=\"e63fb9e\" data-element_type=\"column\" data-e-type=\"column\">\n\t\t\t<div class=\"elementor-widget-wrap elementor-element-populated\">\n\t\t\t\t\t\t<div class=\"elementor-element elementor-element-d0d54ab elementor-cta--skin-classic elementor-animated-content elementor-bg-transform elementor-bg-transform-zoom-in elementor-widget elementor-widget-call-to-action\" data-id=\"d0d54ab\" data-element_type=\"widget\" data-e-type=\"widget\" data-widget_type=\"call-to-action.default\">\n\t\t\t\t<div class=\"elementor-widget-container\">\n\t\t\t\t\t\t\t<a class=\"elementor-cta\" href=\"https:\/\/esportsplayerfoundation.org\/en\/talent-support\/foerderbausteine\/life\/\">\n\t\t\t\t\t<div class=\"elementor-cta__bg-wrapper\">\n\t\t\t\t<div class=\"elementor-cta__bg elementor-bg\" style=\"background-image: url(https:\/\/esportsplayerfoundation.org\/wp-content\/uploads\/2023\/01\/media-workshop-epf-esports-1024x575.jpg);\" role=\"img\" aria-label=\"Ein gro\u00dfer Raum, in dem ein Workshop gehalten wird. Viele Menschen sitzen auf St\u00fchlen oder sofas und schauen auf eine Leinwand\"><\/div>\n\t\t\t\t<div class=\"elementor-cta__bg-overlay\"><\/div>\n\t\t\t<\/div>\n\t\t\t\t\t\t\t<div class=\"elementor-cta__content\">\n\t\t\t\t\n\t\t\t\t\t\t\t\t\t<h2 class=\"elementor-cta__title elementor-cta__content-item elementor-content-item\">\n\t\t\t\t\t\tLife\t\t\t\t\t<\/h2>\n\t\t\t\t\n\t\t\t\t\n\t\t\t\t\t\t\t\t\t<div class=\"elementor-cta__button-wrapper elementor-cta__content-item elementor-content-item \">\n\t\t\t\t\t<span class=\"elementor-cta__button elementor-button elementor-size-\">\n\t\t\t\t\t\tLearn more\t\t\t\t\t<\/span>\n\t\t\t\t\t<\/div>\n\t\t\t\t\t\t\t<\/div>\n\t\t\t\t\t\t<\/a>\n\t\t\t\t\t\t<\/div>\n\t\t\t\t<\/div>\n\t\t\t\t\t<\/div>\n\t\t<\/div>\n\t\t\t\t\t<\/div>\n\t\t<\/section>\n\t\t\t\t<\/div>\n\t\t","protected":false},"excerpt":{"rendered":"<p>We support talent in esports The esports player foundation is a not-for-profit institution that focuses exclusively on the development and well-being of esports talent and top performers. Our wide range of services supports all components of a professional career as an esports player. Access to our resources is free of charge for the talents. However,&hellip;<\/p>\n","protected":false},"author":2,"featured_media":0,"parent":585,"menu_order":56,"comment_status":"closed","ping_status":"closed","template":"","meta":{"_acf_changed":false,"footnotes":""},"class_list":["post-3933","page","type-page","status-publish","hentry"],"acf":[],"_links":{"self":[{"href":"https:\/\/esportsplayerfoundation.org\/en\/wp-json\/wp\/v2\/pages\/3933","targetHints":{"allow":["GET"]}}],"collection":[{"href":"https:\/\/esportsplayerfoundation.org\/en\/wp-json\/wp\/v2\/pages"}],"about":[{"href":"https:\/\/esportsplayerfoundation.org\/en\/wp-json\/wp\/v2\/types\/page"}],"author":[{"embeddable":true,"href":"https:\/\/esportsplayerfoundation.org\/en\/wp-json\/wp\/v2\/users\/2"}],"replies":[{"embeddable":true,"href":"https:\/\/esportsplayerfoundation.org\/en\/wp-json\/wp\/v2\/comments?post=3933"}],"version-history":[{"count":0,"href":"https:\/\/esportsplayerfoundation.org\/en\/wp-json\/wp\/v2\/pages\/3933\/revisions"}],"up":[{"embeddable":true,"href":"https:\/\/esportsplayerfoundation.org\/en\/wp-json\/wp\/v2\/pages\/585"}],"wp:attachment":[{"href":"https:\/\/esportsplayerfoundation.org\/en\/wp-json\/wp\/v2\/media?parent=3933"}],"curies":[{"name":"wp","href":"https:\/\/api.w.org\/{rel}","templated":true}]}}