{"id":585,"date":"2022-09-10T10:28:57","date_gmt":"2022-09-10T08:28:57","guid":{"rendered":"https:\/\/test.esportsplayerfoundation.org\/services\/"},"modified":"2025-02-20T08:51:36","modified_gmt":"2025-02-20T07:51:36","slug":"talentfoerderung","status":"publish","type":"page","link":"https:\/\/esportsplayerfoundation.org\/en\/talentfoerderung\/","title":{"rendered":"Talent development"},"content":{"rendered":"\t\t<div data-elementor-type=\"wp-page\" data-elementor-id=\"585\" class=\"elementor elementor-585 elementor-28\" data-elementor-post-type=\"page\">\n\t\t\t\t\t\t<section class=\"elementor-section elementor-top-section elementor-element elementor-element-99a3d1f elementor-section-boxed elementor-section-height-default elementor-section-height-default\" data-id=\"99a3d1f\" data-element_type=\"section\" data-e-type=\"section\">\n\t\t\t\t\t\t<div class=\"elementor-container elementor-column-gap-default\">\n\t\t\t\t\t<div class=\"elementor-column elementor-col-100 elementor-top-column elementor-element elementor-element-56a5ce2\" data-id=\"56a5ce2\" data-element_type=\"column\" data-e-type=\"column\">\n\t\t\t<div class=\"elementor-widget-wrap elementor-element-populated\">\n\t\t\t\t\t\t<div class=\"elementor-element elementor-element-1d6e9a7 elementor-widget elementor-widget-text-editor\" data-id=\"1d6e9a7\" data-element_type=\"widget\" data-e-type=\"widget\" data-widget_type=\"text-editor.default\">\n\t\t\t\t<div class=\"elementor-widget-container\">\n\t\t\t\t\t\t\t\t\t<h2 style=\"text-align: left;\">The importance of talent development  <\/h2>\n<p style=\"text-align: left;\"><span style=\"font-weight: 400;\">Training and supporting the best esports players in Germany and beyond is at the heart of our work as the esports player foundation. Our coaches, athletic directors and experts work together to support players in esports. We create a globally unique setting that gives talented esports players <strong>free and professional access to services<\/strong> that promote their careers.    <\/span><\/p>\n<p style=\"text-align: left;\"><span style=\"font-weight: 400;\">With a holistic approach, we not only support <a href=\"https:\/\/esportsplayerfoundation.org\/en\/talentfoerderung\/foerderbausteine\/game\/\">in-game performance<\/a>, but also attach great importance to the <a href=\"https:\/\/esportsplayerfoundation.org\/en\/talentfoerderung\/foerderbausteine\/life\/\">personal development of our talents<\/a>, including <a href=\"https:\/\/esportsplayerfoundation.org\/en\/talentfoerderung\/foerderbausteine\/mind\/\">mental strength<\/a>, teamwork and personal responsibility. <\/span><span style=\"font-weight: 400;\">Talent development is <strong>at the heart of our work<\/strong> at the esports player foundation. <\/span> <\/p>\n\t\t\t\t\t\t\t\t<\/div>\n\t\t\t\t<\/div>\n\t\t\t\t<div class=\"elementor-element elementor-element-b0adfff elementor-widget elementor-widget-heading\" data-id=\"b0adfff\" data-element_type=\"widget\" data-e-type=\"widget\" data-widget_type=\"heading.default\">\n\t\t\t\t<div class=\"elementor-widget-container\">\n\t\t\t\t\t<h2 class=\"elementor-heading-title elementor-size-default\">Taking responsibility - creating role models<\/h2>\t\t\t\t<\/div>\n\t\t\t\t<\/div>\n\t\t\t\t<div class=\"elementor-element elementor-element-1baf5d0 elementor-widget elementor-widget-text-editor\" data-id=\"1baf5d0\" data-element_type=\"widget\" data-e-type=\"widget\" data-widget_type=\"text-editor.default\">\n\t\t\t\t<div class=\"elementor-widget-container\">\n\t\t\t\t\t\t\t\t\t<p data-start=\"79\" data-end=\"559\">Together with our <strong>partners from politics and business<\/strong>, we take responsibility for players and the esports ecosystem. Through targeted value campaigns, our talents acting as role models and our ongoing commitment, we actively promote the values that shape esports in the long term. <strong>Respect, performance and fair play<\/strong> form the foundation of our talent development and accompany players on their path to professionalism. They stand up for these <a href=\"https:\/\/esportsplayerfoundation.org\/en\/mission\/values\/\">values<\/a> at all times, take them with them into their communities and reach an audience of millions.  <\/p>\n<p data-start=\"561\" data-end=\"962\">We benefit from decades of know-how: The experience of 50 years of Olympic talent development, combined with the expertise of Germany&#8217;s best esports coaches, creates the basis for a new generation of professional players.  <\/p>\n\t\t\t\t\t\t\t\t<\/div>\n\t\t\t\t<\/div>\n\t\t\t\t<section class=\"elementor-section elementor-inner-section elementor-element elementor-element-85595e5 elementor-section-boxed elementor-section-height-default elementor-section-height-default\" data-id=\"85595e5\" data-element_type=\"section\" data-e-type=\"section\">\n\t\t\t\t\t\t<div class=\"elementor-container elementor-column-gap-default\">\n\t\t\t\t\t<div class=\"elementor-column elementor-col-50 elementor-inner-column elementor-element elementor-element-b2e5dd8\" data-id=\"b2e5dd8\" data-element_type=\"column\" data-e-type=\"column\">\n\t\t\t<div class=\"elementor-widget-wrap elementor-element-populated\">\n\t\t\t\t\t\t<div class=\"elementor-element elementor-element-5bdf296 elementor-widget elementor-widget-text-editor\" data-id=\"5bdf296\" data-element_type=\"widget\" data-e-type=\"widget\" data-widget_type=\"text-editor.default\">\n\t\t\t\t<div class=\"elementor-widget-container\">\n\t\t\t\t\t\t\t\t\t<h3>Support of professional esports athletes<\/h3><p>From talent to professional esports player &#8211; we accompany players even after they have reached the biggest stages in the world and continue to support them. The special requirements of talent development in professional esports range from <strong>legal advice and tax issues to the marketing of image rights<\/strong>. In addition to daily training, the focus shifts to initial prize money, sponsorship and contracts &#8211; with our network and our experts, we are at the side of our sponsored players.<\/p><p>Professional players in particular, who now play at an international level, benefit in retrospect from our talent development.<\/p>\t\t\t\t\t\t\t\t<\/div>\n\t\t\t\t<\/div>\n\t\t\t\t\t<\/div>\n\t\t<\/div>\n\t\t\t\t<div class=\"elementor-column elementor-col-50 elementor-inner-column elementor-element elementor-element-e4a9496\" data-id=\"e4a9496\" data-element_type=\"column\" data-e-type=\"column\">\n\t\t\t<div class=\"elementor-widget-wrap elementor-element-populated\">\n\t\t\t\t\t\t<div class=\"elementor-element elementor-element-6490e2e elementor-widget elementor-widget-image\" data-id=\"6490e2e\" data-element_type=\"widget\" data-e-type=\"widget\" data-widget_type=\"image.default\">\n\t\t\t\t<div class=\"elementor-widget-container\">\n\t\t\t\t\t\t\t\t\t\t\t\t\t\t\t<img fetchpriority=\"high\" decoding=\"async\" width=\"1024\" height=\"576\" src=\"https:\/\/esportsplayerfoundation.org\/wp-content\/uploads\/2024\/11\/XPERION-NXT-CS2-1024x576.png\" class=\"attachment-large size-large wp-image-14252\" alt=\"Das XPERION NXT CS2 Team h\u00e4lt einen Pokal in die H\u00f6he - 5 Spieler und ein Manager rei\u00dfen die H\u00e4nde in die H\u00f6he und sind froh \u00fcber ihren Sieg\" srcset=\"https:\/\/esportsplayerfoundation.org\/wp-content\/uploads\/2024\/11\/XPERION-NXT-CS2-1024x576.png 1024w, https:\/\/esportsplayerfoundation.org\/wp-content\/uploads\/2024\/11\/XPERION-NXT-CS2-300x169.png 300w, https:\/\/esportsplayerfoundation.org\/wp-content\/uploads\/2024\/11\/XPERION-NXT-CS2-768x432.png 768w, https:\/\/esportsplayerfoundation.org\/wp-content\/uploads\/2024\/11\/XPERION-NXT-CS2-1536x864.png 1536w, https:\/\/esportsplayerfoundation.org\/wp-content\/uploads\/2024\/11\/XPERION-NXT-CS2.png 1920w\" sizes=\"(max-width: 1024px) 100vw, 1024px\" \/>\t\t\t\t\t\t\t\t\t\t\t\t\t\t\t<\/div>\n\t\t\t\t<\/div>\n\t\t\t\t\t<\/div>\n\t\t<\/div>\n\t\t\t\t\t<\/div>\n\t\t<\/section>\n\t\t\t\t<section class=\"elementor-section elementor-inner-section elementor-element elementor-element-44d9a0f elementor-section-boxed elementor-section-height-default elementor-section-height-default\" data-id=\"44d9a0f\" data-element_type=\"section\" data-e-type=\"section\">\n\t\t\t\t\t\t<div class=\"elementor-container elementor-column-gap-default\">\n\t\t\t\t\t<div class=\"elementor-column elementor-col-50 elementor-inner-column elementor-element elementor-element-84d645c\" data-id=\"84d645c\" data-element_type=\"column\" data-e-type=\"column\">\n\t\t\t<div class=\"elementor-widget-wrap elementor-element-populated\">\n\t\t\t\t\t\t<div class=\"elementor-element elementor-element-a0332b8 elementor-widget elementor-widget-image\" data-id=\"a0332b8\" data-element_type=\"widget\" data-e-type=\"widget\" data-widget_type=\"image.default\">\n\t\t\t\t<div class=\"elementor-widget-container\">\n\t\t\t\t\t\t\t\t\t\t\t\t\t\t\t<img decoding=\"async\" width=\"769\" height=\"1024\" src=\"https:\/\/esportsplayerfoundation.org\/wp-content\/uploads\/2023\/11\/P1290170-769x1024.jpg\" class=\"attachment-large size-large wp-image-9792\" alt=\"Esports Academy NRW - Ben W. spielt am Ipad Brawlstars. Er schaut nach unten und tr\u00e4gt ein Trikot in Rot &amp; gr\u00fcn. Bereits in Jungen Jahren ist er Teil der Talentf\u00f6rderung geworden.\" srcset=\"https:\/\/esportsplayerfoundation.org\/wp-content\/uploads\/2023\/11\/P1290170-769x1024.jpg 769w, https:\/\/esportsplayerfoundation.org\/wp-content\/uploads\/2023\/11\/P1290170-225x300.jpg 225w, https:\/\/esportsplayerfoundation.org\/wp-content\/uploads\/2023\/11\/P1290170-768x1023.jpg 768w, https:\/\/esportsplayerfoundation.org\/wp-content\/uploads\/2023\/11\/P1290170-1154x1536.jpg 1154w, https:\/\/esportsplayerfoundation.org\/wp-content\/uploads\/2023\/11\/P1290170.jpg 1442w\" sizes=\"(max-width: 769px) 100vw, 769px\" \/>\t\t\t\t\t\t\t\t\t\t\t\t\t\t\t<\/div>\n\t\t\t\t<\/div>\n\t\t\t\t\t<\/div>\n\t\t<\/div>\n\t\t\t\t<div class=\"elementor-column elementor-col-50 elementor-inner-column elementor-element elementor-element-d00d962\" data-id=\"d00d962\" data-element_type=\"column\" data-e-type=\"column\">\n\t\t\t<div class=\"elementor-widget-wrap elementor-element-populated\">\n\t\t\t\t\t\t<div class=\"elementor-element elementor-element-9bef2d9 elementor-widget__width-initial elementor-widget elementor-widget-text-editor\" data-id=\"9bef2d9\" data-element_type=\"widget\" data-e-type=\"widget\" data-widget_type=\"text-editor.default\">\n\t\t\t\t<div class=\"elementor-widget-container\">\n\t\t\t\t\t\t\t\t\t<h3>When does talent development begin?<\/h3><p>We set the right course to prepare talented players for a successful career, not only on a playing level but also personally. In doing so, we take the special requirements of young players into account by &#8230;<\/p><ul><li>&#8230; we regularly involve their parents in the development and pick them up on the topic of esports.<\/li><li>&#8230; we give them enough space and time for holistic development.<\/li><li>&#8230; we integrate our support into their everyday lives.<\/li><li>&#8230; we attach great importance to their<strong> educational &amp; professional career<\/strong>!<\/li><\/ul><p>By starting development at an early age, esports player foundation talents are at a level that gives them a competitive advantage even before the required age of 16. Whether someone is suitable for our support depends on several factors. In principle, we review and evaluate each application individually in order to assess the player&#8217;s potential in the best possible way.<\/p><p>More information on our <a href=\"https:\/\/esportsplayerfoundation.org\/en\/talentfoerderung\/foerderbausteine\/\">funding modules<\/a><\/p>\t\t\t\t\t\t\t\t<\/div>\n\t\t\t\t<\/div>\n\t\t\t\t\t<\/div>\n\t\t<\/div>\n\t\t\t\t\t<\/div>\n\t\t<\/section>\n\t\t\t\t<div class=\"elementor-element elementor-element-96da86a elementor-widget elementor-widget-heading\" data-id=\"96da86a\" data-element_type=\"widget\" data-e-type=\"widget\" data-widget_type=\"heading.default\">\n\t\t\t\t<div class=\"elementor-widget-container\">\n\t\t\t\t\t<h2 class=\"elementor-heading-title elementor-size-default\">How are young talents discovered in esports?<\/h2>\t\t\t\t<\/div>\n\t\t\t\t<\/div>\n\t\t\t\t<div class=\"elementor-element elementor-element-1e1a69c elementor-widget elementor-widget-text-editor\" data-id=\"1e1a69c\" data-element_type=\"widget\" data-e-type=\"widget\" data-widget_type=\"text-editor.default\">\n\t\t\t\t<div class=\"elementor-widget-container\">\n\t\t\t\t\t\t\t\t\t<p>The esports player foundation promotes talent with and thanks to various <a href=\"https:\/\/esportsplayerfoundation.org\/en\/enabling-partners\/\">partners<\/a> and initiatives. As part of our collaborations, we advertise our sponsorships with their own areas of focus &#8211; it goes without saying that all participants have access to our offers. Through regular scouting in various titles, we identify talents for our promotion of excellence.    <\/p>\n<p>One difficulty in promoting young players is that some of them are still below our <em>radar<\/em>. In some games, it is not possible to view the biographical data of the players. We are therefore grateful for every application that finds its way to us!  <\/p>\n\t\t\t\t\t\t\t\t<\/div>\n\t\t\t\t<\/div>\n\t\t\t\t\t<\/div>\n\t\t<\/div>\n\t\t\t\t\t<\/div>\n\t\t<\/section>\n\t\t\t\t<section class=\"elementor-section elementor-top-section elementor-element elementor-element-4c3f8a0 elementor-section-boxed elementor-section-height-default elementor-section-height-default\" data-id=\"4c3f8a0\" data-element_type=\"section\" data-e-type=\"section\">\n\t\t\t\t\t\t<div class=\"elementor-container elementor-column-gap-default\">\n\t\t\t\t\t<div class=\"elementor-column elementor-col-100 elementor-top-column elementor-element elementor-element-edd09b5\" data-id=\"edd09b5\" data-element_type=\"column\" data-e-type=\"column\">\n\t\t\t<div class=\"elementor-widget-wrap elementor-element-populated\">\n\t\t\t\t\t\t<div class=\"elementor-element elementor-element-bf072f1 elementor-align-center elementor-widget elementor-widget-button\" data-id=\"bf072f1\" data-element_type=\"widget\" data-e-type=\"widget\" data-widget_type=\"button.default\">\n\t\t\t\t<div class=\"elementor-widget-container\">\n\t\t\t\t\t\t\t\t\t<div class=\"elementor-button-wrapper\">\n\t\t\t\t\t<a class=\"elementor-button elementor-button-link elementor-size-sm\" href=\"https:\/\/docs.google.com\/forms\/d\/e\/1FAIpQLSfnHnSuvr47Z4uCicAnQUZxm2Hj-bk4fA6NFdSMzQs34ZJxfw\/viewform\" target=\"_blank\" rel=\"noopener\">\n\t\t\t\t\t\t<span class=\"elementor-button-content-wrapper\">\n\t\t\t\t\t\t<span class=\"elementor-button-icon\">\n\t\t\t\t<i aria-hidden=\"true\" class=\"far fa-paper-plane\"><\/i>\t\t\t<\/span>\n\t\t\t\t\t\t\t\t\t<span class=\"elementor-button-text\">Apply for funding<\/span>\n\t\t\t\t\t<\/span>\n\t\t\t\t\t<\/a>\n\t\t\t\t<\/div>\n\t\t\t\t\t\t\t\t<\/div>\n\t\t\t\t<\/div>\n\t\t\t\t\t<\/div>\n\t\t<\/div>\n\t\t\t\t\t<\/div>\n\t\t<\/section>\n\t\t\t\t<\/div>\n\t\t","protected":false},"excerpt":{"rendered":"<p>The importance of talent development Training and supporting the best esports players in Germany and beyond is at the heart of our work as the esports player foundation. Our coaches, athletic directors and experts work together to support players in esports. We create a globally unique setting that gives talented esports players free and professional&hellip;<\/p>\n","protected":false},"author":1,"featured_media":0,"parent":0,"menu_order":54,"comment_status":"closed","ping_status":"closed","template":"","meta":{"_acf_changed":false,"footnotes":""},"class_list":["post-585","page","type-page","status-publish","hentry"],"acf":[],"_links":{"self":[{"href":"https:\/\/esportsplayerfoundation.org\/en\/wp-json\/wp\/v2\/pages\/585","targetHints":{"allow":["GET"]}}],"collection":[{"href":"https:\/\/esportsplayerfoundation.org\/en\/wp-json\/wp\/v2\/pages"}],"about":[{"href":"https:\/\/esportsplayerfoundation.org\/en\/wp-json\/wp\/v2\/types\/page"}],"author":[{"embeddable":true,"href":"https:\/\/esportsplayerfoundation.org\/en\/wp-json\/wp\/v2\/users\/1"}],"replies":[{"embeddable":true,"href":"https:\/\/esportsplayerfoundation.org\/en\/wp-json\/wp\/v2\/comments?post=585"}],"version-history":[{"count":0,"href":"https:\/\/esportsplayerfoundation.org\/en\/wp-json\/wp\/v2\/pages\/585\/revisions"}],"wp:attachment":[{"href":"https:\/\/esportsplayerfoundation.org\/en\/wp-json\/wp\/v2\/media?parent=585"}],"curies":[{"name":"wp","href":"https:\/\/api.w.org\/{rel}","templated":true}]}}