{"id":605,"date":"2022-10-08T18:52:18","date_gmt":"2022-10-08T16:52:18","guid":{"rendered":"https:\/\/test.esportsplayerfoundation.org\/services\/body\/"},"modified":"2025-02-20T08:56:10","modified_gmt":"2025-02-20T07:56:10","slug":"body","status":"publish","type":"page","link":"https:\/\/esportsplayerfoundation.org\/en\/talentfoerderung\/foerderbausteine\/body\/","title":{"rendered":"Body"},"content":{"rendered":"\t\t<div data-elementor-type=\"wp-page\" data-elementor-id=\"605\" class=\"elementor elementor-605 elementor-541\" data-elementor-post-type=\"page\">\n\t\t\t\t\t\t<section class=\"elementor-section elementor-top-section elementor-element elementor-element-a5a6f77 elementor-section-boxed elementor-section-height-default elementor-section-height-default\" data-id=\"a5a6f77\" data-element_type=\"section\" data-e-type=\"section\">\n\t\t\t\t\t\t<div class=\"elementor-container elementor-column-gap-default\">\n\t\t\t\t\t<div class=\"elementor-column elementor-col-100 elementor-top-column elementor-element elementor-element-18a7888\" data-id=\"18a7888\" data-element_type=\"column\" data-e-type=\"column\">\n\t\t\t<div class=\"elementor-widget-wrap elementor-element-populated\">\n\t\t\t\t\t\t<section class=\"elementor-section elementor-inner-section elementor-element elementor-element-4a2c739 elementor-section-boxed elementor-section-height-default elementor-section-height-default\" data-id=\"4a2c739\" data-element_type=\"section\" data-e-type=\"section\">\n\t\t\t\t\t\t<div class=\"elementor-container elementor-column-gap-default\">\n\t\t\t\t\t<div class=\"elementor-column elementor-col-50 elementor-inner-column elementor-element elementor-element-633e16b\" data-id=\"633e16b\" data-element_type=\"column\" data-e-type=\"column\">\n\t\t\t<div class=\"elementor-widget-wrap elementor-element-populated\">\n\t\t\t\t\t\t<div class=\"elementor-element elementor-element-7ceae43 elementor-widget elementor-widget-text-editor\" data-id=\"7ceae43\" data-element_type=\"widget\" data-e-type=\"widget\" data-widget_type=\"text-editor.default\">\n\t\t\t\t<div class=\"elementor-widget-container\">\n\t\t\t\t\t\t\t\t\t<h2>Fitness Training<\/h2>\n<p><span style=\"font-weight: 400;\"><strong>Physical fitness is also essential in esports<\/strong>. Even low-intensity training can improve concentration, physical resilience and responsiveness. In everyday life, our talented players rely on targeted exercises that not only improve their performance in the game, but also promote their long-term health.  <\/span><\/p>\n<p><span style=\"font-weight: 400;\">We not only get players fit for esports, but also keep them healthy in the long term. Through a <strong>combination of targeted training, nutritional advice and regeneration<\/strong>, we not only contribute to the well-being of the talents, but also do valuable work for the young communities and society. <\/span><\/p>\n\t\t\t\t\t\t\t\t<\/div>\n\t\t\t\t<\/div>\n\t\t\t\t\t<\/div>\n\t\t<\/div>\n\t\t\t\t<div class=\"elementor-column elementor-col-50 elementor-inner-column elementor-element elementor-element-d63165b\" data-id=\"d63165b\" data-element_type=\"column\" data-e-type=\"column\">\n\t\t\t<div class=\"elementor-widget-wrap elementor-element-populated\">\n\t\t\t\t\t\t<div class=\"elementor-element elementor-element-ef60910 elementor-widget elementor-widget-image\" data-id=\"ef60910\" data-element_type=\"widget\" data-e-type=\"widget\" data-widget_type=\"image.default\">\n\t\t\t\t<div class=\"elementor-widget-container\">\n\t\t\t\t\t\t\t\t\t\t\t\t\t\t\t<img fetchpriority=\"high\" decoding=\"async\" width=\"1024\" height=\"575\" src=\"https:\/\/esportsplayerfoundation.org\/wp-content\/uploads\/2023\/01\/epf-fitness-foerderung-esports-1024x575.jpg\" class=\"attachment-large size-large wp-image-3323\" alt=\"In einem Gym sitzt eine Gruppe von Menschen, die in einem gro\u00dfen Spiegel zu erkennen ist, einer einzelnen Person gegen\u00fcber. Diese Person sitzt, die Beine ausgestreckt und spricht zur Gruppe. F\u00f6rderbaustein Body\" srcset=\"https:\/\/esportsplayerfoundation.org\/wp-content\/uploads\/2023\/01\/epf-fitness-foerderung-esports-1024x575.jpg 1024w, https:\/\/esportsplayerfoundation.org\/wp-content\/uploads\/2023\/01\/epf-fitness-foerderung-esports-300x168.jpg 300w, https:\/\/esportsplayerfoundation.org\/wp-content\/uploads\/2023\/01\/epf-fitness-foerderung-esports-768x431.jpg 768w, https:\/\/esportsplayerfoundation.org\/wp-content\/uploads\/2023\/01\/epf-fitness-foerderung-esports-1536x863.jpg 1536w, https:\/\/esportsplayerfoundation.org\/wp-content\/uploads\/2023\/01\/epf-fitness-foerderung-esports.jpg 2048w\" sizes=\"(max-width: 1024px) 100vw, 1024px\" \/>\t\t\t\t\t\t\t\t\t\t\t\t\t\t\t<\/div>\n\t\t\t\t<\/div>\n\t\t\t\t\t<\/div>\n\t\t<\/div>\n\t\t\t\t\t<\/div>\n\t\t<\/section>\n\t\t\t\t<section class=\"elementor-section elementor-inner-section elementor-element elementor-element-490396b elementor-section-boxed elementor-section-height-default elementor-section-height-default\" data-id=\"490396b\" data-element_type=\"section\" data-e-type=\"section\">\n\t\t\t\t\t\t<div class=\"elementor-container elementor-column-gap-default\">\n\t\t\t\t\t<div class=\"elementor-column elementor-col-50 elementor-inner-column elementor-element elementor-element-8ea3aab\" data-id=\"8ea3aab\" data-element_type=\"column\" data-e-type=\"column\">\n\t\t\t<div class=\"elementor-widget-wrap elementor-element-populated\">\n\t\t\t\t\t\t<div class=\"elementor-element elementor-element-b028374 elementor-widget__width-initial elementor-widget elementor-widget-image\" data-id=\"b028374\" data-element_type=\"widget\" data-e-type=\"widget\" data-widget_type=\"image.default\">\n\t\t\t\t<div class=\"elementor-widget-container\">\n\t\t\t\t\t\t\t\t\t\t\t\t\t\t\t<img decoding=\"async\" width=\"1024\" height=\"768\" src=\"https:\/\/esportsplayerfoundation.org\/wp-content\/uploads\/2023\/01\/sportmedizinische-untersuchung.jpeg\" class=\"attachment-large size-large wp-image-15556\" alt=\"Ein Arzt h\u00e4lt den Arm der einer Patientin - Diese ist Spielerin bzw. Talent im Esports. Sie sitzt auf einer Liege, im \u00c4rztezimmer\" srcset=\"https:\/\/esportsplayerfoundation.org\/wp-content\/uploads\/2023\/01\/sportmedizinische-untersuchung.jpeg 1024w, https:\/\/esportsplayerfoundation.org\/wp-content\/uploads\/2023\/01\/sportmedizinische-untersuchung-300x225.jpeg 300w, https:\/\/esportsplayerfoundation.org\/wp-content\/uploads\/2023\/01\/sportmedizinische-untersuchung-768x576.jpeg 768w\" sizes=\"(max-width: 1024px) 100vw, 1024px\" \/>\t\t\t\t\t\t\t\t\t\t\t\t\t\t\t<\/div>\n\t\t\t\t<\/div>\n\t\t\t\t\t<\/div>\n\t\t<\/div>\n\t\t\t\t<div class=\"elementor-column elementor-col-50 elementor-inner-column elementor-element elementor-element-0c8f7ed\" data-id=\"0c8f7ed\" data-element_type=\"column\" data-e-type=\"column\">\n\t\t\t<div class=\"elementor-widget-wrap elementor-element-populated\">\n\t\t\t\t\t\t<div class=\"elementor-element elementor-element-a7d05cd elementor-widget elementor-widget-text-editor\" data-id=\"a7d05cd\" data-element_type=\"widget\" data-e-type=\"widget\" data-widget_type=\"text-editor.default\">\n\t\t\t\t<div class=\"elementor-widget-container\">\n\t\t\t\t\t\t\t\t\t<h2>Sports medical examination<\/h2><p><span style=\"font-weight: 400;\">The <\/span><a href=\"https:\/\/www.sportklinik.de\/\" target=\"_blank\" rel=\"noopener\"><span style=\"font-weight: 400;\">Arcus Clinics<\/span><\/a><span style=\"font-weight: 400;\"> in Pforzheim are among the leading clinics for sports medicine, orthopaedics and the treatment of joint diseases in Germany.<\/span><\/p><p data-start=\"157\" data-end=\"583\">Sponsored esports player foundation members receive a comprehensive sports medicine examination that rules out health risks and analyzes their individual state of health. The aim is to take targeted measures to identify and reduce potentially <strong data-start=\"409\" data-end=\"442\">performance-impairing strains<\/strong> or <strong data-start=\"448\" data-end=\"486\">health-threatening complaints<\/strong> &#8211; particularly in <strong data-start=\"505\" data-end=\"537\">the hands, shoulders and back<\/strong> &#8211; at an early stage.<\/p><p data-start=\"585\" data-end=\"755\">This examination helps to optimize physical fitness in esports, prevent injuries and increase performance in the long term.<\/p>\t\t\t\t\t\t\t\t<\/div>\n\t\t\t\t<\/div>\n\t\t\t\t\t<\/div>\n\t\t<\/div>\n\t\t\t\t\t<\/div>\n\t\t<\/section>\n\t\t\t\t<div class=\"elementor-element elementor-element-de0dfeb elementor-widget elementor-widget-text-editor\" data-id=\"de0dfeb\" data-element_type=\"widget\" data-e-type=\"widget\" data-widget_type=\"text-editor.default\">\n\t\t\t\t<div class=\"elementor-widget-container\">\n\t\t\t\t\t\t\t\t\t<h2 style=\"margin-bottom: var(--the7-h2-spacing); color: #333333; font-style: normal; font-variant-ligatures: normal; font-variant-caps: normal; font-family: RidleyGrotesk, Helvetica, Arial, Verdana, sans-serif; text-transform: none; letter-spacing: normal; word-spacing: 0px; text-decoration-thickness: initial; text-decoration-style: initial; text-decoration-color: initial;\">Sleep is the best medicine<\/h2><p><span style=\"font-weight: 400;\">Sleep scientist Dr. Markus Dworak has developed the product <\/span><a href=\"https:\/\/smartsleep.com\/\" target=\"_blank\" rel=\"noopener\"><span style=\"font-weight: 400;\">Smart Sleep<\/span><\/a><span style=\"font-weight: 400;\"> received the highest investment ever awarded on &#8220;H\u00f6hle der L\u00f6wen&#8221;. It is a nutritional supplement produced in Germany that supports particularly regenerative and performance-enhancing sleep &#8211; and is made available to those who request it. What is even more important, however, is that Dr. Markus Dworak offers <strong>educational work on the importance of sleep for top athletic performance<\/strong>. In regular workshops, he trains our talents and encourages them to take a closer look at this important part of our lives. <\/span><\/p><p><span style=\"font-weight: 400;\">Dr. Markus Dworak explains why we consider sleep and regeneration to be valuable in an <\/span><a href=\"https:\/\/www.youtube.com\/watch?v=pPhSnyX16cQ\" target=\"_blank\" rel=\"noopener\"><span style=\"font-weight: 400;\">interview with the esports player foundation<\/span><\/a><span style=\"font-weight: 400;\">.<\/span><\/p>\t\t\t\t\t\t\t\t<\/div>\n\t\t\t\t<\/div>\n\t\t\t\t\t<\/div>\n\t\t<\/div>\n\t\t\t\t\t<\/div>\n\t\t<\/section>\n\t\t\t\t<section class=\"elementor-section elementor-top-section elementor-element elementor-element-d34c58f elementor-section-boxed elementor-section-height-default elementor-section-height-default\" data-id=\"d34c58f\" data-element_type=\"section\" data-e-type=\"section\">\n\t\t\t\t\t\t<div class=\"elementor-container elementor-column-gap-default\">\n\t\t\t\t\t<div class=\"elementor-column elementor-col-100 elementor-top-column elementor-element elementor-element-7cfb593\" data-id=\"7cfb593\" data-element_type=\"column\" data-e-type=\"column\">\n\t\t\t<div class=\"elementor-widget-wrap elementor-element-populated\">\n\t\t\t\t\t\t<div class=\"elementor-element elementor-element-b553398 elementor-widget elementor-widget-heading\" data-id=\"b553398\" data-element_type=\"widget\" data-e-type=\"widget\" data-widget_type=\"heading.default\">\n\t\t\t\t<div class=\"elementor-widget-container\">\n\t\t\t\t\t<h2 class=\"elementor-heading-title elementor-size-default\">Supported by:<\/h2>\t\t\t\t<\/div>\n\t\t\t\t<\/div>\n\t\t\t\t\t<\/div>\n\t\t<\/div>\n\t\t\t\t\t<\/div>\n\t\t<\/section>\n\t\t\t\t<section class=\"elementor-section elementor-top-section elementor-element elementor-element-341dfaf elementor-section-boxed elementor-section-height-default elementor-section-height-default\" data-id=\"341dfaf\" data-element_type=\"section\" data-e-type=\"section\">\n\t\t\t\t\t\t<div class=\"elementor-container elementor-column-gap-default\">\n\t\t\t\t\t<div class=\"elementor-column elementor-col-100 elementor-top-column elementor-element elementor-element-50184c0\" data-id=\"50184c0\" data-element_type=\"column\" data-e-type=\"column\">\n\t\t\t<div class=\"elementor-widget-wrap elementor-element-populated\">\n\t\t\t\t\t\t<div class=\"elementor-element elementor-element-142b21f elementor-widget elementor-widget-the7_elements\" data-id=\"142b21f\" data-element_type=\"widget\" data-e-type=\"widget\" data-widget_type=\"the7_elements.default\">\n\t\t\t\t<div class=\"elementor-widget-container\">\n\t\t\t\t\t<div class=\"portfolio-shortcode the7-elementor-widget the7_elements-142b21f mode-masonry classic-layout-list description-under-image meta-info-off content-bg-on resize-by-browser-width loading-effect-none jquery-filter\" data-padding=\"15px\" data-mobile-columns-num=\"1\" data-tablet-columns-num=\"2\" data-desktop-columns-num=\"3\" data-wide-desktop-columns-num=\"3\" data-post-limit=\"-1\" data-pagination-mode=\"none\" data-scroll-offset=\"\" aria-live=\"assertive\"><div class=\"iso-container dt-isotope custom-iso-columns\"><div class=\"visible wf-cell iso-item\" data-post-id=\"21200\" data-date=\"2026-01-08T09:35:01+01:00\" data-name=\"Dextro Energy\"><article class=\"post visible post-21200 partner type-partner status-publish has-post-thumbnail hentry partner_types-official-supplier partner_tags-body partner_tags-life partner_tags-nutrition partner_tags-official-supplier description-off\" data-name=\"Dextro Energy\" data-date=\"2026-01-08T09:35:01+01:00\">\n\n\t<div class=\"post-thumbnail-wrap\">\n\t\t<div class=\"post-thumbnail\">\n\n\t\t\t<div class=\"post-thumbnail-rollover layzr-bg img-css-resize-wrapper not-clickable-item\" aria-label=\"Post image\"><img decoding=\"async\" width=\"1920\" height=\"1470\" src=\"data:image\/svg+xml,%3Csvg%20xmlns%3D&#039;http%3A%2F%2Fwww.w3.org%2F2000%2Fsvg&#039;%20viewBox%3D&#039;0%200%201920%201470&#039;%2F%3E\" class=\"attachment-full size-full preload-me aspect lazy lazy-load\" alt=\"Dextro Logo\" sizes=\"(max-width: 1920px) 100vw, 1920px\" style=\"--ratio: 1920 \/ 1470;\" data-src=\"https:\/\/esportsplayerfoundation.org\/wp-content\/uploads\/2026\/01\/DE-Logo-2023-Raute_RGB.png\" loading=\"eager\" data-srcset=\"https:\/\/esportsplayerfoundation.org\/wp-content\/uploads\/2026\/01\/DE-Logo-2023-Raute_RGB.png 1920w, https:\/\/esportsplayerfoundation.org\/wp-content\/uploads\/2026\/01\/DE-Logo-2023-Raute_RGB-300x230.png 300w, https:\/\/esportsplayerfoundation.org\/wp-content\/uploads\/2026\/01\/DE-Logo-2023-Raute_RGB-1024x784.png 1024w, https:\/\/esportsplayerfoundation.org\/wp-content\/uploads\/2026\/01\/DE-Logo-2023-Raute_RGB-768x588.png 768w, https:\/\/esportsplayerfoundation.org\/wp-content\/uploads\/2026\/01\/DE-Logo-2023-Raute_RGB-1536x1176.png 1536w\" \/><\/div>\n\t\t<\/div>\n\t<\/div>\n\n\n<div class=\"post-entry-content\">\n\n\t\n<\/div><\/article><\/div><div class=\"visible wf-cell iso-item\" data-post-id=\"3874\" data-date=\"2023-01-24T19:41:38+01:00\" data-name=\"Smartsleep\"><article class=\"post visible post-3874 partner type-partner status-publish has-post-thumbnail hentry partner_types-official-supplier partner_tags-body description-off\" data-name=\"Smartsleep\" data-date=\"2023-01-24T19:41:38+01:00\">\n\n\t<div class=\"post-thumbnail-wrap\">\n\t\t<div class=\"post-thumbnail\">\n\n\t\t\t<div class=\"post-thumbnail-rollover layzr-bg img-css-resize-wrapper not-clickable-item\" aria-label=\"Post image\"><img decoding=\"async\" width=\"500\" height=\"280\" src=\"data:image\/svg+xml,%3Csvg%20xmlns%3D&#039;http%3A%2F%2Fwww.w3.org%2F2000%2Fsvg&#039;%20viewBox%3D&#039;0%200%20500%20280&#039;%2F%3E\" class=\"attachment-full size-full preload-me aspect lazy lazy-load\" alt=\"\" sizes=\"(max-width: 500px) 100vw, 500px\" style=\"--ratio: 500 \/ 280;\" data-src=\"https:\/\/esportsplayerfoundation.org\/wp-content\/uploads\/2023\/01\/smartsleep-logo.png\" loading=\"eager\" data-srcset=\"https:\/\/esportsplayerfoundation.org\/wp-content\/uploads\/2023\/01\/smartsleep-logo.png 500w, https:\/\/esportsplayerfoundation.org\/wp-content\/uploads\/2023\/01\/smartsleep-logo-300x168.png 300w\" \/><\/div>\n\t\t<\/div>\n\t<\/div>\n\n\n<div class=\"post-entry-content\">\n\n\t\n<\/div><\/article><\/div><div class=\"visible wf-cell iso-item\" data-post-id=\"1676\" data-date=\"2022-12-17T16:26:00+01:00\" data-name=\"Arcus Kliniken\"><article class=\"post visible post-1676 partner type-partner status-publish has-post-thumbnail hentry partner_types-official-supplier partner_tags-body description-off\" data-name=\"Arcus Kliniken\" data-date=\"2022-12-17T16:26:00+01:00\">\n\n\t<div class=\"post-thumbnail-wrap\">\n\t\t<div class=\"post-thumbnail\">\n\n\t\t\t<div class=\"post-thumbnail-rollover layzr-bg img-css-resize-wrapper not-clickable-item\" aria-label=\"Post image\"><img decoding=\"async\" width=\"500\" height=\"280\" src=\"data:image\/svg+xml,%3Csvg%20xmlns%3D&#039;http%3A%2F%2Fwww.w3.org%2F2000%2Fsvg&#039;%20viewBox%3D&#039;0%200%20500%20280&#039;%2F%3E\" class=\"attachment-full size-full preload-me aspect lazy lazy-load\" alt=\"Arcus Kliniken Logo\" sizes=\"(max-width: 500px) 100vw, 500px\" style=\"--ratio: 500 \/ 280;\" data-src=\"https:\/\/esportsplayerfoundation.org\/wp-content\/uploads\/2022\/12\/logo-samesize-arcus.png\" loading=\"eager\" data-srcset=\"https:\/\/esportsplayerfoundation.org\/wp-content\/uploads\/2022\/12\/logo-samesize-arcus.png 500w, https:\/\/esportsplayerfoundation.org\/wp-content\/uploads\/2022\/12\/logo-samesize-arcus-300x168.png 300w\" \/><\/div>\n\t\t<\/div>\n\t<\/div>\n\n\n<div class=\"post-entry-content\">\n\n\t\n<\/div><\/article><\/div><\/div><!-- iso-container|iso-grid --><\/div>\t\t\t\t<\/div>\n\t\t\t\t<\/div>\n\t\t\t\t\t<\/div>\n\t\t<\/div>\n\t\t\t\t\t<\/div>\n\t\t<\/section>\n\t\t\t\t<\/div>\n\t\t","protected":false},"excerpt":{"rendered":"<p>No esports athlete has to become a triathlete on the side &#8211; but a good physical condition is conducive to performance.<\/p>\n","protected":false},"author":1,"featured_media":1550,"parent":3933,"menu_order":59,"comment_status":"closed","ping_status":"closed","template":"","meta":{"_acf_changed":false,"footnotes":""},"class_list":["post-605","page","type-page","status-publish","has-post-thumbnail","hentry","description-off"],"acf":[],"_links":{"self":[{"href":"https:\/\/esportsplayerfoundation.org\/en\/wp-json\/wp\/v2\/pages\/605","targetHints":{"allow":["GET"]}}],"collection":[{"href":"https:\/\/esportsplayerfoundation.org\/en\/wp-json\/wp\/v2\/pages"}],"about":[{"href":"https:\/\/esportsplayerfoundation.org\/en\/wp-json\/wp\/v2\/types\/page"}],"author":[{"embeddable":true,"href":"https:\/\/esportsplayerfoundation.org\/en\/wp-json\/wp\/v2\/users\/1"}],"replies":[{"embeddable":true,"href":"https:\/\/esportsplayerfoundation.org\/en\/wp-json\/wp\/v2\/comments?post=605"}],"version-history":[{"count":0,"href":"https:\/\/esportsplayerfoundation.org\/en\/wp-json\/wp\/v2\/pages\/605\/revisions"}],"up":[{"embeddable":true,"href":"https:\/\/esportsplayerfoundation.org\/en\/wp-json\/wp\/v2\/pages\/3933"}],"wp:featuredmedia":[{"embeddable":true,"href":"https:\/\/esportsplayerfoundation.org\/en\/wp-json\/wp\/v2\/media\/1550"}],"wp:attachment":[{"href":"https:\/\/esportsplayerfoundation.org\/en\/wp-json\/wp\/v2\/media?parent=605"}],"curies":[{"name":"wp","href":"https:\/\/api.w.org\/{rel}","templated":true}]}}