{"id":770,"date":"2022-09-10T10:58:19","date_gmt":"2022-09-10T08:58:19","guid":{"rendered":"https:\/\/test.esportsplayerfoundation.org\/safe-space-policy\/"},"modified":"2024-05-16T15:22:14","modified_gmt":"2024-05-16T13:22:14","slug":"safe-space-policy","status":"publish","type":"page","link":"https:\/\/esportsplayerfoundation.org\/en\/safe-space-policy\/","title":{"rendered":"Safe Space Policy"},"content":{"rendered":"\t\t<div data-elementor-type=\"wp-page\" data-elementor-id=\"770\" class=\"elementor elementor-770 elementor-60\" data-elementor-post-type=\"page\">\n\t\t\t\t\t\t<section class=\"elementor-section elementor-top-section elementor-element elementor-element-a12bd2c elementor-section-boxed elementor-section-height-default elementor-section-height-default\" data-id=\"a12bd2c\" data-element_type=\"section\" data-e-type=\"section\">\n\t\t\t\t\t\t<div class=\"elementor-container elementor-column-gap-default\">\n\t\t\t\t\t<div class=\"elementor-column elementor-col-100 elementor-top-column elementor-element elementor-element-f3a2818\" data-id=\"f3a2818\" data-element_type=\"column\" data-e-type=\"column\">\n\t\t\t<div class=\"elementor-widget-wrap elementor-element-populated\">\n\t\t\t\t\t\t<div class=\"elementor-element elementor-element-1eae8c6 elementor-widget elementor-widget-text-editor\" data-id=\"1eae8c6\" data-element_type=\"widget\" data-e-type=\"widget\" data-widget_type=\"text-editor.default\">\n\t\t\t\t<div class=\"elementor-widget-container\">\n\t\t\t\t\t\t\t\t\t<p>Wir m\u00f6chten allen Teilnehmenden unserer Events eine sch\u00f6ne Erfahrung bieten, unabh\u00e4ngig von Geschlecht und geschlechtlicher Identit\u00e4t, Nationalit\u00e4t, ethnischer Herkunft, Religion oder Weltanschauung, Behinderung, Alter, Sprache sowie sexueller Orientierung und Identit\u00e4t. Wir lieben und leben Diversit\u00e4t, was wir unter anderem mit unserer Unterst\u00fctzung der gemeinsamen\u00a0<a href=\"https:\/\/www.hier-spielt-vielfalt.de\/\" target=\"_blank\" rel=\"noopener\">Erkl\u00e4rung der deutschen Games-Branche f\u00fcr mehr Diversit\u00e4t\u00a0<\/a>deutlich gemacht haben. Aus diesem Grund tolerieren wir keinerlei Bel\u00e4stigungen, \u00dcbergriffigkeiten oder unangebrachte Ansprachen gegen\u00fcber unseren G\u00e4sten, Besuchenden, Teammitgliedern, Partnerinnen und Partnern oder Mitveranstaltenden und Co. Der Schutz und die physische wie psychische Unversehrtheit all unserer G\u00e4ste hat f\u00fcr uns oberste Priorit\u00e4t.<\/p><h3><strong>Nicht akzeptiertes Verhalten:<\/strong><\/h3><p>Bel\u00e4stigungen beinhalten jede Form von unangebrachten, diskriminierenden verbalen \u00c4u\u00dferungen in Bezug auf Geschlecht, Geschlechtsidentit\u00e4t, sexuelle Orientierung, k\u00f6rperliche oder mentale Beeintr\u00e4chtigungen, Aussehen, Ethnie, Alter oder Religion. Au\u00dferdem fallen hierunter alle Formen absichtlicher Einsch\u00fcchterung, Nachstellens\/Stalkings, nicht-abgesprochenen Fotografierens oder Filmens anderer Personen, ununterbrochene St\u00f6rungen von Vortr\u00e4gen, unangemessener K\u00f6rperkontakt und unerw\u00fcnschte sexuelle Ann\u00e4herungen.<\/p><h3><strong>Wie meldet man einen Versto\u00df oder bespricht ein Anliegen?<\/strong><\/h3><p>Teilnehmende, die bel\u00e4stigt werden oder bemerken, dass eine andere Person bel\u00e4stigt wird, m\u00f6chten wir ermutigen, uns dies unverz\u00fcglich zu melden:<\/p><ul><li>info@esportsplayerfoundation.org<\/li><li><span style=\"color: var( --e-global-color-text ); font-weight: var( --e-global-typography-text-font-weight ); letter-spacing: var(--the7-base-letter-spacing); text-transform: var(--the7-base-text-transform); word-spacing: normal;\">\u2060Pers\u00f6nlich dem epf-Team vor Ort<\/span><\/li><\/ul><h3><strong>Was passiert bei einem Versto\u00df gegen die Safer Space Policy?<\/strong><\/h3><p>Gegen\u00fcber Teilnehmenden, die ein entsprechendes Verhalten aus\u00fcben, k\u00f6nnen wir als Organisator Ma\u00dfnahmen ergreifen, die wir f\u00fcr angemessen halten. Diese k\u00f6nnen von der Verwarnung der betreffenden Person bis zu deren Ausschluss auf der aktuellen sowie zuk\u00fcnftigen Veranstaltungen reichen.\u00a0Das betrifft alle Zusammenk\u00fcnfte, zu denen wir einladen, also sowohl physische Events als auch rein digitale. Sollte es im Zuge dessen notwendig sein, das Sicherheitspersonal oder die Polizei zu kontaktieren, werden wir dies als Organisator tun. Den betroffenen Personen stehen wir dabei jederzeit zur Seite.<\/p><p>Wir freuen uns \u00fcber die Anwesenheit all unserer G\u00e4ste. Um uns allen ein wertsch\u00e4tzendes und respektvolles Miteinander zu gestalten, verlangen wir deshalb ausnahmslos die Einhaltung dieser Regeln. Denn unsere Events sind Safer Spaces f\u00fcr alle.<\/p>\t\t\t\t\t\t\t\t<\/div>\n\t\t\t\t<\/div>\n\t\t\t\t\t<\/div>\n\t\t<\/div>\n\t\t\t\t\t<\/div>\n\t\t<\/section>\n\t\t\t\t<\/div>\n\t\t","protected":false},"excerpt":{"rendered":"<p>Wir m\u00f6chten allen Teilnehmenden unserer Events eine sch\u00f6ne Erfahrung bieten, unabh\u00e4ngig von Geschlecht und geschlechtlicher Identit\u00e4t, Nationalit\u00e4t, ethnischer Herkunft, Religion oder Weltanschauung, Behinderung, Alter, Sprache sowie sexueller Orientierung und Identit\u00e4t. Wir lieben und leben Diversit\u00e4t, was wir unter anderem mit unserer Unterst\u00fctzung der gemeinsamen\u00a0Erkl\u00e4rung der deutschen Games-Branche f\u00fcr mehr Diversit\u00e4t\u00a0deutlich gemacht haben. Aus diesem Grund&hellip;<\/p>\n","protected":false},"author":1,"featured_media":0,"parent":0,"menu_order":100,"comment_status":"closed","ping_status":"closed","template":"","meta":{"_acf_changed":false,"footnotes":""},"class_list":["post-770","page","type-page","status-publish","hentry"],"acf":[],"_links":{"self":[{"href":"https:\/\/esportsplayerfoundation.org\/en\/wp-json\/wp\/v2\/pages\/770","targetHints":{"allow":["GET"]}}],"collection":[{"href":"https:\/\/esportsplayerfoundation.org\/en\/wp-json\/wp\/v2\/pages"}],"about":[{"href":"https:\/\/esportsplayerfoundation.org\/en\/wp-json\/wp\/v2\/types\/page"}],"author":[{"embeddable":true,"href":"https:\/\/esportsplayerfoundation.org\/en\/wp-json\/wp\/v2\/users\/1"}],"replies":[{"embeddable":true,"href":"https:\/\/esportsplayerfoundation.org\/en\/wp-json\/wp\/v2\/comments?post=770"}],"version-history":[{"count":0,"href":"https:\/\/esportsplayerfoundation.org\/en\/wp-json\/wp\/v2\/pages\/770\/revisions"}],"wp:attachment":[{"href":"https:\/\/esportsplayerfoundation.org\/en\/wp-json\/wp\/v2\/media?parent=770"}],"curies":[{"name":"wp","href":"https:\/\/api.w.org\/{rel}","templated":true}]}}