{"id":2,"date":"2024-12-04T20:36:17","date_gmt":"2024-12-04T19:36:17","guid":{"rendered":"https:\/\/esportsplayerfoundation.org\/nxt-gen\/?page_id=2"},"modified":"2026-05-05T17:23:24","modified_gmt":"2026-05-05T15:23:24","slug":"nxt-gen-academy","status":"publish","type":"page","link":"https:\/\/esportsplayerfoundation.org\/mms-nxt-gen-academy\/","title":{"rendered":"MediaMarktSaturn NXT Gen Academy"},"content":{"rendered":"\t\t<div data-elementor-type=\"wp-page\" data-elementor-id=\"2\" class=\"elementor elementor-2\">\n\t\t\t\t<div class=\"elementor-element elementor-element-513a8b7 e-flex e-con-boxed e-con e-parent\" data-id=\"513a8b7\" data-element_type=\"container\" data-e-type=\"container\">\n\t\t\t\t\t<div class=\"e-con-inner\">\n\t\t\t\t<div class=\"elementor-element elementor-element-07e536d elementor-widget elementor-widget-heading\" data-id=\"07e536d\" data-element_type=\"widget\" data-e-type=\"widget\" data-widget_type=\"heading.default\">\n\t\t\t\t<div class=\"elementor-widget-container\">\n\t\t\t\t\t<h2 class=\"elementor-heading-title elementor-size-default\">MediaMarktSaturn NXT Gen Academy<\/h2>\t\t\t\t<\/div>\n\t\t\t\t<\/div>\n\t\t\t\t\t<\/div>\n\t\t\t\t<\/div>\n\t\t<div class=\"elementor-element elementor-element-67daa05 e-flex e-con-boxed e-con e-parent\" data-id=\"67daa05\" data-element_type=\"container\" data-e-type=\"container\">\n\t\t\t\t\t<div class=\"e-con-inner\">\n\t\t\t\t<div class=\"elementor-element elementor-element-340d7b7 elementor-widget elementor-widget-text-editor\" data-id=\"340d7b7\" data-element_type=\"widget\" data-e-type=\"widget\" data-widget_type=\"text-editor.default\">\n\t\t\t\t<div class=\"elementor-widget-container\">\n\t\t\t\t\t\t\t\t\t<p>Als gemeinsames Projekt des <strong>XPERION,<\/strong> <strong>der esports player foundation<\/strong> und <strong>MediaMarktSaturn<\/strong> vereinen wir die zentralen Akteure im EA FC Esports unter einem Dach. In unserem reglm\u00e4\u00dfigen Wettbewerb messen sich die besten EA FC Nachwuchstalente. Gemeinsam mit f\u00fchrenden Vereinen\/Organisationen schaffen wir ein Sprungbrett in den professionellen EA FC Esports und bieten ambitionierten Spieler*innen einen strukturierten Weg in den Esports.<\/p><p>Unser Ziel ist es, junge Talente ganzheitlich zu f\u00f6rdern &#8211; damit sie optimal auf die Herausforderungen im Esports vorbereitet sind. Mit der MediaMarktSaturn NXT Gen Academy legen wir den Grundstein f\u00fcr eine erfolgreiche Karriere und st\u00e4rken zugleich den gesamten Esports-Nachwuchs im deutschsprachigen Raum.<\/p><p>Halte unbedingt die Social-Media-Kan\u00e4le von XPERION NXT im Blick \u2013 dort erf\u00e4hrst du rechtzeitig alles \u00fcber die regelm\u00e4\u00dfig stattfindenden Bewerbungsphasen.<\/p>\t\t\t\t\t\t\t\t<\/div>\n\t\t\t\t<\/div>\n\t\t\t\t\t<\/div>\n\t\t\t\t<\/div>\n\t\t<div class=\"elementor-element elementor-element-4b9606f e-grid e-con-boxed e-con e-parent\" data-id=\"4b9606f\" data-element_type=\"container\" data-e-type=\"container\">\n\t\t\t\t\t<div class=\"e-con-inner\">\n\t\t\t\t<div class=\"elementor-element elementor-element-445869b elementor-widget elementor-widget-image\" data-id=\"445869b\" data-element_type=\"widget\" data-e-type=\"widget\" data-widget_type=\"image.default\">\n\t\t\t\t<div class=\"elementor-widget-container\">\n\t\t\t\t\t\t\t\t\t\t\t\t\t\t\t<img fetchpriority=\"high\" decoding=\"async\" width=\"300\" height=\"300\" src=\"https:\/\/esportsplayerfoundation.org\/mms-nxt-gen-academy\/wp-content\/uploads\/sites\/2\/2025\/01\/1.png\" class=\"attachment-medium size-medium wp-image-991\" alt=\"\" srcset=\"https:\/\/esportsplayerfoundation.org\/mms-nxt-gen-academy\/wp-content\/uploads\/sites\/2\/2025\/01\/1.png 300w, https:\/\/esportsplayerfoundation.org\/mms-nxt-gen-academy\/wp-content\/uploads\/sites\/2\/2025\/01\/1-150x150.png 150w\" sizes=\"(max-width: 300px) 100vw, 300px\" \/>\t\t\t\t\t\t\t\t\t\t\t\t\t\t\t<\/div>\n\t\t\t\t<\/div>\n\t\t\t\t<div class=\"elementor-element elementor-element-59ea90d elementor-widget elementor-widget-image\" data-id=\"59ea90d\" data-element_type=\"widget\" data-e-type=\"widget\" data-widget_type=\"image.default\">\n\t\t\t\t<div class=\"elementor-widget-container\">\n\t\t\t\t\t\t\t\t\t\t\t\t\t\t\t<img decoding=\"async\" width=\"300\" height=\"300\" src=\"https:\/\/esportsplayerfoundation.org\/mms-nxt-gen-academy\/wp-content\/uploads\/sites\/2\/2025\/01\/3.png\" class=\"attachment-medium size-medium wp-image-993\" alt=\"\" srcset=\"https:\/\/esportsplayerfoundation.org\/mms-nxt-gen-academy\/wp-content\/uploads\/sites\/2\/2025\/01\/3.png 300w, https:\/\/esportsplayerfoundation.org\/mms-nxt-gen-academy\/wp-content\/uploads\/sites\/2\/2025\/01\/3-150x150.png 150w\" sizes=\"(max-width: 300px) 100vw, 300px\" \/>\t\t\t\t\t\t\t\t\t\t\t\t\t\t\t<\/div>\n\t\t\t\t<\/div>\n\t\t\t\t<div class=\"elementor-element elementor-element-ffa1163 elementor-widget elementor-widget-image\" data-id=\"ffa1163\" data-element_type=\"widget\" data-e-type=\"widget\" data-widget_type=\"image.default\">\n\t\t\t\t<div class=\"elementor-widget-container\">\n\t\t\t\t\t\t\t\t\t\t\t\t\t\t\t<img decoding=\"async\" width=\"300\" height=\"300\" src=\"https:\/\/esportsplayerfoundation.org\/mms-nxt-gen-academy\/wp-content\/uploads\/sites\/2\/2025\/01\/2.png\" class=\"attachment-medium size-medium wp-image-992\" alt=\"\" srcset=\"https:\/\/esportsplayerfoundation.org\/mms-nxt-gen-academy\/wp-content\/uploads\/sites\/2\/2025\/01\/2.png 300w, https:\/\/esportsplayerfoundation.org\/mms-nxt-gen-academy\/wp-content\/uploads\/sites\/2\/2025\/01\/2-150x150.png 150w\" sizes=\"(max-width: 300px) 100vw, 300px\" \/>\t\t\t\t\t\t\t\t\t\t\t\t\t\t\t<\/div>\n\t\t\t\t<\/div>\n\t\t\t\t\t<\/div>\n\t\t\t\t<\/div>\n\t\t<div class=\"elementor-element elementor-element-3f0b4bb e-flex e-con-boxed e-con e-parent\" data-id=\"3f0b4bb\" data-element_type=\"container\" data-e-type=\"container\">\n\t\t\t\t\t<div class=\"e-con-inner\">\n\t\t\t\t<div class=\"elementor-element elementor-element-73de937 elementor-widget elementor-widget-spacer\" data-id=\"73de937\" data-element_type=\"widget\" data-e-type=\"widget\" data-widget_type=\"spacer.default\">\n\t\t\t\t<div class=\"elementor-widget-container\">\n\t\t\t\t\t\t\t<div class=\"elementor-spacer\">\n\t\t\t<div class=\"elementor-spacer-inner\"><\/div>\n\t\t<\/div>\n\t\t\t\t\t\t<\/div>\n\t\t\t\t<\/div>\n\t\t\t\t\t<\/div>\n\t\t\t\t<\/div>\n\t\t<div class=\"elementor-element elementor-element-687117b e-flex e-con-boxed e-con e-parent\" data-id=\"687117b\" data-element_type=\"container\" data-e-type=\"container\">\n\t\t\t\t\t<div class=\"e-con-inner\">\n\t\t\t\t<div class=\"elementor-element elementor-element-7199c04 elementor-widget elementor-widget-heading\" data-id=\"7199c04\" data-element_type=\"widget\" data-e-type=\"widget\" data-widget_type=\"heading.default\">\n\t\t\t\t<div class=\"elementor-widget-container\">\n\t\t\t\t\t<h2 class=\"elementor-heading-title elementor-size-default\">\u2b50\ufe0f Hall of Fame - unsere Sieger \u2b50\ufe0f<\/h2>\t\t\t\t<\/div>\n\t\t\t\t<\/div>\n\t\t\t\t\t<\/div>\n\t\t\t\t<\/div>\n\t\t<div class=\"elementor-element elementor-element-b4bc422 e-flex e-con-boxed e-con e-parent\" data-id=\"b4bc422\" data-element_type=\"container\" data-e-type=\"container\">\n\t\t\t\t\t<div class=\"e-con-inner\">\n\t\t<div class=\"elementor-element elementor-element-dc3c339 e-con-full e-flex e-con e-child\" data-id=\"dc3c339\" data-element_type=\"container\" data-e-type=\"container\">\n\t\t\t\t<div class=\"elementor-element elementor-element-2baa7e2 elementor-widget elementor-widget-image\" data-id=\"2baa7e2\" data-element_type=\"widget\" data-e-type=\"widget\" data-widget_type=\"image.default\">\n\t\t\t\t<div class=\"elementor-widget-container\">\n\t\t\t\t\t\t\t\t\t\t\t\t\t\t\t<img decoding=\"async\" src=\"https:\/\/esportsplayerfoundation.org\/mms-nxt-gen-academy\/wp-content\/uploads\/sites\/2\/2026\/04\/20261804NXTAcademyFinal_xperion_shirsch_0112.jpg\" title=\"\" alt=\"\" loading=\"lazy\" \/>\t\t\t\t\t\t\t\t\t\t\t\t\t\t\t<\/div>\n\t\t\t\t<\/div>\n\t\t\t\t<\/div>\n\t\t<div class=\"elementor-element elementor-element-85c4c51 e-con-full e-flex e-con e-child\" data-id=\"85c4c51\" data-element_type=\"container\" data-e-type=\"container\">\n\t\t<div class=\"elementor-element elementor-element-2c1f5da e-con-full e-flex e-con e-child\" data-id=\"2c1f5da\" data-element_type=\"container\" data-e-type=\"container\">\n\t\t\t\t<div class=\"elementor-element elementor-element-53689f4 elementor-widget elementor-widget-heading\" data-id=\"53689f4\" data-element_type=\"widget\" data-e-type=\"widget\" data-widget_type=\"heading.default\">\n\t\t\t\t<div class=\"elementor-widget-container\">\n\t\t\t\t\t<h2 class=\"elementor-heading-title elementor-size-default\">Robert Brysik ist dreifacher MMS NXT GEN Academy Sieger<\/h2>\t\t\t\t<\/div>\n\t\t\t\t<\/div>\n\t\t\t\t<\/div>\n\t\t<div class=\"elementor-element elementor-element-c4ec375 e-con-full e-flex e-con e-child\" data-id=\"c4ec375\" data-element_type=\"container\" data-e-type=\"container\">\n\t\t\t\t<div class=\"elementor-element elementor-element-60ac4a5 elementor-widget elementor-widget-text-editor\" data-id=\"60ac4a5\" data-element_type=\"widget\" data-e-type=\"widget\" data-widget_type=\"text-editor.default\">\n\t\t\t\t<div class=\"elementor-widget-container\">\n\t\t\t\t\t\t\t\t\t<p><strong data-start=\"103\" data-end=\"120\">Robert Brysik<\/strong> ist dreifacher Sieger der <strong data-start=\"147\" data-end=\"170\">MMS NXT GEN Academy<\/strong> und z\u00e4hlt trotz seines jungen Alters bereits zur absoluten Weltspitze im EA FC-Esports.<\/p><p>Der heute 15-J\u00e4hrige dominierte die Academy \u00fcber drei Saisons hinweg und gewann alle bisherigen Titel: beide Saisons im Jahr 2025 sowie die erste Saison 2026. Damit steht er mit einer perfekten Bilanz von drei Siegen in drei Wettbewerben f\u00fcr eine bislang einzigartige Erfolgsgeschichte innerhalb der Academy.<\/p><p>In allen drei Saisons \u00fcberzeugte FOKUS Robi mit au\u00dfergew\u00f6hnlicher Konstanz und einer f\u00fcr sein Alter bemerkenswerten Spielkontrolle auf h\u00f6chstem Niveau. Seine nationalen und internationalen Erfolge machen ihn zu einem der vielversprechendsten EA FC Talente weltweit und unterstreichen den Anspruch der MMS NXT GEN Academy, fr\u00fchzeitig herausragende Spieler im EA FC Esports zu identifizieren und gezielt zu f\u00f6rdern.<\/p>\t\t\t\t\t\t\t\t<\/div>\n\t\t\t\t<\/div>\n\t\t\t\t<div class=\"elementor-element elementor-element-149ec78 elementor-align-center elementor-widget elementor-widget-the7_button_widget\" data-id=\"149ec78\" data-element_type=\"widget\" data-e-type=\"widget\" data-widget_type=\"the7_button_widget.default\">\n\t\t\t\t<div class=\"elementor-widget-container\">\n\t\t\t\t\t<div class=\"elementor-button-wrapper\"><a href=\"https:\/\/esportsplayerfoundation.org\/mms-nxt-gen-academy\/hall-of-fame\/\" class=\"box-button elementor-button elementor-size-md\">Hier geht es zur Top 3 jeder Saison<\/a><\/div>\t\t\t\t<\/div>\n\t\t\t\t<\/div>\n\t\t\t\t<\/div>\n\t\t\t\t<\/div>\n\t\t\t\t\t<\/div>\n\t\t\t\t<\/div>\n\t\t<div class=\"elementor-element elementor-element-0ee9cc4 e-flex e-con-boxed e-con e-parent\" data-id=\"0ee9cc4\" data-element_type=\"container\" data-e-type=\"container\">\n\t\t\t\t\t<div class=\"e-con-inner\">\n\t\t\t\t<div class=\"elementor-element elementor-element-7d8d416 elementor-widget-divider--view-line elementor-widget elementor-widget-divider\" data-id=\"7d8d416\" data-element_type=\"widget\" data-e-type=\"widget\" data-widget_type=\"divider.default\">\n\t\t\t\t<div class=\"elementor-widget-container\">\n\t\t\t\t\t\t\t<div class=\"elementor-divider\">\n\t\t\t<span class=\"elementor-divider-separator\">\n\t\t\t\t\t\t<\/span>\n\t\t<\/div>\n\t\t\t\t\t\t<\/div>\n\t\t\t\t<\/div>\n\t\t\t\t\t<\/div>\n\t\t\t\t<\/div>\n\t\t<div class=\"elementor-element elementor-element-77a5f0b e-flex e-con-boxed e-con e-parent\" data-id=\"77a5f0b\" data-element_type=\"container\" data-e-type=\"container\">\n\t\t\t\t\t<div class=\"e-con-inner\">\n\t\t\t\t<div class=\"elementor-element elementor-element-1b9fc4b elementor-widget elementor-widget-spacer\" data-id=\"1b9fc4b\" data-element_type=\"widget\" data-e-type=\"widget\" data-widget_type=\"spacer.default\">\n\t\t\t\t<div class=\"elementor-widget-container\">\n\t\t\t\t\t\t\t<div class=\"elementor-spacer\">\n\t\t\t<div class=\"elementor-spacer-inner\"><\/div>\n\t\t<\/div>\n\t\t\t\t\t\t<\/div>\n\t\t\t\t<\/div>\n\t\t\t\t\t<\/div>\n\t\t\t\t<\/div>\n\t\t<div class=\"elementor-element elementor-element-034a95c e-flex e-con-boxed e-con e-parent\" data-id=\"034a95c\" data-element_type=\"container\" data-e-type=\"container\">\n\t\t\t\t\t<div class=\"e-con-inner\">\n\t\t\t\t<div class=\"elementor-element elementor-element-0a7e34e elementor-widget elementor-widget-heading\" data-id=\"0a7e34e\" data-element_type=\"widget\" data-e-type=\"widget\" data-widget_type=\"heading.default\">\n\t\t\t\t<div class=\"elementor-widget-container\">\n\t\t\t\t\t<h2 class=\"elementor-heading-title elementor-size-default\">Spielplan<\/h2>\t\t\t\t<\/div>\n\t\t\t\t<\/div>\n\t\t\t\t\t<\/div>\n\t\t\t\t<\/div>\n\t\t<div class=\"elementor-element elementor-element-d8440e3 e-flex e-con-boxed e-con e-parent\" data-id=\"d8440e3\" data-element_type=\"container\" data-e-type=\"container\">\n\t\t\t\t\t<div class=\"e-con-inner\">\n\t\t\t\t<div class=\"elementor-element elementor-element-d6fb467 elementor-widget elementor-widget-image\" data-id=\"d6fb467\" data-element_type=\"widget\" data-e-type=\"widget\" data-widget_type=\"image.default\">\n\t\t\t\t<div class=\"elementor-widget-container\">\n\t\t\t\t\t\t\t\t\t\t\t\t\t\t\t<img loading=\"lazy\" decoding=\"async\" width=\"1024\" height=\"576\" src=\"https:\/\/esportsplayerfoundation.org\/mms-nxt-gen-academy\/wp-content\/uploads\/sites\/2\/2026\/04\/Tabelle-NXT-Gen-Academy-8-1024x576.jpg\" class=\"attachment-large size-large wp-image-4077\" alt=\"\" srcset=\"https:\/\/esportsplayerfoundation.org\/mms-nxt-gen-academy\/wp-content\/uploads\/sites\/2\/2026\/04\/Tabelle-NXT-Gen-Academy-8-1024x576.jpg 1024w, https:\/\/esportsplayerfoundation.org\/mms-nxt-gen-academy\/wp-content\/uploads\/sites\/2\/2026\/04\/Tabelle-NXT-Gen-Academy-8-300x169.jpg 300w, https:\/\/esportsplayerfoundation.org\/mms-nxt-gen-academy\/wp-content\/uploads\/sites\/2\/2026\/04\/Tabelle-NXT-Gen-Academy-8-768x432.jpg 768w, https:\/\/esportsplayerfoundation.org\/mms-nxt-gen-academy\/wp-content\/uploads\/sites\/2\/2026\/04\/Tabelle-NXT-Gen-Academy-8-1536x864.jpg 1536w, https:\/\/esportsplayerfoundation.org\/mms-nxt-gen-academy\/wp-content\/uploads\/sites\/2\/2026\/04\/Tabelle-NXT-Gen-Academy-8.jpg 1890w\" sizes=\"(max-width: 1024px) 100vw, 1024px\" \/>\t\t\t\t\t\t\t\t\t\t\t\t\t\t\t<\/div>\n\t\t\t\t<\/div>\n\t\t\t\t\t<\/div>\n\t\t\t\t<\/div>\n\t\t<div class=\"elementor-element elementor-element-73ffdda e-flex e-con-boxed e-con e-parent\" data-id=\"73ffdda\" data-element_type=\"container\" data-e-type=\"container\">\n\t\t\t\t\t<div class=\"e-con-inner\">\n\t\t\t\t<div class=\"elementor-element elementor-element-0e74a52 elementor-widget elementor-widget-heading\" data-id=\"0e74a52\" data-element_type=\"widget\" data-e-type=\"widget\" data-widget_type=\"heading.default\">\n\t\t\t\t<div class=\"elementor-widget-container\">\n\t\t\t\t\t<h2 class=\"elementor-heading-title elementor-size-default\">Tabelle<\/h2>\t\t\t\t<\/div>\n\t\t\t\t<\/div>\n\t\t\t\t<div class=\"elementor-element elementor-element-76916fc elementor-widget elementor-widget-image\" data-id=\"76916fc\" data-element_type=\"widget\" data-e-type=\"widget\" data-widget_type=\"image.default\">\n\t\t\t\t<div class=\"elementor-widget-container\">\n\t\t\t\t\t\t\t\t\t\t\t\t\t\t\t<img loading=\"lazy\" decoding=\"async\" width=\"1024\" height=\"576\" src=\"https:\/\/esportsplayerfoundation.org\/mms-nxt-gen-academy\/wp-content\/uploads\/sites\/2\/2026\/05\/Tabelle-NXT-Gen-Academy-9-1024x576.jpg\" class=\"attachment-large size-large wp-image-4094\" alt=\"\" srcset=\"https:\/\/esportsplayerfoundation.org\/mms-nxt-gen-academy\/wp-content\/uploads\/sites\/2\/2026\/05\/Tabelle-NXT-Gen-Academy-9-1024x576.jpg 1024w, https:\/\/esportsplayerfoundation.org\/mms-nxt-gen-academy\/wp-content\/uploads\/sites\/2\/2026\/05\/Tabelle-NXT-Gen-Academy-9-300x169.jpg 300w, https:\/\/esportsplayerfoundation.org\/mms-nxt-gen-academy\/wp-content\/uploads\/sites\/2\/2026\/05\/Tabelle-NXT-Gen-Academy-9-768x432.jpg 768w, https:\/\/esportsplayerfoundation.org\/mms-nxt-gen-academy\/wp-content\/uploads\/sites\/2\/2026\/05\/Tabelle-NXT-Gen-Academy-9-1536x864.jpg 1536w, https:\/\/esportsplayerfoundation.org\/mms-nxt-gen-academy\/wp-content\/uploads\/sites\/2\/2026\/05\/Tabelle-NXT-Gen-Academy-9.jpg 1890w\" sizes=\"(max-width: 1024px) 100vw, 1024px\" \/>\t\t\t\t\t\t\t\t\t\t\t\t\t\t\t<\/div>\n\t\t\t\t<\/div>\n\t\t\t\t<div class=\"elementor-element elementor-element-de0900a elementor-align-justify elementor-widget elementor-widget-button\" data-id=\"de0900a\" data-element_type=\"widget\" data-e-type=\"widget\" data-widget_type=\"button.default\">\n\t\t\t\t<div class=\"elementor-widget-container\">\n\t\t\t\t\t\t\t\t\t<div class=\"elementor-button-wrapper\">\n\t\t\t\t\t<a class=\"elementor-button elementor-button-link elementor-size-sm\" href=\"https:\/\/docs.google.com\/spreadsheets\/d\/1NN5wG9PH6gRIYtZVEJAdDd6HX69SG1Dkk8UQXFKJqLI\/edit?usp=sharing\" target=\"_blank\" rel=\"noopener\">\n\t\t\t\t\t\t<span class=\"elementor-button-content-wrapper\">\n\t\t\t\t\t\t\t\t\t<span class=\"elementor-button-text\">Hier geht es zur Gesamten Tabelle  <\/span>\n\t\t\t\t\t<\/span>\n\t\t\t\t\t<\/a>\n\t\t\t\t<\/div>\n\t\t\t\t\t\t\t\t<\/div>\n\t\t\t\t<\/div>\n\t\t\t\t\t<\/div>\n\t\t\t\t<\/div>\n\t\t\t\t<\/div>\n\t\t","protected":false},"excerpt":{"rendered":"<p>MediaMarktSaturn NXT Gen Academy Als gemeinsames Projekt des XPERION, der esports player foundation und MediaMarktSaturn vereinen wir die zentralen Akteure im EA FC Esports unter einem Dach. In unserem reglm\u00e4\u00dfigen Wettbewerb messen sich die besten EA FC Nachwuchstalente. Gemeinsam mit f\u00fchrenden Vereinen\/Organisationen schaffen wir ein Sprungbrett in den professionellen EA FC Esports und bieten ambitionierten&hellip;<\/p>\n","protected":false},"author":1,"featured_media":0,"parent":0,"menu_order":12,"comment_status":"closed","ping_status":"open","template":"","meta":{"_acf_changed":false,"footnotes":""},"class_list":["post-2","page","type-page","status-publish","hentry"],"acf":[],"_links":{"self":[{"href":"https:\/\/esportsplayerfoundation.org\/mms-nxt-gen-academy\/wp-json\/wp\/v2\/pages\/2","targetHints":{"allow":["GET"]}}],"collection":[{"href":"https:\/\/esportsplayerfoundation.org\/mms-nxt-gen-academy\/wp-json\/wp\/v2\/pages"}],"about":[{"href":"https:\/\/esportsplayerfoundation.org\/mms-nxt-gen-academy\/wp-json\/wp\/v2\/types\/page"}],"author":[{"embeddable":true,"href":"https:\/\/esportsplayerfoundation.org\/mms-nxt-gen-academy\/wp-json\/wp\/v2\/users\/1"}],"replies":[{"embeddable":true,"href":"https:\/\/esportsplayerfoundation.org\/mms-nxt-gen-academy\/wp-json\/wp\/v2\/comments?post=2"}],"version-history":[{"count":0,"href":"https:\/\/esportsplayerfoundation.org\/mms-nxt-gen-academy\/wp-json\/wp\/v2\/pages\/2\/revisions"}],"wp:attachment":[{"href":"https:\/\/esportsplayerfoundation.org\/mms-nxt-gen-academy\/wp-json\/wp\/v2\/media?parent=2"}],"curies":[{"name":"wp","href":"https:\/\/api.w.org\/{rel}","templated":true}]}}