{"id":3771,"date":"2026-01-27T16:14:18","date_gmt":"2026-01-27T15:14:18","guid":{"rendered":"https:\/\/esportsplayerfoundation.org\/mms-nxt-gen-academy\/?page_id=3771"},"modified":"2026-01-29T15:01:34","modified_gmt":"2026-01-29T14:01:34","slug":"hall-of-fame","status":"publish","type":"page","link":"https:\/\/esportsplayerfoundation.org\/mms-nxt-gen-academy\/hall-of-fame\/","title":{"rendered":"Hall of Fame"},"content":{"rendered":"\t\t<div data-elementor-type=\"wp-page\" data-elementor-id=\"3771\" class=\"elementor elementor-3771\">\n\t\t\t\t<div class=\"elementor-element elementor-element-4fd3924 e-flex e-con-boxed e-con e-parent\" data-id=\"4fd3924\" data-element_type=\"container\" data-e-type=\"container\">\n\t\t\t\t\t<div class=\"e-con-inner\">\n\t\t\t\t<div class=\"elementor-element elementor-element-9c0fbc9 elementor-widget elementor-widget-heading\" data-id=\"9c0fbc9\" data-element_type=\"widget\" data-e-type=\"widget\" data-widget_type=\"heading.default\">\n\t\t\t\t<div class=\"elementor-widget-container\">\n\t\t\t\t\t<h2 class=\"elementor-heading-title elementor-size-default\">Saison 1<\/h2>\t\t\t\t<\/div>\n\t\t\t\t<\/div>\n\t\t\t\t\t<\/div>\n\t\t\t\t<\/div>\n\t\t<div class=\"elementor-element elementor-element-17d0602 e-flex e-con-boxed e-con e-parent\" data-id=\"17d0602\" data-element_type=\"container\" data-e-type=\"container\">\n\t\t\t\t\t<div class=\"e-con-inner\">\n\t\t<div class=\"elementor-element elementor-element-a03d585 e-con-full e-flex e-con e-child\" data-id=\"a03d585\" data-element_type=\"container\" data-e-type=\"container\">\n\t\t\t\t<div class=\"elementor-element elementor-element-fd4fe87 elementor-widget elementor-widget-image\" data-id=\"fd4fe87\" data-element_type=\"widget\" data-e-type=\"widget\" data-widget_type=\"image.default\">\n\t\t\t\t<div class=\"elementor-widget-container\">\n\t\t\t\t\t\t\t\t\t\t\t\t\t\t\t<img fetchpriority=\"high\" decoding=\"async\" width=\"819\" height=\"1024\" src=\"https:\/\/esportsplayerfoundation.org\/mms-nxt-gen-academy\/wp-content\/uploads\/sites\/2\/2026\/01\/26062025_Xperion_NXTGEN_simonjolbej_084-819x1024.jpg\" class=\"attachment-large size-large wp-image-3767\" alt=\"Robi 2 facher NXT GEN CUP Sieger\" srcset=\"https:\/\/esportsplayerfoundation.org\/mms-nxt-gen-academy\/wp-content\/uploads\/sites\/2\/2026\/01\/26062025_Xperion_NXTGEN_simonjolbej_084-819x1024.jpg 819w, https:\/\/esportsplayerfoundation.org\/mms-nxt-gen-academy\/wp-content\/uploads\/sites\/2\/2026\/01\/26062025_Xperion_NXTGEN_simonjolbej_084-240x300.jpg 240w, https:\/\/esportsplayerfoundation.org\/mms-nxt-gen-academy\/wp-content\/uploads\/sites\/2\/2026\/01\/26062025_Xperion_NXTGEN_simonjolbej_084-768x960.jpg 768w, https:\/\/esportsplayerfoundation.org\/mms-nxt-gen-academy\/wp-content\/uploads\/sites\/2\/2026\/01\/26062025_Xperion_NXTGEN_simonjolbej_084-1229x1536.jpg 1229w, https:\/\/esportsplayerfoundation.org\/mms-nxt-gen-academy\/wp-content\/uploads\/sites\/2\/2026\/01\/26062025_Xperion_NXTGEN_simonjolbej_084.jpg 1536w\" sizes=\"(max-width: 819px) 100vw, 819px\" \/>\t\t\t\t\t\t\t\t\t\t\t\t\t\t\t<\/div>\n\t\t\t\t<\/div>\n\t\t\t\t<\/div>\n\t\t<div class=\"elementor-element elementor-element-a01a0e2 e-con-full e-flex e-con e-child\" data-id=\"a01a0e2\" data-element_type=\"container\" data-e-type=\"container\">\n\t\t\t\t<div class=\"elementor-element elementor-element-798ba02 elementor-widget elementor-widget-image\" data-id=\"798ba02\" data-element_type=\"widget\" data-e-type=\"widget\" data-widget_type=\"image.default\">\n\t\t\t\t<div class=\"elementor-widget-container\">\n\t\t\t\t\t\t\t\t\t\t\t\t\t\t\t<img decoding=\"async\" width=\"819\" height=\"1024\" src=\"https:\/\/esportsplayerfoundation.org\/mms-nxt-gen-academy\/wp-content\/uploads\/sites\/2\/2026\/01\/MMS-Cup-Tag-2-64-819x1024.jpg\" class=\"attachment-large size-large wp-image-3773\" alt=\"\" srcset=\"https:\/\/esportsplayerfoundation.org\/mms-nxt-gen-academy\/wp-content\/uploads\/sites\/2\/2026\/01\/MMS-Cup-Tag-2-64-819x1024.jpg 819w, https:\/\/esportsplayerfoundation.org\/mms-nxt-gen-academy\/wp-content\/uploads\/sites\/2\/2026\/01\/MMS-Cup-Tag-2-64-240x300.jpg 240w, https:\/\/esportsplayerfoundation.org\/mms-nxt-gen-academy\/wp-content\/uploads\/sites\/2\/2026\/01\/MMS-Cup-Tag-2-64-768x960.jpg 768w, https:\/\/esportsplayerfoundation.org\/mms-nxt-gen-academy\/wp-content\/uploads\/sites\/2\/2026\/01\/MMS-Cup-Tag-2-64-1229x1536.jpg 1229w, https:\/\/esportsplayerfoundation.org\/mms-nxt-gen-academy\/wp-content\/uploads\/sites\/2\/2026\/01\/MMS-Cup-Tag-2-64.jpg 1536w\" sizes=\"(max-width: 819px) 100vw, 819px\" \/>\t\t\t\t\t\t\t\t\t\t\t\t\t\t\t<\/div>\n\t\t\t\t<\/div>\n\t\t\t\t<\/div>\n\t\t<div class=\"elementor-element elementor-element-f790abe e-con-full e-flex e-con e-child\" data-id=\"f790abe\" data-element_type=\"container\" data-e-type=\"container\">\n\t\t\t\t<div class=\"elementor-element elementor-element-f0fc317 elementor-widget elementor-widget-image\" data-id=\"f0fc317\" data-element_type=\"widget\" data-e-type=\"widget\" data-widget_type=\"image.default\">\n\t\t\t\t<div class=\"elementor-widget-container\">\n\t\t\t\t\t\t\t\t\t\t\t\t\t\t\t<img decoding=\"async\" width=\"819\" height=\"1024\" src=\"https:\/\/esportsplayerfoundation.org\/mms-nxt-gen-academy\/wp-content\/uploads\/sites\/2\/2026\/01\/26062025_Xperion_NXTGEN_simonjolbej_009-819x1024.jpg\" class=\"attachment-large size-large wp-image-3774\" alt=\"Fokus Beast Pawel\" srcset=\"https:\/\/esportsplayerfoundation.org\/mms-nxt-gen-academy\/wp-content\/uploads\/sites\/2\/2026\/01\/26062025_Xperion_NXTGEN_simonjolbej_009-819x1024.jpg 819w, https:\/\/esportsplayerfoundation.org\/mms-nxt-gen-academy\/wp-content\/uploads\/sites\/2\/2026\/01\/26062025_Xperion_NXTGEN_simonjolbej_009-240x300.jpg 240w, https:\/\/esportsplayerfoundation.org\/mms-nxt-gen-academy\/wp-content\/uploads\/sites\/2\/2026\/01\/26062025_Xperion_NXTGEN_simonjolbej_009-768x960.jpg 768w, https:\/\/esportsplayerfoundation.org\/mms-nxt-gen-academy\/wp-content\/uploads\/sites\/2\/2026\/01\/26062025_Xperion_NXTGEN_simonjolbej_009-1229x1536.jpg 1229w, https:\/\/esportsplayerfoundation.org\/mms-nxt-gen-academy\/wp-content\/uploads\/sites\/2\/2026\/01\/26062025_Xperion_NXTGEN_simonjolbej_009.jpg 1536w\" sizes=\"(max-width: 819px) 100vw, 819px\" \/>\t\t\t\t\t\t\t\t\t\t\t\t\t\t\t<\/div>\n\t\t\t\t<\/div>\n\t\t\t\t<\/div>\n\t\t<div class=\"elementor-element elementor-element-e5f3056 e-con-full e-flex e-con e-child\" data-id=\"e5f3056\" data-element_type=\"container\" data-e-type=\"container\">\n\t\t\t\t<div class=\"elementor-element elementor-element-3dae764 content-align-left icon-box-vertical-align-top icon-position-left icon-vertical-align-start elementor-widget elementor-widget-the7_icon_box_widget\" data-id=\"3dae764\" data-element_type=\"widget\" data-e-type=\"widget\" data-widget_type=\"the7_icon_box_widget.default\">\n\t\t\t\t<div class=\"elementor-widget-container\">\n\t\t\t\t\t\n\t\t<div class=\"the7-box-wrapper the7-elementor-widget the7_icon_box_widget-3dae764\">\t\t\t<div class=\"box-content-wrapper\">\n\t\t\t\t\t\t\t\t\t<a class=\"elementor-icon-div\" >\t\t\t\t\t\t<div class=\"elementor-icon\">\n\t\t\t\t\t\t\t<svg aria-hidden=\"true\" class=\"e-font-icon-svg e-fas-star\" viewBox=\"0 0 576 512\" xmlns=\"http:\/\/www.w3.org\/2000\/svg\"><path d=\"M259.3 17.8L194 150.2 47.9 171.5c-26.2 3.8-36.7 36.1-17.7 54.6l105.7 103-25 145.5c-4.5 26.3 23.2 46 46.4 33.7L288 439.6l130.7 68.7c23.2 12.2 50.9-7.4 46.4-33.7l-25-145.5 105.7-103c19-18.5 8.5-50.8-17.7-54.6L382 150.2 316.7 17.8c-11.7-23.6-45.6-23.9-57.4 0z\"><\/path><\/svg>\t\t\t\t\t\t<\/div>\n\t\t\t\t\t<\/a>\t\t\t\t\t\t\t\t<div class=\"box-content\">\n\t\t\t\t\t\t\t\t\t\t\t\t\t\t\t\t\t<h4 class=\"box-heading\">\n\t\t\t\t\t\t\t<a >\t\t\t\t\t\t\t\tFOKUS Robi\t\t\t\t\t\t\t<\/a>\t\t\t\t\t\t<\/h4>\n\t\t\t\t\t\t\t\t\t\t\t\t\t\t\t\t<div class=\"box-description\">Robi setzte sich in der ersten Saison der MMS NXT GEN Academy souver\u00e4n durch. Mit au\u00dfergew\u00f6hnlicher Konstanz und mentaler St\u00e4rke legte er den Grundstein f\u00fcr seine Entwicklung zum internationalen EA FC-Top-Talent. Somit erreichte er den ersten Platz.<\/div>\n\t\t\t\t\t\n\t\t\t\t\t\n\t\t\t\t<\/div>\n\t\t\t<\/div>\n\t\t<\/div>\t\t\t\t\t<\/div>\n\t\t\t\t<\/div>\n\t\t\t\t<\/div>\n\t\t<div class=\"elementor-element elementor-element-9bd4d11 e-con-full e-flex e-con e-child\" data-id=\"9bd4d11\" data-element_type=\"container\" data-e-type=\"container\">\n\t\t\t\t<div class=\"elementor-element elementor-element-4afc9ac content-align-left icon-box-vertical-align-top icon-position-left icon-vertical-align-start elementor-widget elementor-widget-the7_icon_box_widget\" data-id=\"4afc9ac\" data-element_type=\"widget\" data-e-type=\"widget\" data-widget_type=\"the7_icon_box_widget.default\">\n\t\t\t\t<div class=\"elementor-widget-container\">\n\t\t\t\t\t\n\t\t<div class=\"the7-box-wrapper the7-elementor-widget the7_icon_box_widget-4afc9ac\">\t\t\t<div class=\"box-content-wrapper\">\n\t\t\t\t\t\t\t\t<div class=\"box-content\">\n\t\t\t\t\t\t\t\t\t\t\t\t\t\t\t\t\t<h4 class=\"box-heading\">\n\t\t\t\t\t\t\t<a >\t\t\t\t\t\t\t\tKynuru\t\t\t\t\t\t\t<\/a>\t\t\t\t\t\t<\/h4>\n\t\t\t\t\t\t\t\t\t\t\t\t\t\t\t\t<div class=\"box-description\">Kynuru \u00fcberzeugte in Saison 1 mit hoher Spielintelligenz und starken Turnierleistungen und erzielte so den 2. Platz. Seine Performance unter Druck machte ihn zu einem der spannendsten Talente des Jahrgangs.<\/div>\n\t\t\t\t\t\n\t\t\t\t\t\n\t\t\t\t<\/div>\n\t\t\t<\/div>\n\t\t<\/div>\t\t\t\t\t<\/div>\n\t\t\t\t<\/div>\n\t\t\t\t<\/div>\n\t\t<div class=\"elementor-element elementor-element-7bb45c0 e-con-full e-flex e-con e-child\" data-id=\"7bb45c0\" data-element_type=\"container\" data-e-type=\"container\">\n\t\t\t\t<div class=\"elementor-element elementor-element-3df8b45 content-align-left icon-box-vertical-align-top icon-position-left icon-vertical-align-start elementor-widget elementor-widget-the7_icon_box_widget\" data-id=\"3df8b45\" data-element_type=\"widget\" data-e-type=\"widget\" data-widget_type=\"the7_icon_box_widget.default\">\n\t\t\t\t<div class=\"elementor-widget-container\">\n\t\t\t\t\t\n\t\t<div class=\"the7-box-wrapper the7-elementor-widget the7_icon_box_widget-3df8b45\">\t\t\t<div class=\"box-content-wrapper\">\n\t\t\t\t\t\t\t\t<div class=\"box-content\">\n\t\t\t\t\t\t\t\t\t\t\t\t\t\t\t\t\t<h4 class=\"box-heading\">\n\t\t\t\t\t\t\t<a >\t\t\t\t\t\t\t\tFOKUS Beast\t\t\t\t\t\t\t<\/a>\t\t\t\t\t\t<\/h4>\n\t\t\t\t\t\t\t\t\t\t\t\t\t\t\t\t<div class=\"box-description\">FOKUS Beast komplettierte das Podium mit aggressivem Playstyle und gro\u00dfem Competitive-Drive. Ein Talent, das fr\u00fch sein Potenzial auf h\u00f6chstem Academy-Niveau zeigte und somit den 3. Platz erreichte.<\/div>\n\t\t\t\t\t\n\t\t\t\t\t\n\t\t\t\t<\/div>\n\t\t\t<\/div>\n\t\t<\/div>\t\t\t\t\t<\/div>\n\t\t\t\t<\/div>\n\t\t\t\t<\/div>\n\t\t\t\t\t<\/div>\n\t\t\t\t<\/div>\n\t\t<div class=\"elementor-element elementor-element-8c0dfad e-flex e-con-boxed e-con e-parent\" data-id=\"8c0dfad\" data-element_type=\"container\" data-e-type=\"container\">\n\t\t\t\t\t<div class=\"e-con-inner\">\n\t\t\t\t<div class=\"elementor-element elementor-element-c10a56a elementor-widget elementor-widget-heading\" data-id=\"c10a56a\" data-element_type=\"widget\" data-e-type=\"widget\" data-widget_type=\"heading.default\">\n\t\t\t\t<div class=\"elementor-widget-container\">\n\t\t\t\t\t<h2 class=\"elementor-heading-title elementor-size-default\">Saison 2<\/h2>\t\t\t\t<\/div>\n\t\t\t\t<\/div>\n\t\t\t\t\t<\/div>\n\t\t\t\t<\/div>\n\t\t<div class=\"elementor-element elementor-element-0655767 e-flex e-con-boxed e-con e-parent\" data-id=\"0655767\" data-element_type=\"container\" data-e-type=\"container\">\n\t\t\t\t\t<div class=\"e-con-inner\">\n\t\t<div class=\"elementor-element elementor-element-349b935 e-con-full e-flex e-con e-child\" data-id=\"349b935\" data-element_type=\"container\" data-e-type=\"container\">\n\t\t<div class=\"elementor-element elementor-element-5e78d1e e-con-full e-flex e-con e-child\" data-id=\"5e78d1e\" data-element_type=\"container\" data-e-type=\"container\">\n\t\t\t\t<div class=\"elementor-element elementor-element-0e8c301 elementor-widget elementor-widget-image\" data-id=\"0e8c301\" data-element_type=\"widget\" data-e-type=\"widget\" data-widget_type=\"image.default\">\n\t\t\t\t<div class=\"elementor-widget-container\">\n\t\t\t\t\t\t\t\t\t\t\t\t\t\t\t<img loading=\"lazy\" decoding=\"async\" width=\"819\" height=\"1024\" src=\"https:\/\/esportsplayerfoundation.org\/mms-nxt-gen-academy\/wp-content\/uploads\/sites\/2\/2026\/01\/26062025_Xperion_NXTGEN_simonjolbej_037-819x1024.jpg\" class=\"attachment-large size-large wp-image-3775\" alt=\"Robi 2 facher NXT GEN CUP Sieger EA FC\" srcset=\"https:\/\/esportsplayerfoundation.org\/mms-nxt-gen-academy\/wp-content\/uploads\/sites\/2\/2026\/01\/26062025_Xperion_NXTGEN_simonjolbej_037-819x1024.jpg 819w, https:\/\/esportsplayerfoundation.org\/mms-nxt-gen-academy\/wp-content\/uploads\/sites\/2\/2026\/01\/26062025_Xperion_NXTGEN_simonjolbej_037-240x300.jpg 240w, https:\/\/esportsplayerfoundation.org\/mms-nxt-gen-academy\/wp-content\/uploads\/sites\/2\/2026\/01\/26062025_Xperion_NXTGEN_simonjolbej_037-768x960.jpg 768w, https:\/\/esportsplayerfoundation.org\/mms-nxt-gen-academy\/wp-content\/uploads\/sites\/2\/2026\/01\/26062025_Xperion_NXTGEN_simonjolbej_037-1229x1536.jpg 1229w, https:\/\/esportsplayerfoundation.org\/mms-nxt-gen-academy\/wp-content\/uploads\/sites\/2\/2026\/01\/26062025_Xperion_NXTGEN_simonjolbej_037.jpg 1536w\" sizes=\"(max-width: 819px) 100vw, 819px\" \/>\t\t\t\t\t\t\t\t\t\t\t\t\t\t\t<\/div>\n\t\t\t\t<\/div>\n\t\t\t\t<\/div>\n\t\t<div class=\"elementor-element elementor-element-3db626a e-con-full e-flex e-con e-child\" data-id=\"3db626a\" data-element_type=\"container\" data-e-type=\"container\">\n\t\t\t\t<div class=\"elementor-element elementor-element-410f4b4 elementor-widget elementor-widget-image\" data-id=\"410f4b4\" data-element_type=\"widget\" data-e-type=\"widget\" data-widget_type=\"image.default\">\n\t\t\t\t<div class=\"elementor-widget-container\">\n\t\t\t\t\t\t\t\t\t\t\t\t\t\t\t<img loading=\"lazy\" decoding=\"async\" width=\"819\" height=\"1024\" src=\"https:\/\/esportsplayerfoundation.org\/mms-nxt-gen-academy\/wp-content\/uploads\/sites\/2\/2026\/01\/26062025_Xperion_NXTGEN_simonjolbej_014-819x1024.jpg\" class=\"attachment-large size-large wp-image-3776\" alt=\"\" srcset=\"https:\/\/esportsplayerfoundation.org\/mms-nxt-gen-academy\/wp-content\/uploads\/sites\/2\/2026\/01\/26062025_Xperion_NXTGEN_simonjolbej_014-819x1024.jpg 819w, https:\/\/esportsplayerfoundation.org\/mms-nxt-gen-academy\/wp-content\/uploads\/sites\/2\/2026\/01\/26062025_Xperion_NXTGEN_simonjolbej_014-240x300.jpg 240w, https:\/\/esportsplayerfoundation.org\/mms-nxt-gen-academy\/wp-content\/uploads\/sites\/2\/2026\/01\/26062025_Xperion_NXTGEN_simonjolbej_014-768x960.jpg 768w, https:\/\/esportsplayerfoundation.org\/mms-nxt-gen-academy\/wp-content\/uploads\/sites\/2\/2026\/01\/26062025_Xperion_NXTGEN_simonjolbej_014-1229x1536.jpg 1229w, https:\/\/esportsplayerfoundation.org\/mms-nxt-gen-academy\/wp-content\/uploads\/sites\/2\/2026\/01\/26062025_Xperion_NXTGEN_simonjolbej_014.jpg 1536w\" sizes=\"(max-width: 819px) 100vw, 819px\" \/>\t\t\t\t\t\t\t\t\t\t\t\t\t\t\t<\/div>\n\t\t\t\t<\/div>\n\t\t\t\t<\/div>\n\t\t<div class=\"elementor-element elementor-element-97d5a1e e-con-full e-flex e-con e-child\" data-id=\"97d5a1e\" data-element_type=\"container\" data-e-type=\"container\">\n\t\t\t\t<div class=\"elementor-element elementor-element-e1b43bf elementor-widget elementor-widget-image\" data-id=\"e1b43bf\" data-element_type=\"widget\" data-e-type=\"widget\" data-widget_type=\"image.default\">\n\t\t\t\t<div class=\"elementor-widget-container\">\n\t\t\t\t\t\t\t\t\t\t\t\t\t\t\t<img loading=\"lazy\" decoding=\"async\" width=\"819\" height=\"1024\" src=\"https:\/\/esportsplayerfoundation.org\/mms-nxt-gen-academy\/wp-content\/uploads\/sites\/2\/2026\/01\/26062025_Xperion_NXTGEN_simonjolbej_071-819x1024.jpg\" class=\"attachment-large size-large wp-image-3777\" alt=\"NXT Okan EA FC NXT Gen Cup\" srcset=\"https:\/\/esportsplayerfoundation.org\/mms-nxt-gen-academy\/wp-content\/uploads\/sites\/2\/2026\/01\/26062025_Xperion_NXTGEN_simonjolbej_071-819x1024.jpg 819w, https:\/\/esportsplayerfoundation.org\/mms-nxt-gen-academy\/wp-content\/uploads\/sites\/2\/2026\/01\/26062025_Xperion_NXTGEN_simonjolbej_071-240x300.jpg 240w, https:\/\/esportsplayerfoundation.org\/mms-nxt-gen-academy\/wp-content\/uploads\/sites\/2\/2026\/01\/26062025_Xperion_NXTGEN_simonjolbej_071-768x960.jpg 768w, https:\/\/esportsplayerfoundation.org\/mms-nxt-gen-academy\/wp-content\/uploads\/sites\/2\/2026\/01\/26062025_Xperion_NXTGEN_simonjolbej_071-1229x1536.jpg 1229w, https:\/\/esportsplayerfoundation.org\/mms-nxt-gen-academy\/wp-content\/uploads\/sites\/2\/2026\/01\/26062025_Xperion_NXTGEN_simonjolbej_071.jpg 1536w\" sizes=\"(max-width: 819px) 100vw, 819px\" \/>\t\t\t\t\t\t\t\t\t\t\t\t\t\t\t<\/div>\n\t\t\t\t<\/div>\n\t\t\t\t<\/div>\n\t\t<div class=\"elementor-element elementor-element-d36dc4f e-con-full e-flex e-con e-child\" data-id=\"d36dc4f\" data-element_type=\"container\" data-e-type=\"container\">\n\t\t\t\t<div class=\"elementor-element elementor-element-8aaeb64 content-align-left icon-box-vertical-align-top icon-position-left icon-vertical-align-start elementor-widget elementor-widget-the7_icon_box_widget\" data-id=\"8aaeb64\" data-element_type=\"widget\" data-e-type=\"widget\" data-widget_type=\"the7_icon_box_widget.default\">\n\t\t\t\t<div class=\"elementor-widget-container\">\n\t\t\t\t\t\n\t\t<div class=\"the7-box-wrapper the7-elementor-widget the7_icon_box_widget-8aaeb64\">\t\t\t<div class=\"box-content-wrapper\">\n\t\t\t\t\t\t\t\t\t<a class=\"elementor-icon-div\" >\t\t\t\t\t\t<div class=\"elementor-icon\">\n\t\t\t\t\t\t\t<svg aria-hidden=\"true\" class=\"e-font-icon-svg e-fas-star\" viewBox=\"0 0 576 512\" xmlns=\"http:\/\/www.w3.org\/2000\/svg\"><path d=\"M259.3 17.8L194 150.2 47.9 171.5c-26.2 3.8-36.7 36.1-17.7 54.6l105.7 103-25 145.5c-4.5 26.3 23.2 46 46.4 33.7L288 439.6l130.7 68.7c23.2 12.2 50.9-7.4 46.4-33.7l-25-145.5 105.7-103c19-18.5 8.5-50.8-17.7-54.6L382 150.2 316.7 17.8c-11.7-23.6-45.6-23.9-57.4 0z\"><\/path><\/svg>\t\t\t\t\t\t<\/div>\n\t\t\t\t\t<\/a>\t\t\t\t\t\t\t\t<div class=\"box-content\">\n\t\t\t\t\t\t\t\t\t\t\t\t\t\t\t\t\t<h4 class=\"box-heading\">\n\t\t\t\t\t\t\t<a >\t\t\t\t\t\t\t\tFOKUS Robi\t\t\t\t\t\t\t<\/a>\t\t\t\t\t\t<\/h4>\n\t\t\t\t\t\t\t\t\t\t\t\t\t\t\t\t<div class=\"box-description\">Auch in Saison 2 lie\u00df Robi der Konkurrenz keine Chance. Als erster zweifacher Sieger der MMS NXT GEN Academy best\u00e4tigte er eindrucksvoll seinen Status als Ausnahmetalent.<\/div>\n\t\t\t\t\t\n\t\t\t\t\t\n\t\t\t\t<\/div>\n\t\t\t<\/div>\n\t\t<\/div>\t\t\t\t\t<\/div>\n\t\t\t\t<\/div>\n\t\t\t\t<\/div>\n\t\t<div class=\"elementor-element elementor-element-1a5912b e-con-full e-flex e-con e-child\" data-id=\"1a5912b\" data-element_type=\"container\" data-e-type=\"container\">\n\t\t\t\t<div class=\"elementor-element elementor-element-f3ef62a content-align-left icon-box-vertical-align-top icon-position-left icon-vertical-align-start elementor-widget elementor-widget-the7_icon_box_widget\" data-id=\"f3ef62a\" data-element_type=\"widget\" data-e-type=\"widget\" data-widget_type=\"the7_icon_box_widget.default\">\n\t\t\t\t<div class=\"elementor-widget-container\">\n\t\t\t\t\t\n\t\t<div class=\"the7-box-wrapper the7-elementor-widget the7_icon_box_widget-f3ef62a\">\t\t\t<div class=\"box-content-wrapper\">\n\t\t\t\t\t\t\t\t<div class=\"box-content\">\n\t\t\t\t\t\t\t\t\t\t\t\t\t\t\t\t\t<h4 class=\"box-heading\">\n\t\t\t\t\t\t\t<a >\t\t\t\t\t\t\t\tATN Kynuru\t\t\t\t\t\t\t<\/a>\t\t\t\t\t\t<\/h4>\n\t\t\t\t\t\t\t\t\t\t\t\t\t\t\t\t<div class=\"box-description\">Kynuru kn\u00fcpfte nahtlos an seine starke Premierensaison an. Seine Entwicklung und Konstanz \u00fcber zwei Spielzeiten hinweg unterstreichen seinen Platz an der Spitze der Academy. In Saison 2 reichte es daher f\u00fcr den 2. Platz.<\/div>\n\t\t\t\t\t\n\t\t\t\t\t\n\t\t\t\t<\/div>\n\t\t\t<\/div>\n\t\t<\/div>\t\t\t\t\t<\/div>\n\t\t\t\t<\/div>\n\t\t\t\t<\/div>\n\t\t<div class=\"elementor-element elementor-element-5e93672 e-con-full e-flex e-con e-child\" data-id=\"5e93672\" data-element_type=\"container\" data-e-type=\"container\">\n\t\t\t\t<div class=\"elementor-element elementor-element-88ebc8d content-align-left icon-box-vertical-align-top icon-position-left icon-vertical-align-start elementor-widget elementor-widget-the7_icon_box_widget\" data-id=\"88ebc8d\" data-element_type=\"widget\" data-e-type=\"widget\" data-widget_type=\"the7_icon_box_widget.default\">\n\t\t\t\t<div class=\"elementor-widget-container\">\n\t\t\t\t\t\n\t\t<div class=\"the7-box-wrapper the7-elementor-widget the7_icon_box_widget-88ebc8d\">\t\t\t<div class=\"box-content-wrapper\">\n\t\t\t\t\t\t\t\t<div class=\"box-content\">\n\t\t\t\t\t\t\t\t\t\t\t\t\t\t\t\t\t<h4 class=\"box-heading\">\n\t\t\t\t\t\t\t<a >\t\t\t\t\t\t\t\tNXT Okan\t\t\t\t\t\t\t<\/a>\t\t\t\t\t\t<\/h4>\n\t\t\t\t\t\t\t\t\t\t\t\t\t\t\t\t<div class=\"box-description\">NXT Okan sicherte sich Platz 3 mit starken Einzelperformances und hohem spielerischem Tempo. Ein klares Zeichen f\u00fcr sein Potenzial auf dem n\u00e4chsten Competitive-Level.<\/div>\n\t\t\t\t\t\n\t\t\t\t\t\n\t\t\t\t<\/div>\n\t\t\t<\/div>\n\t\t<\/div>\t\t\t\t\t<\/div>\n\t\t\t\t<\/div>\n\t\t\t\t<\/div>\n\t\t\t\t<\/div>\n\t\t\t\t\t<\/div>\n\t\t\t\t<\/div>\n\t\t\t\t<\/div>\n\t\t","protected":false},"excerpt":{"rendered":"<p>Saison 1 FOKUS Robi Robi setzte sich in der ersten Saison der MMS NXT GEN Academy souver\u00e4n durch. Mit au\u00dfergew\u00f6hnlicher Konstanz und mentaler St\u00e4rke legte er den Grundstein f\u00fcr seine Entwicklung zum internationalen EA FC-Top-Talent. Somit erreichte er den ersten Platz. Kynuru Kynuru \u00fcberzeugte in Saison 1 mit hoher Spielintelligenz und starken Turnierleistungen und erzielte&hellip;<\/p>\n","protected":false},"author":2,"featured_media":0,"parent":0,"menu_order":0,"comment_status":"closed","ping_status":"closed","template":"","meta":{"_acf_changed":false,"footnotes":""},"class_list":["post-3771","page","type-page","status-publish","hentry"],"acf":[],"_links":{"self":[{"href":"https:\/\/esportsplayerfoundation.org\/mms-nxt-gen-academy\/wp-json\/wp\/v2\/pages\/3771","targetHints":{"allow":["GET"]}}],"collection":[{"href":"https:\/\/esportsplayerfoundation.org\/mms-nxt-gen-academy\/wp-json\/wp\/v2\/pages"}],"about":[{"href":"https:\/\/esportsplayerfoundation.org\/mms-nxt-gen-academy\/wp-json\/wp\/v2\/types\/page"}],"author":[{"embeddable":true,"href":"https:\/\/esportsplayerfoundation.org\/mms-nxt-gen-academy\/wp-json\/wp\/v2\/users\/2"}],"replies":[{"embeddable":true,"href":"https:\/\/esportsplayerfoundation.org\/mms-nxt-gen-academy\/wp-json\/wp\/v2\/comments?post=3771"}],"version-history":[{"count":0,"href":"https:\/\/esportsplayerfoundation.org\/mms-nxt-gen-academy\/wp-json\/wp\/v2\/pages\/3771\/revisions"}],"wp:attachment":[{"href":"https:\/\/esportsplayerfoundation.org\/mms-nxt-gen-academy\/wp-json\/wp\/v2\/media?parent=3771"}],"curies":[{"name":"wp","href":"https:\/\/api.w.org\/{rel}","templated":true}]}}