{"id":1252,"date":"2025-01-20T14:07:35","date_gmt":"2025-01-20T13:07:35","guid":{"rendered":"https:\/\/esportsplayerfoundation.org\/telekom-eacademy\/?page_id=1252"},"modified":"2026-04-09T11:39:10","modified_gmt":"2026-04-09T09:39:10","slug":"teams","status":"publish","type":"page","link":"https:\/\/esportsplayerfoundation.org\/telekom-eacademy\/teams\/","title":{"rendered":"Teams"},"content":{"rendered":"\t\t<div data-elementor-type=\"wp-page\" data-elementor-id=\"1252\" class=\"elementor elementor-1252\">\n\t\t\t\t<div class=\"elementor-element elementor-element-49a2a66 e-flex e-con-boxed e-con e-parent\" data-id=\"49a2a66\" data-element_type=\"container\" data-e-type=\"container\">\n\t\t\t\t\t<div class=\"e-con-inner\">\n\t\t\t\t<div class=\"elementor-element elementor-element-19e6855 elementor-widget elementor-widget-heading\" data-id=\"19e6855\" data-element_type=\"widget\" data-e-type=\"widget\" data-widget_type=\"heading.default\">\n\t\t\t\t<div class=\"elementor-widget-container\">\n\t\t\t\t\t<h2 class=\"elementor-heading-title elementor-size-default\">Unsere Teams im \u00dcberblick<\/h2>\t\t\t\t<\/div>\n\t\t\t\t<\/div>\n\t\t\t\t<div class=\"elementor-element elementor-element-a39af54 elementor-widget elementor-widget-text-editor\" data-id=\"a39af54\" data-element_type=\"widget\" data-e-type=\"widget\" data-widget_type=\"text-editor.default\">\n\t\t\t\t<div class=\"elementor-widget-container\">\n\t\t\t\t\t\t\t\t\t<p style=\"text-align: center;\"><strong>Die Teams der Telekom eAcademy sind das Herzst\u00fcck unserer Nachwuchsliga. Hier treffen individuelle St\u00e4rken auf Coaching, Rollenverteilungen und einen sich aufbauenden Ligenbetrieb. Jedes Team zeigt, wie aus Talent durch Training, Disziplin und Zusammenarbeit echte Performance entsteht.<br \/><br \/>Acht Mannschaften treten gegeneinander an und messen sich. Jedes Team besteht aus vier Spieler*innen, die im Gegensatz zu vielen anderen Formaten, alle spielen m\u00fcssen.\u00a0<br \/><\/strong><\/p>\t\t\t\t\t\t\t\t<\/div>\n\t\t\t\t<\/div>\n\t\t\t\t\t<\/div>\n\t\t\t\t<\/div>\n\t\t<div class=\"elementor-element elementor-element-2374c47 e-flex e-con-boxed e-con e-parent\" data-id=\"2374c47\" data-element_type=\"container\" data-e-type=\"container\">\n\t\t\t\t\t<div class=\"e-con-inner\">\n\t\t<div class=\"elementor-element elementor-element-420d8dc e-con-full e-flex e-con e-child\" data-id=\"420d8dc\" data-element_type=\"container\" data-e-type=\"container\">\n\t\t\t\t<div class=\"elementor-element elementor-element-427e77f elementor-widget elementor-widget-image\" data-id=\"427e77f\" data-element_type=\"widget\" data-e-type=\"widget\" data-widget_type=\"image.default\">\n\t\t\t\t<div class=\"elementor-widget-container\">\n\t\t\t\t\t\t\t\t\t\t\t\t\t\t\t<img fetchpriority=\"high\" decoding=\"async\" width=\"819\" height=\"1024\" src=\"https:\/\/esportsplayerfoundation.org\/telekom-eacademy\/wp-content\/uploads\/sites\/3\/2025\/10\/6-819x1024.jpg\" class=\"attachment-large size-large wp-image-3863\" alt=\"\" srcset=\"https:\/\/esportsplayerfoundation.org\/telekom-eacademy\/wp-content\/uploads\/sites\/3\/2025\/10\/6-819x1024.jpg 819w, https:\/\/esportsplayerfoundation.org\/telekom-eacademy\/wp-content\/uploads\/sites\/3\/2025\/10\/6-240x300.jpg 240w, https:\/\/esportsplayerfoundation.org\/telekom-eacademy\/wp-content\/uploads\/sites\/3\/2025\/10\/6-768x960.jpg 768w, https:\/\/esportsplayerfoundation.org\/telekom-eacademy\/wp-content\/uploads\/sites\/3\/2025\/10\/6.jpg 1080w\" sizes=\"(max-width: 819px) 100vw, 819px\" \/>\t\t\t\t\t\t\t\t\t\t\t\t\t\t\t<\/div>\n\t\t\t\t<\/div>\n\t\t\t\t<\/div>\n\t\t<div class=\"elementor-element elementor-element-7e49354 e-con-full e-flex e-con e-child\" data-id=\"7e49354\" data-element_type=\"container\" data-e-type=\"container\">\n\t\t\t\t<div class=\"elementor-element elementor-element-60dc7af elementor-widget elementor-widget-image\" data-id=\"60dc7af\" data-element_type=\"widget\" data-e-type=\"widget\" data-widget_type=\"image.default\">\n\t\t\t\t<div class=\"elementor-widget-container\">\n\t\t\t\t\t\t\t\t\t\t\t\t\t\t\t<img decoding=\"async\" width=\"819\" height=\"1024\" src=\"https:\/\/esportsplayerfoundation.org\/telekom-eacademy\/wp-content\/uploads\/sites\/3\/2025\/10\/6-3-819x1024.jpg\" class=\"attachment-large size-large wp-image-3861\" alt=\"\" srcset=\"https:\/\/esportsplayerfoundation.org\/telekom-eacademy\/wp-content\/uploads\/sites\/3\/2025\/10\/6-3-819x1024.jpg 819w, https:\/\/esportsplayerfoundation.org\/telekom-eacademy\/wp-content\/uploads\/sites\/3\/2025\/10\/6-3-240x300.jpg 240w, https:\/\/esportsplayerfoundation.org\/telekom-eacademy\/wp-content\/uploads\/sites\/3\/2025\/10\/6-3-768x960.jpg 768w, https:\/\/esportsplayerfoundation.org\/telekom-eacademy\/wp-content\/uploads\/sites\/3\/2025\/10\/6-3.jpg 1080w\" sizes=\"(max-width: 819px) 100vw, 819px\" \/>\t\t\t\t\t\t\t\t\t\t\t\t\t\t\t<\/div>\n\t\t\t\t<\/div>\n\t\t\t\t<\/div>\n\t\t<div class=\"elementor-element elementor-element-92a5516 e-con-full e-flex e-con e-child\" data-id=\"92a5516\" data-element_type=\"container\" data-e-type=\"container\">\n\t\t\t\t<div class=\"elementor-element elementor-element-099ded1 elementor-widget elementor-widget-image\" data-id=\"099ded1\" data-element_type=\"widget\" data-e-type=\"widget\" data-widget_type=\"image.default\">\n\t\t\t\t<div class=\"elementor-widget-container\">\n\t\t\t\t\t\t\t\t\t\t\t\t\t\t\t<img decoding=\"async\" width=\"819\" height=\"1024\" src=\"https:\/\/esportsplayerfoundation.org\/telekom-eacademy\/wp-content\/uploads\/sites\/3\/2025\/10\/6-2-819x1024.jpg\" class=\"attachment-large size-large wp-image-3860\" alt=\"\" srcset=\"https:\/\/esportsplayerfoundation.org\/telekom-eacademy\/wp-content\/uploads\/sites\/3\/2025\/10\/6-2-819x1024.jpg 819w, https:\/\/esportsplayerfoundation.org\/telekom-eacademy\/wp-content\/uploads\/sites\/3\/2025\/10\/6-2-240x300.jpg 240w, https:\/\/esportsplayerfoundation.org\/telekom-eacademy\/wp-content\/uploads\/sites\/3\/2025\/10\/6-2-768x960.jpg 768w, https:\/\/esportsplayerfoundation.org\/telekom-eacademy\/wp-content\/uploads\/sites\/3\/2025\/10\/6-2.jpg 1080w\" sizes=\"(max-width: 819px) 100vw, 819px\" \/>\t\t\t\t\t\t\t\t\t\t\t\t\t\t\t<\/div>\n\t\t\t\t<\/div>\n\t\t\t\t<\/div>\n\t\t<div class=\"elementor-element elementor-element-24b547a e-con-full e-flex e-con e-child\" data-id=\"24b547a\" data-element_type=\"container\" data-e-type=\"container\">\n\t\t\t\t<div class=\"elementor-element elementor-element-6afa7de elementor-widget elementor-widget-image\" data-id=\"6afa7de\" data-element_type=\"widget\" data-e-type=\"widget\" data-widget_type=\"image.default\">\n\t\t\t\t<div class=\"elementor-widget-container\">\n\t\t\t\t\t\t\t\t\t\t\t\t\t\t\t<img loading=\"lazy\" decoding=\"async\" width=\"819\" height=\"1024\" src=\"https:\/\/esportsplayerfoundation.org\/telekom-eacademy\/wp-content\/uploads\/sites\/3\/2025\/10\/ABRI-819x1024.jpg\" class=\"attachment-large size-large wp-image-3864\" alt=\"\" srcset=\"https:\/\/esportsplayerfoundation.org\/telekom-eacademy\/wp-content\/uploads\/sites\/3\/2025\/10\/ABRI-819x1024.jpg 819w, https:\/\/esportsplayerfoundation.org\/telekom-eacademy\/wp-content\/uploads\/sites\/3\/2025\/10\/ABRI-240x300.jpg 240w, https:\/\/esportsplayerfoundation.org\/telekom-eacademy\/wp-content\/uploads\/sites\/3\/2025\/10\/ABRI-768x960.jpg 768w, https:\/\/esportsplayerfoundation.org\/telekom-eacademy\/wp-content\/uploads\/sites\/3\/2025\/10\/ABRI.jpg 1080w\" sizes=\"(max-width: 819px) 100vw, 819px\" \/>\t\t\t\t\t\t\t\t\t\t\t\t\t\t\t<\/div>\n\t\t\t\t<\/div>\n\t\t\t\t<\/div>\n\t\t<div class=\"elementor-element elementor-element-f5f19ec e-con-full e-flex e-con e-child\" data-id=\"f5f19ec\" data-element_type=\"container\" data-e-type=\"container\">\n\t\t\t\t<div class=\"elementor-element elementor-element-ae44f46 elementor-widget elementor-widget-image\" data-id=\"ae44f46\" data-element_type=\"widget\" data-e-type=\"widget\" data-widget_type=\"image.default\">\n\t\t\t\t<div class=\"elementor-widget-container\">\n\t\t\t\t\t\t\t\t\t\t\t\t\t\t\t<img loading=\"lazy\" decoding=\"async\" width=\"819\" height=\"1024\" src=\"https:\/\/esportsplayerfoundation.org\/telekom-eacademy\/wp-content\/uploads\/sites\/3\/2025\/10\/SunChaotix-819x1024.jpg\" class=\"attachment-large size-large wp-image-3865\" alt=\"\" srcset=\"https:\/\/esportsplayerfoundation.org\/telekom-eacademy\/wp-content\/uploads\/sites\/3\/2025\/10\/SunChaotix-819x1024.jpg 819w, https:\/\/esportsplayerfoundation.org\/telekom-eacademy\/wp-content\/uploads\/sites\/3\/2025\/10\/SunChaotix-240x300.jpg 240w, https:\/\/esportsplayerfoundation.org\/telekom-eacademy\/wp-content\/uploads\/sites\/3\/2025\/10\/SunChaotix-768x960.jpg 768w, https:\/\/esportsplayerfoundation.org\/telekom-eacademy\/wp-content\/uploads\/sites\/3\/2025\/10\/SunChaotix.jpg 1080w\" sizes=\"(max-width: 819px) 100vw, 819px\" \/>\t\t\t\t\t\t\t\t\t\t\t\t\t\t\t<\/div>\n\t\t\t\t<\/div>\n\t\t\t\t<\/div>\n\t\t<div class=\"elementor-element elementor-element-c84a667 e-con-full e-flex e-con e-child\" data-id=\"c84a667\" data-element_type=\"container\" data-e-type=\"container\">\n\t\t\t\t<div class=\"elementor-element elementor-element-9dc6221 elementor-widget elementor-widget-image\" data-id=\"9dc6221\" data-element_type=\"widget\" data-e-type=\"widget\" data-widget_type=\"image.default\">\n\t\t\t\t<div class=\"elementor-widget-container\">\n\t\t\t\t\t\t\t\t\t\t\t\t\t\t\t<img loading=\"lazy\" decoding=\"async\" width=\"819\" height=\"1024\" src=\"https:\/\/esportsplayerfoundation.org\/telekom-eacademy\/wp-content\/uploads\/sites\/3\/2025\/10\/tks-819x1024.jpg\" class=\"attachment-large size-large wp-image-3867\" alt=\"\" srcset=\"https:\/\/esportsplayerfoundation.org\/telekom-eacademy\/wp-content\/uploads\/sites\/3\/2025\/10\/tks-819x1024.jpg 819w, https:\/\/esportsplayerfoundation.org\/telekom-eacademy\/wp-content\/uploads\/sites\/3\/2025\/10\/tks-240x300.jpg 240w, https:\/\/esportsplayerfoundation.org\/telekom-eacademy\/wp-content\/uploads\/sites\/3\/2025\/10\/tks-768x960.jpg 768w, https:\/\/esportsplayerfoundation.org\/telekom-eacademy\/wp-content\/uploads\/sites\/3\/2025\/10\/tks.jpg 1080w\" sizes=\"(max-width: 819px) 100vw, 819px\" \/>\t\t\t\t\t\t\t\t\t\t\t\t\t\t\t<\/div>\n\t\t\t\t<\/div>\n\t\t\t\t<\/div>\n\t\t\t\t\t<\/div>\n\t\t\t\t<\/div>\n\t\t<div class=\"elementor-element elementor-element-2a0c216 e-flex e-con-boxed e-con e-parent\" data-id=\"2a0c216\" data-element_type=\"container\" data-e-type=\"container\">\n\t\t\t\t\t<div class=\"e-con-inner\">\n\t\t<div class=\"elementor-element elementor-element-ff15a27 e-con-full e-flex e-con e-child\" data-id=\"ff15a27\" data-element_type=\"container\" data-e-type=\"container\">\n\t\t\t\t<\/div>\n\t\t<div class=\"elementor-element elementor-element-bc9c482 e-con-full e-flex e-con e-child\" data-id=\"bc9c482\" data-element_type=\"container\" data-e-type=\"container\">\n\t\t\t\t<div class=\"elementor-element elementor-element-0ce3aae elementor-widget elementor-widget-image\" data-id=\"0ce3aae\" data-element_type=\"widget\" data-e-type=\"widget\" data-widget_type=\"image.default\">\n\t\t\t\t<div class=\"elementor-widget-container\">\n\t\t\t\t\t\t\t\t\t\t\t\t\t\t\t<img loading=\"lazy\" decoding=\"async\" width=\"819\" height=\"1024\" src=\"https:\/\/esportsplayerfoundation.org\/telekom-eacademy\/wp-content\/uploads\/sites\/3\/2025\/10\/6-4-819x1024.jpg\" class=\"attachment-large size-large wp-image-3862\" alt=\"\" srcset=\"https:\/\/esportsplayerfoundation.org\/telekom-eacademy\/wp-content\/uploads\/sites\/3\/2025\/10\/6-4-819x1024.jpg 819w, https:\/\/esportsplayerfoundation.org\/telekom-eacademy\/wp-content\/uploads\/sites\/3\/2025\/10\/6-4-240x300.jpg 240w, https:\/\/esportsplayerfoundation.org\/telekom-eacademy\/wp-content\/uploads\/sites\/3\/2025\/10\/6-4-768x960.jpg 768w, https:\/\/esportsplayerfoundation.org\/telekom-eacademy\/wp-content\/uploads\/sites\/3\/2025\/10\/6-4.jpg 1080w\" sizes=\"(max-width: 819px) 100vw, 819px\" \/>\t\t\t\t\t\t\t\t\t\t\t\t\t\t\t<\/div>\n\t\t\t\t<\/div>\n\t\t\t\t<\/div>\n\t\t<div class=\"elementor-element elementor-element-b000941 e-con-full e-flex e-con e-child\" data-id=\"b000941\" data-element_type=\"container\" data-e-type=\"container\">\n\t\t\t\t<div class=\"elementor-element elementor-element-6f32fbd elementor-widget elementor-widget-image\" data-id=\"6f32fbd\" data-element_type=\"widget\" data-e-type=\"widget\" data-widget_type=\"image.default\">\n\t\t\t\t<div class=\"elementor-widget-container\">\n\t\t\t\t\t\t\t\t\t\t\t\t\t\t\t<img loading=\"lazy\" decoding=\"async\" width=\"819\" height=\"1024\" src=\"https:\/\/esportsplayerfoundation.org\/telekom-eacademy\/wp-content\/uploads\/sites\/3\/2025\/10\/Swisser-819x1024.jpg\" class=\"attachment-large size-large wp-image-3866\" alt=\"\" srcset=\"https:\/\/esportsplayerfoundation.org\/telekom-eacademy\/wp-content\/uploads\/sites\/3\/2025\/10\/Swisser-819x1024.jpg 819w, https:\/\/esportsplayerfoundation.org\/telekom-eacademy\/wp-content\/uploads\/sites\/3\/2025\/10\/Swisser-240x300.jpg 240w, https:\/\/esportsplayerfoundation.org\/telekom-eacademy\/wp-content\/uploads\/sites\/3\/2025\/10\/Swisser-768x960.jpg 768w, https:\/\/esportsplayerfoundation.org\/telekom-eacademy\/wp-content\/uploads\/sites\/3\/2025\/10\/Swisser.jpg 1080w\" sizes=\"(max-width: 819px) 100vw, 819px\" \/>\t\t\t\t\t\t\t\t\t\t\t\t\t\t\t<\/div>\n\t\t\t\t<\/div>\n\t\t\t\t<\/div>\n\t\t<div class=\"elementor-element elementor-element-1c33d6e e-con-full e-flex e-con e-child\" data-id=\"1c33d6e\" data-element_type=\"container\" data-e-type=\"container\">\n\t\t\t\t<\/div>\n\t\t\t\t\t<\/div>\n\t\t\t\t<\/div>\n\t\t\t\t<\/div>\n\t\t","protected":false},"excerpt":{"rendered":"<p>Unsere Teams im \u00dcberblick Die Teams der Telekom eAcademy sind das Herzst\u00fcck unserer Nachwuchsliga. Hier treffen individuelle St\u00e4rken auf Coaching, Rollenverteilungen und einen sich aufbauenden Ligenbetrieb. Jedes Team zeigt, wie aus Talent durch Training, Disziplin und Zusammenarbeit echte Performance entsteht. Acht Mannschaften treten gegeneinander an und messen sich. Jedes Team besteht aus vier Spieler*innen, die&hellip;<\/p>\n","protected":false},"author":1,"featured_media":0,"parent":0,"menu_order":10,"comment_status":"closed","ping_status":"closed","template":"","meta":{"_acf_changed":false,"footnotes":""},"class_list":["post-1252","page","type-page","status-publish","hentry"],"acf":[],"_links":{"self":[{"href":"https:\/\/esportsplayerfoundation.org\/telekom-eacademy\/wp-json\/wp\/v2\/pages\/1252","targetHints":{"allow":["GET"]}}],"collection":[{"href":"https:\/\/esportsplayerfoundation.org\/telekom-eacademy\/wp-json\/wp\/v2\/pages"}],"about":[{"href":"https:\/\/esportsplayerfoundation.org\/telekom-eacademy\/wp-json\/wp\/v2\/types\/page"}],"author":[{"embeddable":true,"href":"https:\/\/esportsplayerfoundation.org\/telekom-eacademy\/wp-json\/wp\/v2\/users\/1"}],"replies":[{"embeddable":true,"href":"https:\/\/esportsplayerfoundation.org\/telekom-eacademy\/wp-json\/wp\/v2\/comments?post=1252"}],"version-history":[{"count":0,"href":"https:\/\/esportsplayerfoundation.org\/telekom-eacademy\/wp-json\/wp\/v2\/pages\/1252\/revisions"}],"wp:attachment":[{"href":"https:\/\/esportsplayerfoundation.org\/telekom-eacademy\/wp-json\/wp\/v2\/media?parent=1252"}],"curies":[{"name":"wp","href":"https:\/\/api.w.org\/{rel}","templated":true}]}}