{"id":2,"date":"2024-12-04T20:36:17","date_gmt":"2024-12-04T19:36:17","guid":{"rendered":"https:\/\/esportsplayerfoundation.org\/nxt-gen\/?page_id=2"},"modified":"2026-03-01T19:35:35","modified_gmt":"2026-03-01T18:35:35","slug":"nxt-gen-academy","status":"publish","type":"page","link":"https:\/\/esportsplayerfoundation.org\/telekom-eacademy\/","title":{"rendered":"Telekom eAcademy"},"content":{"rendered":"\t\t<div data-elementor-type=\"wp-page\" data-elementor-id=\"2\" class=\"elementor elementor-2\">\n\t\t\t\t<div class=\"elementor-element elementor-element-undefined-30cf8bd e-con-full e-flex e-con e-parent\" data-id=\"undefined-30cf8bd\" data-element_type=\"container\" data-e-type=\"container\" data-settings=\"{&quot;background_background&quot;:&quot;classic&quot;}\">\n\t\t<div class=\"elementor-element elementor-element-undefined-136c566 e-flex e-con-boxed e-con e-child\" data-id=\"undefined-136c566\" data-element_type=\"container\" data-e-type=\"container\">\n\t\t\t\t\t<div class=\"e-con-inner\">\n\t\t<div class=\"elementor-element elementor-element-undefined-658cd88 e-flex e-con-boxed e-con e-child\" data-id=\"undefined-658cd88\" data-element_type=\"container\" data-e-type=\"container\">\n\t\t\t\t\t<div class=\"e-con-inner\">\n\t\t\t\t<div class=\"elementor-element elementor-element-undefined-977733c elementor-widget elementor-widget-heading\" data-id=\"undefined-977733c\" data-element_type=\"widget\" data-e-type=\"widget\" data-widget_type=\"heading.default\">\n\t\t\t\t<div class=\"elementor-widget-container\">\n\t\t\t\t\t<h2 class=\"elementor-heading-title elementor-size-default\">Beweise Deine Brawl Stars Skills in der <br>Telekom eAcademy!<\/h2>\t\t\t\t<\/div>\n\t\t\t\t<\/div>\n\t\t\t\t\t<\/div>\n\t\t\t\t<\/div>\n\t\t<div class=\"elementor-element elementor-element-undefined-7fe6631 e-con-full e-flex e-con e-child\" data-id=\"undefined-7fe6631\" data-element_type=\"container\" data-e-type=\"container\">\n\t\t\t\t<div class=\"elementor-element elementor-element-undefined-f1ab3c3 elementor-widget elementor-widget-text-editor\" data-id=\"undefined-f1ab3c3\" data-element_type=\"widget\" data-e-type=\"widget\" data-widget_type=\"text-editor.default\">\n\t\t\t\t<div class=\"elementor-widget-container\">\n\t\t\t\t\t\t\t\t\t<p><strong>Die Telekom eAcademy ist die gr\u00f6\u00dfte deutsche Brawl Stars Liga f\u00fcr Brawl Stars Nachwuchstalente. Spiel gegen die besten Talente, lerne von Weltklasse Esportlern &amp; Coaches und starte deine Brawl Stars Karriere!<\/strong><\/p>\t\t\t\t\t\t\t\t<\/div>\n\t\t\t\t<\/div>\n\t\t\t\t<div class=\"elementor-element elementor-element-undefined-d9b4daa elementor-widget__width-auto elementor-align-center elementor-widget elementor-widget-button\" data-id=\"undefined-d9b4daa\" data-element_type=\"widget\" data-e-type=\"widget\" data-widget_type=\"button.default\">\n\t\t\t\t<div class=\"elementor-widget-container\">\n\t\t\t\t\t\t\t\t\t<div class=\"elementor-button-wrapper\">\n\t\t\t\t\t<a class=\"elementor-button elementor-button-link elementor-size-sm\" href=\"https:\/\/forms.gle\/Y9Wk7UE7rsiwZMZY7\" target=\"_blank\" rel=\"noopener\">\n\t\t\t\t\t\t<span class=\"elementor-button-content-wrapper\">\n\t\t\t\t\t\t<span class=\"elementor-button-icon\">\n\t\t\t\t<svg aria-hidden=\"true\" class=\"e-font-icon-svg e-far-arrow-alt-circle-right\" viewBox=\"0 0 512 512\" xmlns=\"http:\/\/www.w3.org\/2000\/svg\"><path d=\"M504 256C504 119 393 8 256 8S8 119 8 256s111 248 248 248 248-111 248-248zm-448 0c0-110.5 89.5-200 200-200s200 89.5 200 200-89.5 200-200 200S56 366.5 56 256zm72 20v-40c0-6.6 5.4-12 12-12h116v-67c0-10.7 12.9-16 20.5-8.5l99 99c4.7 4.7 4.7 12.3 0 17l-99 99c-7.6 7.6-20.5 2.2-20.5-8.5v-67H140c-6.6 0-12-5.4-12-12z\"><\/path><\/svg>\t\t\t<\/span>\n\t\t\t\t\t\t\t\t\t<span class=\"elementor-button-text\">Jetzt Bewerben!<\/span>\n\t\t\t\t\t<\/span>\n\t\t\t\t\t<\/a>\n\t\t\t\t<\/div>\n\t\t\t\t\t\t\t\t<\/div>\n\t\t\t\t<\/div>\n\t\t\t\t<\/div>\n\t\t\t\t\t<\/div>\n\t\t\t\t<\/div>\n\t\t\t\t<\/div>\n\t\t<div class=\"elementor-element elementor-element-e4a2134 e-flex e-con-boxed e-con e-parent\" data-id=\"e4a2134\" data-element_type=\"container\" data-e-type=\"container\">\n\t\t\t\t\t<div class=\"e-con-inner\">\n\t\t\t\t<div class=\"elementor-element elementor-element-b62095f arrows-relative-to-box_area bullets-small-dot-stroke elementor-widget elementor-widget-the7_elements_carousel\" data-id=\"b62095f\" data-element_type=\"widget\" data-e-type=\"widget\" data-settings=\"{&quot;widget_columns&quot;:3,&quot;widget_columns_tablet&quot;:2,&quot;widget_columns_mobile&quot;:1,&quot;gap_between_posts&quot;:{&quot;unit&quot;:&quot;px&quot;,&quot;size&quot;:15,&quot;sizes&quot;:[]},&quot;gap_between_posts_tablet&quot;:{&quot;unit&quot;:&quot;px&quot;,&quot;size&quot;:&quot;&quot;,&quot;sizes&quot;:[]},&quot;gap_between_posts_mobile&quot;:{&quot;unit&quot;:&quot;px&quot;,&quot;size&quot;:&quot;&quot;,&quot;sizes&quot;:[]}}\" data-widget_type=\"the7_elements_carousel.default\">\n\t\t\t\t<div class=\"elementor-widget-container\">\n\t\t\t\t\t<div class=\"disable-arrows-hover-bg the7_elements_carousel-b62095f owl-carousel portfolio-carousel-shortcode elementor-owl-carousel-call portfolio-shortcode the7-elementor-widget content-bg-on classic-layout-list description-under-image quick-scale-img enable-bg-rollover\" data-scroll-mode=\"1\" data-auto-height=\"false\" data-speed=\"600\" data-autoplay=\"false\" data-autoplay_speed=\"\"><article class=\"post visible post-3825 type-post status-publish format-standard has-post-thumbnail hentry category-allgemein\">\n\n\t<div class=\"post-thumbnail-wrap\">\n\t\t<div class=\"post-thumbnail\">\n\n\t\t\t<a class=\"post-thumbnail-rollover layzr-bg img-css-resize-wrapper\" aria-label=\"Post image\" href=\"https:\/\/esportsplayerfoundation.org\/telekom-eacademy\/fortsetzung-der-telekom-eacademy\/\"><img fetchpriority=\"high\" decoding=\"async\" width=\"1920\" height=\"1080\" src=\"data:image\/svg+xml,%3Csvg%20xmlns%3D&#039;http%3A%2F%2Fwww.w3.org%2F2000%2Fsvg&#039;%20viewBox%3D&#039;0%200%201920%201080&#039;%2F%3E\" class=\"attachment-full size-full preload-me aspect lazy lazy-load\" alt=\"\" sizes=\"(max-width: 1920px) 100vw, 1920px\" style=\"--ratio: 1920 \/ 1080;\" data-src=\"https:\/\/esportsplayerfoundation.org\/telekom-eacademy\/wp-content\/uploads\/sites\/3\/2026\/03\/News-Website-18.jpg\" loading=\"eager\" data-srcset=\"https:\/\/esportsplayerfoundation.org\/telekom-eacademy\/wp-content\/uploads\/sites\/3\/2026\/03\/News-Website-18.jpg 1920w, https:\/\/esportsplayerfoundation.org\/telekom-eacademy\/wp-content\/uploads\/sites\/3\/2026\/03\/News-Website-18-300x169.jpg 300w, https:\/\/esportsplayerfoundation.org\/telekom-eacademy\/wp-content\/uploads\/sites\/3\/2026\/03\/News-Website-18-1024x576.jpg 1024w, https:\/\/esportsplayerfoundation.org\/telekom-eacademy\/wp-content\/uploads\/sites\/3\/2026\/03\/News-Website-18-768x432.jpg 768w, https:\/\/esportsplayerfoundation.org\/telekom-eacademy\/wp-content\/uploads\/sites\/3\/2026\/03\/News-Website-18-1536x864.jpg 1536w\" \/><span class=\"the7-hover-icon\"><svg aria-hidden=\"true\" class=\"e-font-icon-svg e-fas-plus\" viewBox=\"0 0 448 512\" xmlns=\"http:\/\/www.w3.org\/2000\/svg\"><path d=\"M416 208H272V64c0-17.67-14.33-32-32-32h-32c-17.67 0-32 14.33-32 32v144H32c-17.67 0-32 14.33-32 32v32c0 17.67 14.33 32 32 32h144v144c0 17.67 14.33 32 32 32h32c17.67 0 32-14.33 32-32V304h144c17.67 0 32-14.33 32-32v-32c0-17.67-14.33-32-32-32z\"><\/path><\/svg><\/span><\/a>\n\t\t<\/div>\n\t<\/div>\n\n\n<div class=\"post-entry-content\">\n\n\t<h3 class=\"ele-entry-title\"><a href=\"https:\/\/esportsplayerfoundation.org\/telekom-eacademy\/fortsetzung-der-telekom-eacademy\/\" rel=\"bookmark\" title=\"Fortsetzung der Telekom eAcademy\">Fortsetzung der Telekom eAcademy<\/a><\/h3><div class=\"entry-meta\"><a href=\"https:\/\/esportsplayerfoundation.org\/telekom-eacademy\/2026\/03\/01\/\" title=\"20:22\" class=\"meta-item data-link\" rel=\"bookmark\"><time class=\"entry-date updated\" datetime=\"2026-03-01T20:22:13+01:00\">1. M\u00e4rz 2026<\/time><\/a><\/div><div class=\"entry-excerpt\"><p>Brawl Stars Nachwuchsliga startet in ihre dritte Saison Die Telekom eAcademy startet in ihren dritten Split und gibt Talenten wieder einen Raum, in dem sie sich als Esportler*innen entwickeln und wervolle Wettbewerbserfahrungen sammeln k\u00f6nnen. Die Liga, die Spieler*innen bereits ab 13 Jahren eine Chance gibt, sich zu entwickeln war mit insgesamt 1625 Bewerbungen in 2025&hellip;<\/p>\n<\/div><a href=\"https:\/\/esportsplayerfoundation.org\/telekom-eacademy\/fortsetzung-der-telekom-eacademy\/\" target=\"\" aria-label=\"Read more about Fortsetzung der Telekom eAcademy\" class=\"box-button elementor-button elementor-size-xs\">Read more<\/a>\n<\/div><\/article><article class=\"post visible post-3779 type-post status-publish format-standard has-post-thumbnail hentry category-allgemein\">\n\n\t<div class=\"post-thumbnail-wrap\">\n\t\t<div class=\"post-thumbnail\">\n\n\t\t\t<a class=\"post-thumbnail-rollover layzr-bg img-css-resize-wrapper\" aria-label=\"Post image\" href=\"https:\/\/esportsplayerfoundation.org\/telekom-eacademy\/3779-2\/\"><img decoding=\"async\" width=\"1920\" height=\"1080\" src=\"data:image\/svg+xml,%3Csvg%20xmlns%3D&#039;http%3A%2F%2Fwww.w3.org%2F2000%2Fsvg&#039;%20viewBox%3D&#039;0%200%201920%201080&#039;%2F%3E\" class=\"attachment-full size-full preload-me aspect lazy lazy-load\" alt=\"\" sizes=\"(max-width: 1920px) 100vw, 1920px\" style=\"--ratio: 1920 \/ 1080;\" data-src=\"https:\/\/esportsplayerfoundation.org\/telekom-eacademy\/wp-content\/uploads\/sites\/3\/2026\/01\/News-Website-17.jpg\" loading=\"eager\" data-srcset=\"https:\/\/esportsplayerfoundation.org\/telekom-eacademy\/wp-content\/uploads\/sites\/3\/2026\/01\/News-Website-17.jpg 1920w, https:\/\/esportsplayerfoundation.org\/telekom-eacademy\/wp-content\/uploads\/sites\/3\/2026\/01\/News-Website-17-300x169.jpg 300w, https:\/\/esportsplayerfoundation.org\/telekom-eacademy\/wp-content\/uploads\/sites\/3\/2026\/01\/News-Website-17-1024x576.jpg 1024w, https:\/\/esportsplayerfoundation.org\/telekom-eacademy\/wp-content\/uploads\/sites\/3\/2026\/01\/News-Website-17-768x432.jpg 768w, https:\/\/esportsplayerfoundation.org\/telekom-eacademy\/wp-content\/uploads\/sites\/3\/2026\/01\/News-Website-17-1536x864.jpg 1536w\" \/><span class=\"the7-hover-icon\"><svg aria-hidden=\"true\" class=\"e-font-icon-svg e-fas-plus\" viewBox=\"0 0 448 512\" xmlns=\"http:\/\/www.w3.org\/2000\/svg\"><path d=\"M416 208H272V64c0-17.67-14.33-32-32-32h-32c-17.67 0-32 14.33-32 32v144H32c-17.67 0-32 14.33-32 32v32c0 17.67 14.33 32 32 32h144v144c0 17.67 14.33 32 32 32h32c17.67 0 32-14.33 32-32V304h144c17.67 0 32-14.33 32-32v-32c0-17.67-14.33-32-32-32z\"><\/path><\/svg><\/span><\/a>\n\t\t<\/div>\n\t<\/div>\n\n\n<div class=\"post-entry-content\">\n\n\t<h3 class=\"ele-entry-title\"><a href=\"https:\/\/esportsplayerfoundation.org\/telekom-eacademy\/3779-2\/\" rel=\"bookmark\" title=\"Telekom eAcademy &#8211; darum geht&#8217;s!\">Telekom eAcademy &#8211; darum geht&#8217;s!<\/a><\/h3><div class=\"entry-meta\"><a href=\"https:\/\/esportsplayerfoundation.org\/telekom-eacademy\/2026\/01\/14\/\" title=\"12:49\" class=\"meta-item data-link\" rel=\"bookmark\"><time class=\"entry-date updated\" datetime=\"2026-01-14T12:49:12+01:00\">14. Januar 2026<\/time><\/a><\/div><div class=\"entry-excerpt\"><p>Die Telekom eAcademy ist kein gew\u00f6hnliches Turnier &#8211; sie ist die erste Brawl Stars Nachwuchsliga mit einem einzigartigen F\u00f6rderkonzept. Anders als im klassischen Esports, wo der Einstieg aufgrund von Preisgeldregelungen meist erst ab 16 Jahren m\u00f6glich ist, startet die Telekom eAcademy bereits ab 13 Jahren. So erhalten junge Talente aus der DACH-Region die Chance, fr\u00fch&hellip;<\/p>\n<\/div><a href=\"https:\/\/esportsplayerfoundation.org\/telekom-eacademy\/3779-2\/\" target=\"\" aria-label=\"Read more about Telekom eAcademy &#8211; darum geht&#8217;s!\" class=\"box-button elementor-button elementor-size-xs\">Read more<\/a>\n<\/div><\/article><article class=\"post visible post-3772 type-post status-publish format-standard has-post-thumbnail hentry category-allgemein\">\n\n\t<div class=\"post-thumbnail-wrap\">\n\t\t<div class=\"post-thumbnail\">\n\n\t\t\t<a class=\"post-thumbnail-rollover layzr-bg img-css-resize-wrapper\" aria-label=\"Post image\" href=\"https:\/\/esportsplayerfoundation.org\/telekom-eacademy\/die-telekom-eacademy-startet-in-den-2-split\/\"><img decoding=\"async\" width=\"1920\" height=\"1080\" src=\"data:image\/svg+xml,%3Csvg%20xmlns%3D&#039;http%3A%2F%2Fwww.w3.org%2F2000%2Fsvg&#039;%20viewBox%3D&#039;0%200%201920%201080&#039;%2F%3E\" class=\"attachment-full size-full preload-me aspect lazy lazy-load\" alt=\"\" sizes=\"(max-width: 1920px) 100vw, 1920px\" style=\"--ratio: 1920 \/ 1080;\" data-src=\"https:\/\/esportsplayerfoundation.org\/telekom-eacademy\/wp-content\/uploads\/sites\/3\/2026\/01\/News-Website-15.jpg\" loading=\"eager\" data-srcset=\"https:\/\/esportsplayerfoundation.org\/telekom-eacademy\/wp-content\/uploads\/sites\/3\/2026\/01\/News-Website-15.jpg 1920w, https:\/\/esportsplayerfoundation.org\/telekom-eacademy\/wp-content\/uploads\/sites\/3\/2026\/01\/News-Website-15-300x169.jpg 300w, https:\/\/esportsplayerfoundation.org\/telekom-eacademy\/wp-content\/uploads\/sites\/3\/2026\/01\/News-Website-15-1024x576.jpg 1024w, https:\/\/esportsplayerfoundation.org\/telekom-eacademy\/wp-content\/uploads\/sites\/3\/2026\/01\/News-Website-15-768x432.jpg 768w, https:\/\/esportsplayerfoundation.org\/telekom-eacademy\/wp-content\/uploads\/sites\/3\/2026\/01\/News-Website-15-1536x864.jpg 1536w\" \/><span class=\"the7-hover-icon\"><svg aria-hidden=\"true\" class=\"e-font-icon-svg e-fas-plus\" viewBox=\"0 0 448 512\" xmlns=\"http:\/\/www.w3.org\/2000\/svg\"><path d=\"M416 208H272V64c0-17.67-14.33-32-32-32h-32c-17.67 0-32 14.33-32 32v144H32c-17.67 0-32 14.33-32 32v32c0 17.67 14.33 32 32 32h144v144c0 17.67 14.33 32 32 32h32c17.67 0 32-14.33 32-32V304h144c17.67 0 32-14.33 32-32v-32c0-17.67-14.33-32-32-32z\"><\/path><\/svg><\/span><\/a>\n\t\t<\/div>\n\t<\/div>\n\n\n<div class=\"post-entry-content\">\n\n\t<h3 class=\"ele-entry-title\"><a href=\"https:\/\/esportsplayerfoundation.org\/telekom-eacademy\/die-telekom-eacademy-startet-in-den-2-split\/\" rel=\"bookmark\" title=\"Die Telekom eAcademy startet in den 2. Split\">Die Telekom eAcademy startet in den 2. Split<\/a><\/h3><div class=\"entry-meta\"><a href=\"https:\/\/esportsplayerfoundation.org\/telekom-eacademy\/2025\/09\/16\/\" title=\"17:30\" class=\"meta-item data-link\" rel=\"bookmark\"><time class=\"entry-date updated\" datetime=\"2025-09-16T17:30:20+02:00\">16. September 2025<\/time><\/a><\/div><div class=\"entry-excerpt\"><p>Nach einem erfolgreichen Auftakt geht die Telekom eAcademy in die n\u00e4chste Runde. Bereits im ersten Durchgang haben \u00fcber 1.000 Bewerbungen gezeigt: Das Interesse an Nachwuchsligen im deutschen Esports ist riesig. Auf dieser starken Basis bauen wir auf und entwickeln die Telekom eAcademy gemeinsam mit der Deutschen Telekom zur zentralen Anlaufstelle f\u00fcr junge Talente im Brawl&hellip;<\/p>\n<\/div><a href=\"https:\/\/esportsplayerfoundation.org\/telekom-eacademy\/die-telekom-eacademy-startet-in-den-2-split\/\" target=\"\" aria-label=\"Read more about Die Telekom eAcademy startet in den 2. Split\" class=\"box-button elementor-button elementor-size-xs\">Read more<\/a>\n<\/div><\/article><article class=\"post visible post-3775 type-post status-publish format-standard has-post-thumbnail hentry category-allgemein\">\n\n\t<div class=\"post-thumbnail-wrap\">\n\t\t<div class=\"post-thumbnail\">\n\n\t\t\t<a class=\"post-thumbnail-rollover layzr-bg img-css-resize-wrapper\" aria-label=\"Post image\" href=\"https:\/\/esportsplayerfoundation.org\/telekom-eacademy\/telekom-eacademy-deutschlands-erste-brawl-stars-liga-fuer-nachwuchstalente-feiert-grosses-finale\/\"><img decoding=\"async\" width=\"1920\" height=\"1080\" src=\"data:image\/svg+xml,%3Csvg%20xmlns%3D&#039;http%3A%2F%2Fwww.w3.org%2F2000%2Fsvg&#039;%20viewBox%3D&#039;0%200%201920%201080&#039;%2F%3E\" class=\"attachment-full size-full preload-me aspect lazy lazy-load\" alt=\"\" sizes=\"(max-width: 1920px) 100vw, 1920px\" style=\"--ratio: 1920 \/ 1080;\" data-src=\"https:\/\/esportsplayerfoundation.org\/telekom-eacademy\/wp-content\/uploads\/sites\/3\/2026\/01\/News-Website-16.jpg\" loading=\"eager\" data-srcset=\"https:\/\/esportsplayerfoundation.org\/telekom-eacademy\/wp-content\/uploads\/sites\/3\/2026\/01\/News-Website-16.jpg 1920w, https:\/\/esportsplayerfoundation.org\/telekom-eacademy\/wp-content\/uploads\/sites\/3\/2026\/01\/News-Website-16-300x169.jpg 300w, https:\/\/esportsplayerfoundation.org\/telekom-eacademy\/wp-content\/uploads\/sites\/3\/2026\/01\/News-Website-16-1024x576.jpg 1024w, https:\/\/esportsplayerfoundation.org\/telekom-eacademy\/wp-content\/uploads\/sites\/3\/2026\/01\/News-Website-16-768x432.jpg 768w, https:\/\/esportsplayerfoundation.org\/telekom-eacademy\/wp-content\/uploads\/sites\/3\/2026\/01\/News-Website-16-1536x864.jpg 1536w\" \/><span class=\"the7-hover-icon\"><svg aria-hidden=\"true\" class=\"e-font-icon-svg e-fas-plus\" viewBox=\"0 0 448 512\" xmlns=\"http:\/\/www.w3.org\/2000\/svg\"><path d=\"M416 208H272V64c0-17.67-14.33-32-32-32h-32c-17.67 0-32 14.33-32 32v144H32c-17.67 0-32 14.33-32 32v32c0 17.67 14.33 32 32 32h144v144c0 17.67 14.33 32 32 32h32c17.67 0 32-14.33 32-32V304h144c17.67 0 32-14.33 32-32v-32c0-17.67-14.33-32-32-32z\"><\/path><\/svg><\/span><\/a>\n\t\t<\/div>\n\t<\/div>\n\n\n<div class=\"post-entry-content\">\n\n\t<h3 class=\"ele-entry-title\"><a href=\"https:\/\/esportsplayerfoundation.org\/telekom-eacademy\/telekom-eacademy-deutschlands-erste-brawl-stars-liga-fuer-nachwuchstalente-feiert-grosses-finale\/\" rel=\"bookmark\" title=\"Telekom eAcademy: Deutschlands erste Brawl Stars Liga f\u00fcr Nachwuchstalente feiert gro\u00dfes Finale\">Telekom eAcademy: Deutschlands erste Brawl Stars Liga f\u00fcr Nachwuchstalente feiert gro\u00dfes Finale<\/a><\/h3><div class=\"entry-meta\"><a href=\"https:\/\/esportsplayerfoundation.org\/telekom-eacademy\/2025\/08\/04\/\" title=\"17:34\" class=\"meta-item data-link\" rel=\"bookmark\"><time class=\"entry-date updated\" datetime=\"2025-08-04T17:34:03+02:00\">4. August 2025<\/time><\/a><\/div><div class=\"entry-excerpt\"><p>Zwei Monate nach ihrem erfolgreichen Start feierte die Telekom eAcademy ihr Finale in der Magenta Facility in K\u00f6ln vor Publikum. Die erste Saison der Brawl Stars Nachwuchsliga \u00fcberzeugte die Community durch den Zugang zu professionellen Coachings, professionell kommentierten Spieltagen und eine spannende Storyline! Die Telekom eAcademy ist die weltweit erste Brawl Stars Nachwuchsliga mit einem&hellip;<\/p>\n<\/div><a href=\"https:\/\/esportsplayerfoundation.org\/telekom-eacademy\/telekom-eacademy-deutschlands-erste-brawl-stars-liga-fuer-nachwuchstalente-feiert-grosses-finale\/\" target=\"\" aria-label=\"Read more about Telekom eAcademy: Deutschlands erste Brawl Stars Liga f\u00fcr Nachwuchstalente feiert gro\u00dfes Finale\" class=\"box-button elementor-button elementor-size-xs\">Read more<\/a>\n<\/div><\/article><\/div><div class=\"owl-nav disabled\"><div class=\"owl-prev\" role=\"button\"><svg class=\"e-font-icon-svg e-fas-chevron-left\" viewBox=\"0 0 320 512\" xmlns=\"http:\/\/www.w3.org\/2000\/svg\"><path d=\"M34.52 239.03L228.87 44.69c9.37-9.37 24.57-9.37 33.94 0l22.67 22.67c9.36 9.36 9.37 24.52.04 33.9L131.49 256l154.02 154.75c9.34 9.38 9.32 24.54-.04 33.9l-22.67 22.67c-9.37 9.37-24.57 9.37-33.94 0L34.52 272.97c-9.37-9.37-9.37-24.57 0-33.94z\"><\/path><\/svg><\/div><div class=\"owl-next\" role=\"button\"><svg class=\"e-font-icon-svg e-fas-chevron-right\" viewBox=\"0 0 320 512\" xmlns=\"http:\/\/www.w3.org\/2000\/svg\"><path d=\"M285.476 272.971L91.132 467.314c-9.373 9.373-24.569 9.373-33.941 0l-22.667-22.667c-9.357-9.357-9.375-24.522-.04-33.901L188.505 256 34.484 101.255c-9.335-9.379-9.317-24.544.04-33.901l22.667-22.667c9.373-9.373 24.569-9.373 33.941 0L285.475 239.03c9.373 9.372 9.373 24.568.001 33.941z\"><\/path><\/svg><\/div><\/div>\t\t\t\t<\/div>\n\t\t\t\t<\/div>\n\t\t\t\t\t<\/div>\n\t\t\t\t<\/div>\n\t\t<div class=\"elementor-element elementor-element-undefined-fe35aa6 e-con-full e-flex e-con e-parent\" data-id=\"undefined-fe35aa6\" data-element_type=\"container\" data-e-type=\"container\">\n\t\t<div class=\"elementor-element elementor-element-undefined-9ded2e8 e-flex e-con-boxed e-con e-child\" data-id=\"undefined-9ded2e8\" data-element_type=\"container\" data-e-type=\"container\">\n\t\t\t\t\t<div class=\"e-con-inner\">\n\t\t\t\t<div class=\"elementor-element elementor-element-undefined-9f9105f elementor-widget elementor-widget-heading\" data-id=\"undefined-9f9105f\" data-element_type=\"widget\" data-e-type=\"widget\" data-widget_type=\"heading.default\">\n\t\t\t\t<div class=\"elementor-widget-container\">\n\t\t\t\t\t<h2 class=\"elementor-heading-title elementor-size-default\">Das war die Telekom eAcademy in 2025<\/h2>\t\t\t\t<\/div>\n\t\t\t\t<\/div>\n\t\t\t\t<div class=\"elementor-element elementor-element-undefined-b26b896 elementor-widget elementor-widget-heading\" data-id=\"undefined-b26b896\" data-element_type=\"widget\" data-e-type=\"widget\" data-widget_type=\"heading.default\">\n\t\t\t\t<div class=\"elementor-widget-container\">\n\t\t\t\t\t<h5 class=\"elementor-heading-title elementor-size-default\">Zwei Seasons. Zwei Finals. Alles im Brawl Stars Herzen Deutschlands - der Magenta Facility in K\u00f6ln.<\/h5>\t\t\t\t<\/div>\n\t\t\t\t<\/div>\n\t\t\t\t\t<\/div>\n\t\t\t\t<\/div>\n\t\t<div class=\"elementor-element elementor-element-undefined-59bcaae e-flex e-con-boxed e-con e-child\" data-id=\"undefined-59bcaae\" data-element_type=\"container\" data-e-type=\"container\">\n\t\t\t\t\t<div class=\"e-con-inner\">\n\t\t\t\t<div class=\"elementor-element elementor-element-undefined-03e84dd elementor-arrows-position-inside elementor-pagination-position-outside elementor-widget elementor-widget-image-carousel\" data-id=\"undefined-03e84dd\" data-element_type=\"widget\" data-e-type=\"widget\" data-settings=\"{&quot;slides_to_show&quot;:&quot;3&quot;,&quot;slides_to_scroll&quot;:&quot;2&quot;,&quot;navigation&quot;:&quot;both&quot;,&quot;autoplay&quot;:&quot;yes&quot;,&quot;pause_on_hover&quot;:&quot;yes&quot;,&quot;pause_on_interaction&quot;:&quot;yes&quot;,&quot;autoplay_speed&quot;:5000,&quot;infinite&quot;:&quot;yes&quot;,&quot;speed&quot;:500}\" data-widget_type=\"image-carousel.default\">\n\t\t\t\t<div class=\"elementor-widget-container\">\n\t\t\t\t\t\t\t<div class=\"elementor-image-carousel-wrapper swiper\" role=\"region\" aria-roledescription=\"carousel\" aria-label=\"Impressionen\" dir=\"ltr\">\n\t\t\t<div class=\"elementor-image-carousel swiper-wrapper\" aria-live=\"off\">\n\t\t\t\t\t\t\t\t<div class=\"swiper-slide\" role=\"group\" aria-roledescription=\"slide\" aria-label=\"1 von 5\"><figure class=\"swiper-slide-inner\"><img decoding=\"async\" class=\"swiper-slide-image\" src=\"https:\/\/esportsplayerfoundation.org\/telekom-eacademy\/wp-content\/uploads\/sites\/3\/2025\/10\/eacademy-finals-27.jpg\" alt=\"eacademy finals-27\" \/><\/figure><\/div><div class=\"swiper-slide\" role=\"group\" aria-roledescription=\"slide\" aria-label=\"2 von 5\"><figure class=\"swiper-slide-inner\"><img decoding=\"async\" class=\"swiper-slide-image\" src=\"https:\/\/esportsplayerfoundation.org\/telekom-eacademy\/wp-content\/uploads\/sites\/3\/2025\/10\/eacademy-finals-32.jpg\" alt=\"eacademy finals-32\" \/><\/figure><\/div><div class=\"swiper-slide\" role=\"group\" aria-roledescription=\"slide\" aria-label=\"3 von 5\"><figure class=\"swiper-slide-inner\"><img decoding=\"async\" class=\"swiper-slide-image\" src=\"https:\/\/esportsplayerfoundation.org\/telekom-eacademy\/wp-content\/uploads\/sites\/3\/2025\/10\/eacademy-finals-24.jpg\" alt=\"eacademy finals-24\" \/><\/figure><\/div><div class=\"swiper-slide\" role=\"group\" aria-roledescription=\"slide\" aria-label=\"4 von 5\"><figure class=\"swiper-slide-inner\"><img decoding=\"async\" class=\"swiper-slide-image\" src=\"https:\/\/esportsplayerfoundation.org\/telekom-eacademy\/wp-content\/uploads\/sites\/3\/2025\/01\/3.png\" alt=\"3\" \/><\/figure><\/div><div class=\"swiper-slide\" role=\"group\" aria-roledescription=\"slide\" aria-label=\"5 von 5\"><figure class=\"swiper-slide-inner\"><img decoding=\"async\" class=\"swiper-slide-image\" src=\"https:\/\/esportsplayerfoundation.org\/telekom-eacademy\/wp-content\/uploads\/sites\/3\/2025\/05\/1.png\" alt=\"Ein junge spielt Brawl Stars auf einem Handy - dieses h\u00e4lt er quer in der Hand. Er lehnt auf einem Podest bzw. Stehtisch. Das Bild steht repr\u00e4sentativ f\u00fcr die Telekom eAcademy, da die eAcademy in einem offline Finale m\u00fcndet.\" \/><\/figure><\/div>\t\t\t<\/div>\n\t\t\t\t\t\t\t\t\t\t\t\t<div class=\"elementor-swiper-button elementor-swiper-button-prev\" role=\"button\" tabindex=\"0\">\n\t\t\t\t\t\t<svg aria-hidden=\"true\" class=\"e-font-icon-svg e-eicon-chevron-left\" viewBox=\"0 0 1000 1000\" xmlns=\"http:\/\/www.w3.org\/2000\/svg\"><path d=\"M646 125C629 125 613 133 604 142L308 442C296 454 292 471 292 487 292 504 296 521 308 533L604 854C617 867 629 875 646 875 663 875 679 871 692 858 704 846 713 829 713 812 713 796 708 779 692 767L438 487 692 225C700 217 708 204 708 187 708 171 704 154 692 142 675 129 663 125 646 125Z\"><\/path><\/svg>\t\t\t\t\t<\/div>\n\t\t\t\t\t<div class=\"elementor-swiper-button elementor-swiper-button-next\" role=\"button\" tabindex=\"0\">\n\t\t\t\t\t\t<svg aria-hidden=\"true\" class=\"e-font-icon-svg e-eicon-chevron-right\" viewBox=\"0 0 1000 1000\" xmlns=\"http:\/\/www.w3.org\/2000\/svg\"><path d=\"M696 533C708 521 713 504 713 487 713 471 708 454 696 446L400 146C388 133 375 125 354 125 338 125 325 129 313 142 300 154 292 171 292 187 292 204 296 221 308 233L563 492 304 771C292 783 288 800 288 817 288 833 296 850 308 863 321 871 338 875 354 875 371 875 388 867 400 854L696 533Z\"><\/path><\/svg>\t\t\t\t\t<\/div>\n\t\t\t\t\n\t\t\t\t\t\t\t\t\t<div class=\"swiper-pagination\"><\/div>\n\t\t\t\t\t\t\t\t\t<\/div>\n\t\t\t\t\t\t<\/div>\n\t\t\t\t<\/div>\n\t\t\t\t\t<\/div>\n\t\t\t\t<\/div>\n\t\t\t\t<\/div>\n\t\t\t\t<\/div>\n\t\t","protected":false},"excerpt":{"rendered":"<p>Beweise Deine Brawl Stars Skills in der Telekom eAcademy! Die Telekom eAcademy ist die gr\u00f6\u00dfte deutsche Brawl Stars Liga f\u00fcr Brawl Stars Nachwuchstalente. Spiel gegen die besten Talente, lerne von Weltklasse Esportlern &amp; Coaches und starte deine Brawl Stars Karriere! Jetzt Bewerben! Telekom eAcademy &#8211; darum geht&#8217;s! 14. Januar 2026 Die Telekom eAcademy ist kein&hellip;<\/p>\n","protected":false},"author":1,"featured_media":0,"parent":0,"menu_order":12,"comment_status":"closed","ping_status":"open","template":"","meta":{"_acf_changed":false,"footnotes":""},"class_list":["post-2","page","type-page","status-publish","hentry"],"acf":[],"_links":{"self":[{"href":"https:\/\/esportsplayerfoundation.org\/telekom-eacademy\/wp-json\/wp\/v2\/pages\/2","targetHints":{"allow":["GET"]}}],"collection":[{"href":"https:\/\/esportsplayerfoundation.org\/telekom-eacademy\/wp-json\/wp\/v2\/pages"}],"about":[{"href":"https:\/\/esportsplayerfoundation.org\/telekom-eacademy\/wp-json\/wp\/v2\/types\/page"}],"author":[{"embeddable":true,"href":"https:\/\/esportsplayerfoundation.org\/telekom-eacademy\/wp-json\/wp\/v2\/users\/1"}],"replies":[{"embeddable":true,"href":"https:\/\/esportsplayerfoundation.org\/telekom-eacademy\/wp-json\/wp\/v2\/comments?post=2"}],"version-history":[{"count":0,"href":"https:\/\/esportsplayerfoundation.org\/telekom-eacademy\/wp-json\/wp\/v2\/pages\/2\/revisions"}],"wp:attachment":[{"href":"https:\/\/esportsplayerfoundation.org\/telekom-eacademy\/wp-json\/wp\/v2\/media?parent=2"}],"curies":[{"name":"wp","href":"https:\/\/api.w.org\/{rel}","templated":true}]}}