{"id":3787,"date":"2026-01-14T21:00:30","date_gmt":"2026-01-14T20:00:30","guid":{"rendered":"https:\/\/esportsplayerfoundation.org\/telekom-eacademy\/?page_id=3787"},"modified":"2026-01-14T21:24:23","modified_gmt":"2026-01-14T20:24:23","slug":"hall-of-fame","status":"publish","type":"page","link":"https:\/\/esportsplayerfoundation.org\/telekom-eacademy\/hall-of-fame\/","title":{"rendered":"Hall of Fame"},"content":{"rendered":"\t\t<div data-elementor-type=\"wp-page\" data-elementor-id=\"3787\" class=\"elementor elementor-3787\">\n\t\t\t\t<div class=\"elementor-element elementor-element-6033e19d e-flex e-con-boxed e-con e-parent\" data-id=\"6033e19d\" data-element_type=\"container\" data-e-type=\"container\">\n\t\t\t\t\t<div class=\"e-con-inner\">\n\t\t<div class=\"elementor-element elementor-element-223b2b6 e-con-full e-flex e-con e-child\" data-id=\"223b2b6\" data-element_type=\"container\" data-e-type=\"container\">\n\t\t<div class=\"elementor-element elementor-element-1cd58a13 e-con-full e-flex e-con e-child\" data-id=\"1cd58a13\" data-element_type=\"container\" data-e-type=\"container\">\n\t\t\t\t<div class=\"elementor-element elementor-element-11ddeb42 elementor-widget elementor-widget-image\" data-id=\"11ddeb42\" data-element_type=\"widget\" data-e-type=\"widget\" data-widget_type=\"image.default\">\n\t\t\t\t<div class=\"elementor-widget-container\">\n\t\t\t\t\t\t\t\t\t\t\t\t\t\t\t<img fetchpriority=\"high\" decoding=\"async\" width=\"819\" height=\"1024\" src=\"https:\/\/esportsplayerfoundation.org\/telekom-eacademy\/wp-content\/uploads\/sites\/3\/2025\/10\/eacademy-finals-26-819x1024.jpg\" class=\"attachment-large size-large wp-image-3608\" alt=\"\" srcset=\"https:\/\/esportsplayerfoundation.org\/telekom-eacademy\/wp-content\/uploads\/sites\/3\/2025\/10\/eacademy-finals-26-819x1024.jpg 819w, https:\/\/esportsplayerfoundation.org\/telekom-eacademy\/wp-content\/uploads\/sites\/3\/2025\/10\/eacademy-finals-26-240x300.jpg 240w, https:\/\/esportsplayerfoundation.org\/telekom-eacademy\/wp-content\/uploads\/sites\/3\/2025\/10\/eacademy-finals-26-768x960.jpg 768w, https:\/\/esportsplayerfoundation.org\/telekom-eacademy\/wp-content\/uploads\/sites\/3\/2025\/10\/eacademy-finals-26-1229x1536.jpg 1229w, https:\/\/esportsplayerfoundation.org\/telekom-eacademy\/wp-content\/uploads\/sites\/3\/2025\/10\/eacademy-finals-26.jpg 1536w\" sizes=\"(max-width: 819px) 100vw, 819px\" \/>\t\t\t\t\t\t\t\t\t\t\t\t\t\t\t<\/div>\n\t\t\t\t<\/div>\n\t\t\t\t<div class=\"elementor-element elementor-element-42c21df9 elementor-widget elementor-widget-image\" data-id=\"42c21df9\" data-element_type=\"widget\" data-e-type=\"widget\" data-widget_type=\"image.default\">\n\t\t\t\t<div class=\"elementor-widget-container\">\n\t\t\t\t\t\t\t\t\t\t\t\t\t\t\t<img decoding=\"async\" width=\"1024\" height=\"683\" src=\"https:\/\/esportsplayerfoundation.org\/telekom-eacademy\/wp-content\/uploads\/sites\/3\/2026\/01\/eacademy-finals-125-1-1024x683.jpg\" class=\"attachment-large size-large wp-image-3799\" alt=\"\" srcset=\"https:\/\/esportsplayerfoundation.org\/telekom-eacademy\/wp-content\/uploads\/sites\/3\/2026\/01\/eacademy-finals-125-1-1024x683.jpg 1024w, https:\/\/esportsplayerfoundation.org\/telekom-eacademy\/wp-content\/uploads\/sites\/3\/2026\/01\/eacademy-finals-125-1-300x200.jpg 300w, https:\/\/esportsplayerfoundation.org\/telekom-eacademy\/wp-content\/uploads\/sites\/3\/2026\/01\/eacademy-finals-125-1-768x512.jpg 768w, https:\/\/esportsplayerfoundation.org\/telekom-eacademy\/wp-content\/uploads\/sites\/3\/2026\/01\/eacademy-finals-125-1-1536x1024.jpg 1536w, https:\/\/esportsplayerfoundation.org\/telekom-eacademy\/wp-content\/uploads\/sites\/3\/2026\/01\/eacademy-finals-125-1.jpg 1920w\" sizes=\"(max-width: 1024px) 100vw, 1024px\" \/>\t\t\t\t\t\t\t\t\t\t\t\t\t\t\t<\/div>\n\t\t\t\t<\/div>\n\t\t\t\t<\/div>\n\t\t<div class=\"elementor-element elementor-element-7cf3df1d e-con-full e-flex e-con e-child\" data-id=\"7cf3df1d\" data-element_type=\"container\" data-e-type=\"container\">\n\t\t\t\t<div class=\"elementor-element elementor-element-549f4415 elementor-widget elementor-widget-image\" data-id=\"549f4415\" data-element_type=\"widget\" data-e-type=\"widget\" data-widget_type=\"image.default\">\n\t\t\t\t<div class=\"elementor-widget-container\">\n\t\t\t\t\t\t\t\t\t\t\t\t\t\t\t<img decoding=\"async\" width=\"1024\" height=\"683\" src=\"https:\/\/esportsplayerfoundation.org\/telekom-eacademy\/wp-content\/uploads\/sites\/3\/2025\/10\/eacademy-finals-127-1024x683.jpg\" class=\"attachment-large size-large wp-image-3614\" alt=\"\" srcset=\"https:\/\/esportsplayerfoundation.org\/telekom-eacademy\/wp-content\/uploads\/sites\/3\/2025\/10\/eacademy-finals-127-1024x683.jpg 1024w, https:\/\/esportsplayerfoundation.org\/telekom-eacademy\/wp-content\/uploads\/sites\/3\/2025\/10\/eacademy-finals-127-300x200.jpg 300w, https:\/\/esportsplayerfoundation.org\/telekom-eacademy\/wp-content\/uploads\/sites\/3\/2025\/10\/eacademy-finals-127-768x512.jpg 768w, https:\/\/esportsplayerfoundation.org\/telekom-eacademy\/wp-content\/uploads\/sites\/3\/2025\/10\/eacademy-finals-127-1536x1024.jpg 1536w, https:\/\/esportsplayerfoundation.org\/telekom-eacademy\/wp-content\/uploads\/sites\/3\/2025\/10\/eacademy-finals-127.jpg 1920w\" sizes=\"(max-width: 1024px) 100vw, 1024px\" \/>\t\t\t\t\t\t\t\t\t\t\t\t\t\t\t<\/div>\n\t\t\t\t<\/div>\n\t\t\t\t<div class=\"elementor-element elementor-element-23c0f32 elementor-widget elementor-widget-image\" data-id=\"23c0f32\" data-element_type=\"widget\" data-e-type=\"widget\" data-widget_type=\"image.default\">\n\t\t\t\t<div class=\"elementor-widget-container\">\n\t\t\t\t\t\t\t\t\t\t\t\t\t\t\t<img loading=\"lazy\" decoding=\"async\" width=\"683\" height=\"1024\" src=\"https:\/\/esportsplayerfoundation.org\/telekom-eacademy\/wp-content\/uploads\/sites\/3\/2026\/01\/eAcademy-Finals-58-1-683x1024.jpg\" class=\"attachment-large size-large wp-image-3800\" alt=\"\" srcset=\"https:\/\/esportsplayerfoundation.org\/telekom-eacademy\/wp-content\/uploads\/sites\/3\/2026\/01\/eAcademy-Finals-58-1-683x1024.jpg 683w, https:\/\/esportsplayerfoundation.org\/telekom-eacademy\/wp-content\/uploads\/sites\/3\/2026\/01\/eAcademy-Finals-58-1-200x300.jpg 200w, https:\/\/esportsplayerfoundation.org\/telekom-eacademy\/wp-content\/uploads\/sites\/3\/2026\/01\/eAcademy-Finals-58-1-768x1152.jpg 768w, https:\/\/esportsplayerfoundation.org\/telekom-eacademy\/wp-content\/uploads\/sites\/3\/2026\/01\/eAcademy-Finals-58-1-1024x1536.jpg 1024w, https:\/\/esportsplayerfoundation.org\/telekom-eacademy\/wp-content\/uploads\/sites\/3\/2026\/01\/eAcademy-Finals-58-1.jpg 1280w\" sizes=\"(max-width: 683px) 100vw, 683px\" \/>\t\t\t\t\t\t\t\t\t\t\t\t\t\t\t<\/div>\n\t\t\t\t<\/div>\n\t\t\t\t<\/div>\n\t\t\t\t<\/div>\n\t\t<div class=\"elementor-element elementor-element-7e0b7c2d e-con-full e-flex e-con e-child\" data-id=\"7e0b7c2d\" data-element_type=\"container\" data-e-type=\"container\">\n\t\t\t\t<div class=\"elementor-element elementor-element-5628c752 elementor-widget elementor-widget-heading\" data-id=\"5628c752\" data-element_type=\"widget\" data-e-type=\"widget\" data-widget_type=\"heading.default\">\n\t\t\t\t<div class=\"elementor-widget-container\">\n\t\t\t\t\t<h3 class=\"elementor-heading-title elementor-size-default\">Proven in game.<\/h3>\t\t\t\t<\/div>\n\t\t\t\t<\/div>\n\t\t\t\t<div class=\"elementor-element elementor-element-1b0becc8 elementor-widget elementor-widget-text-editor\" data-id=\"1b0becc8\" data-element_type=\"widget\" data-e-type=\"widget\" data-widget_type=\"text-editor.default\">\n\t\t\t\t<div class=\"elementor-widget-container\">\n\t\t\t\t\t\t\t\t\t<p>Die Hall of Fame ehrt die besten Spieler*innen und Teams der Telekom eAcademy, die mit Talent, Einsatz und Teamgeist Ma\u00dfst\u00e4be im Esports setzen. Ihre Leistungen stehen f\u00fcr konstante Entwicklung, Wettbewerbsst\u00e4rke und den Willen, sich auf h\u00f6chstem Niveau zu beweisen. Sie dienen als Vorbilder f\u00fcr kommende Generationen und zeigen, welches Potenzial in der Telekom eAcademy steckt.<\/p>\t\t\t\t\t\t\t\t<\/div>\n\t\t\t\t<\/div>\n\t\t\t\t<\/div>\n\t\t\t\t\t<\/div>\n\t\t\t\t<\/div>\n\t\t<div class=\"elementor-element elementor-element-36be4921 e-con-full e-flex e-con e-parent\" data-id=\"36be4921\" data-element_type=\"container\" data-e-type=\"container\" id=\"next\">\n\t\t\t\t<div class=\"elementor-element elementor-element-5829e681 elementor-widget elementor-widget-heading\" data-id=\"5829e681\" data-element_type=\"widget\" data-e-type=\"widget\" data-widget_type=\"heading.default\">\n\t\t\t\t<div class=\"elementor-widget-container\">\n\t\t\t\t\t<h3 class=\"elementor-heading-title elementor-size-default\">Standouts<\/h3>\t\t\t\t<\/div>\n\t\t\t\t<\/div>\n\t\t<div class=\"elementor-element elementor-element-214eb35a e-con-full e-flex e-con e-child\" data-id=\"214eb35a\" data-element_type=\"container\" data-e-type=\"container\">\n\t\t<div class=\"elementor-element elementor-element-228abc81 e-con-full e-flex e-con e-child\" data-id=\"228abc81\" data-element_type=\"container\" data-e-type=\"container\">\n\t\t\t\t<div class=\"elementor-element elementor-element-353c4c8c elementor-position-top elementor-widget elementor-widget-image-box\" data-id=\"353c4c8c\" data-element_type=\"widget\" data-e-type=\"widget\" data-widget_type=\"image-box.default\">\n\t\t\t\t<div class=\"elementor-widget-container\">\n\t\t\t\t\t<div class=\"elementor-image-box-wrapper\"><figure class=\"elementor-image-box-img\"><a href=\"#\" tabindex=\"-1\"><img loading=\"lazy\" decoding=\"async\" width=\"1536\" height=\"1920\" src=\"https:\/\/esportsplayerfoundation.org\/telekom-eacademy\/wp-content\/uploads\/sites\/3\/2026\/01\/eAcademy-Finals-68.jpg\" class=\"elementor-animation-grow attachment-full size-full wp-image-3806\" alt=\"\" srcset=\"https:\/\/esportsplayerfoundation.org\/telekom-eacademy\/wp-content\/uploads\/sites\/3\/2026\/01\/eAcademy-Finals-68.jpg 1536w, https:\/\/esportsplayerfoundation.org\/telekom-eacademy\/wp-content\/uploads\/sites\/3\/2026\/01\/eAcademy-Finals-68-240x300.jpg 240w, https:\/\/esportsplayerfoundation.org\/telekom-eacademy\/wp-content\/uploads\/sites\/3\/2026\/01\/eAcademy-Finals-68-819x1024.jpg 819w, https:\/\/esportsplayerfoundation.org\/telekom-eacademy\/wp-content\/uploads\/sites\/3\/2026\/01\/eAcademy-Finals-68-768x960.jpg 768w, https:\/\/esportsplayerfoundation.org\/telekom-eacademy\/wp-content\/uploads\/sites\/3\/2026\/01\/eAcademy-Finals-68-1229x1536.jpg 1229w\" sizes=\"(max-width: 1536px) 100vw, 1536px\" \/><\/a><\/figure><div class=\"elementor-image-box-content\"><h4 class=\"elementor-image-box-title\"><a href=\"#\">Jason<\/a><\/h4><p class=\"elementor-image-box-description\">Jason wurde zum MVP der zweiten Saison der Telekom eAcademy gew\u00e4hlt und f\u00fchrte sein Team klar zum Sieg.<\/p><\/div><\/div>\t\t\t\t<\/div>\n\t\t\t\t<\/div>\n\t\t\t\t<\/div>\n\t\t<div class=\"elementor-element elementor-element-4aac9cd e-con-full e-flex e-con e-child\" data-id=\"4aac9cd\" data-element_type=\"container\" data-e-type=\"container\">\n\t\t\t\t<div class=\"elementor-element elementor-element-4e2e8cb9 elementor-position-top elementor-widget elementor-widget-image-box\" data-id=\"4e2e8cb9\" data-element_type=\"widget\" data-e-type=\"widget\" data-widget_type=\"image-box.default\">\n\t\t\t\t<div class=\"elementor-widget-container\">\n\t\t\t\t\t<div class=\"elementor-image-box-wrapper\"><figure class=\"elementor-image-box-img\"><a href=\"#\" tabindex=\"-1\"><img loading=\"lazy\" decoding=\"async\" width=\"1536\" height=\"1920\" src=\"https:\/\/esportsplayerfoundation.org\/telekom-eacademy\/wp-content\/uploads\/sites\/3\/2026\/01\/eacademy-finals-114.jpg\" class=\"elementor-animation-grow attachment-full size-full wp-image-3802\" alt=\"\" srcset=\"https:\/\/esportsplayerfoundation.org\/telekom-eacademy\/wp-content\/uploads\/sites\/3\/2026\/01\/eacademy-finals-114.jpg 1536w, https:\/\/esportsplayerfoundation.org\/telekom-eacademy\/wp-content\/uploads\/sites\/3\/2026\/01\/eacademy-finals-114-240x300.jpg 240w, https:\/\/esportsplayerfoundation.org\/telekom-eacademy\/wp-content\/uploads\/sites\/3\/2026\/01\/eacademy-finals-114-819x1024.jpg 819w, https:\/\/esportsplayerfoundation.org\/telekom-eacademy\/wp-content\/uploads\/sites\/3\/2026\/01\/eacademy-finals-114-768x960.jpg 768w, https:\/\/esportsplayerfoundation.org\/telekom-eacademy\/wp-content\/uploads\/sites\/3\/2026\/01\/eacademy-finals-114-1229x1536.jpg 1229w\" sizes=\"(max-width: 1536px) 100vw, 1536px\" \/><\/a><\/figure><div class=\"elementor-image-box-content\"><h4 class=\"elementor-image-box-title\"><a href=\"#\">Obsession<\/a><\/h4><p class=\"elementor-image-box-description\">Obsession wurde mit 14 MVP der meisten Spieltage des ersten Splits und in der gleichen Saison Gewinner mit Team Inso!<\/p><\/div><\/div>\t\t\t\t<\/div>\n\t\t\t\t<\/div>\n\t\t\t\t<\/div>\n\t\t<div class=\"elementor-element elementor-element-3ba6c7eb e-con-full e-flex e-con e-child\" data-id=\"3ba6c7eb\" data-element_type=\"container\" data-e-type=\"container\">\n\t\t\t\t<div class=\"elementor-element elementor-element-2b96f6c elementor-position-top elementor-widget elementor-widget-image-box\" data-id=\"2b96f6c\" data-element_type=\"widget\" data-e-type=\"widget\" data-widget_type=\"image-box.default\">\n\t\t\t\t<div class=\"elementor-widget-container\">\n\t\t\t\t\t<div class=\"elementor-image-box-wrapper\"><figure class=\"elementor-image-box-img\"><a href=\"#\" tabindex=\"-1\"><img loading=\"lazy\" decoding=\"async\" width=\"1536\" height=\"1920\" src=\"https:\/\/esportsplayerfoundation.org\/telekom-eacademy\/wp-content\/uploads\/sites\/3\/2026\/01\/eacademy-finals-63.jpg\" class=\"elementor-animation-grow attachment-full size-full wp-image-3803\" alt=\"\" srcset=\"https:\/\/esportsplayerfoundation.org\/telekom-eacademy\/wp-content\/uploads\/sites\/3\/2026\/01\/eacademy-finals-63.jpg 1536w, https:\/\/esportsplayerfoundation.org\/telekom-eacademy\/wp-content\/uploads\/sites\/3\/2026\/01\/eacademy-finals-63-240x300.jpg 240w, https:\/\/esportsplayerfoundation.org\/telekom-eacademy\/wp-content\/uploads\/sites\/3\/2026\/01\/eacademy-finals-63-819x1024.jpg 819w, https:\/\/esportsplayerfoundation.org\/telekom-eacademy\/wp-content\/uploads\/sites\/3\/2026\/01\/eacademy-finals-63-768x960.jpg 768w, https:\/\/esportsplayerfoundation.org\/telekom-eacademy\/wp-content\/uploads\/sites\/3\/2026\/01\/eacademy-finals-63-1229x1536.jpg 1229w\" sizes=\"(max-width: 1536px) 100vw, 1536px\" \/><\/a><\/figure><div class=\"elementor-image-box-content\"><h4 class=\"elementor-image-box-title\"><a href=\"#\">Unlucky<\/a><\/h4><p class=\"elementor-image-box-description\">Unlucky bewies sich in beiden Saisons der Telekom eAcademy und spielt nun mit seinem Team gegen die besten Esportler Europas.<\/p><\/div><\/div>\t\t\t\t<\/div>\n\t\t\t\t<\/div>\n\t\t\t\t<\/div>\n\t\t<div class=\"elementor-element elementor-element-62b92ccf e-con-full e-flex e-con e-child\" data-id=\"62b92ccf\" data-element_type=\"container\" data-e-type=\"container\">\n\t\t\t\t<div class=\"elementor-element elementor-element-b699ace elementor-position-top elementor-widget elementor-widget-image-box\" data-id=\"b699ace\" data-element_type=\"widget\" data-e-type=\"widget\" data-widget_type=\"image-box.default\">\n\t\t\t\t<div class=\"elementor-widget-container\">\n\t\t\t\t\t<div class=\"elementor-image-box-wrapper\"><figure class=\"elementor-image-box-img\"><a href=\"#\" tabindex=\"-1\"><img loading=\"lazy\" decoding=\"async\" width=\"1536\" height=\"1920\" src=\"https:\/\/esportsplayerfoundation.org\/telekom-eacademy\/wp-content\/uploads\/sites\/3\/2026\/01\/eAcademy-Finals-35.jpg\" class=\"elementor-animation-grow attachment-full size-full wp-image-3804\" alt=\"\" srcset=\"https:\/\/esportsplayerfoundation.org\/telekom-eacademy\/wp-content\/uploads\/sites\/3\/2026\/01\/eAcademy-Finals-35.jpg 1536w, https:\/\/esportsplayerfoundation.org\/telekom-eacademy\/wp-content\/uploads\/sites\/3\/2026\/01\/eAcademy-Finals-35-240x300.jpg 240w, https:\/\/esportsplayerfoundation.org\/telekom-eacademy\/wp-content\/uploads\/sites\/3\/2026\/01\/eAcademy-Finals-35-819x1024.jpg 819w, https:\/\/esportsplayerfoundation.org\/telekom-eacademy\/wp-content\/uploads\/sites\/3\/2026\/01\/eAcademy-Finals-35-768x960.jpg 768w, https:\/\/esportsplayerfoundation.org\/telekom-eacademy\/wp-content\/uploads\/sites\/3\/2026\/01\/eAcademy-Finals-35-1229x1536.jpg 1229w\" sizes=\"(max-width: 1536px) 100vw, 1536px\" \/><\/a><\/figure><div class=\"elementor-image-box-content\"><h4 class=\"elementor-image-box-title\"><a href=\"#\">Milo<\/a><\/h4><p class=\"elementor-image-box-description\">Milo ist ein aufstrebendes Talent, das gemeinsam mit Jason die erste Saison der Telekom eAcademy gewinnen konnte.<\/p><\/div><\/div>\t\t\t\t<\/div>\n\t\t\t\t<\/div>\n\t\t\t\t<\/div>\n\t\t\t\t<\/div>\n\t\t\t\t<\/div>\n\t\t\t\t<\/div>\n\t\t","protected":false},"excerpt":{"rendered":"<p>Proven in game. Die Hall of Fame ehrt die besten Spieler*innen und Teams der Telekom eAcademy, die mit Talent, Einsatz und Teamgeist Ma\u00dfst\u00e4be im Esports setzen. Ihre Leistungen stehen f\u00fcr konstante Entwicklung, Wettbewerbsst\u00e4rke und den Willen, sich auf h\u00f6chstem Niveau zu beweisen. Sie dienen als Vorbilder f\u00fcr kommende Generationen und zeigen, welches Potenzial in der&hellip;<\/p>\n","protected":false},"author":57,"featured_media":0,"parent":0,"menu_order":0,"comment_status":"closed","ping_status":"closed","template":"","meta":{"_acf_changed":false,"footnotes":""},"class_list":["post-3787","page","type-page","status-publish","hentry"],"acf":[],"_links":{"self":[{"href":"https:\/\/esportsplayerfoundation.org\/telekom-eacademy\/wp-json\/wp\/v2\/pages\/3787","targetHints":{"allow":["GET"]}}],"collection":[{"href":"https:\/\/esportsplayerfoundation.org\/telekom-eacademy\/wp-json\/wp\/v2\/pages"}],"about":[{"href":"https:\/\/esportsplayerfoundation.org\/telekom-eacademy\/wp-json\/wp\/v2\/types\/page"}],"author":[{"embeddable":true,"href":"https:\/\/esportsplayerfoundation.org\/telekom-eacademy\/wp-json\/wp\/v2\/users\/57"}],"replies":[{"embeddable":true,"href":"https:\/\/esportsplayerfoundation.org\/telekom-eacademy\/wp-json\/wp\/v2\/comments?post=3787"}],"version-history":[{"count":0,"href":"https:\/\/esportsplayerfoundation.org\/telekom-eacademy\/wp-json\/wp\/v2\/pages\/3787\/revisions"}],"wp:attachment":[{"href":"https:\/\/esportsplayerfoundation.org\/telekom-eacademy\/wp-json\/wp\/v2\/media?parent=3787"}],"curies":[{"name":"wp","href":"https:\/\/api.w.org\/{rel}","templated":true}]}}